{"id":167,"date":"2023-06-27T12:27:09","date_gmt":"2023-06-27T12:27:09","guid":{"rendered":"https:\/\/straight-soules-cx.zipwp.link\/?page_id=167"},"modified":"2024-05-14T04:46:07","modified_gmt":"2024-05-14T04:46:07","slug":"offerings","status":"publish","type":"page","link":"https:\/\/tryvary.com\/vi\/le-vat\/","title":{"rendered":"D\u1ecbch v\u1ee5 c\u1ee7a ch\u00fang t\u00f4i"},"content":{"rendered":"<div class=\"wp-block-uagb-container uagb-block-6803eae3 alignfull uagb-is-root-container\"><div class=\"uagb-container-inner-blocks-wrap\">\n<div class=\"wp-block-uagb-advanced-heading uagb-block-a2f9964e\"><h1 class=\"uagb-heading-text\">Gi\u1ea3i ph\u00e1p PCB ch\u1ea5t l\u01b0\u1ee3ng<\/h1><\/div>\n<\/div><\/div>\n\n\n\n<div class=\"wp-block-uagb-container uagb-block-623363c6 alignfull uagb-is-root-container\"><div class=\"uagb-container-inner-blocks-wrap\">\n<div class=\"wp-block-uagb-info-box uagb-block-3801b6ed uagb-infobox__content-wrap  uagb-infobox-icon-above-title uagb-infobox-image-valign-top\"><div class=\"uagb-ifb-content\"><div class=\"uagb-ifb-title-wrap\"><h2 class=\"uagb-ifb-title\">C\u00e1c d\u1ecbch v\u1ee5 ch\u00ednh ch\u00fang t\u00f4i cung c\u1ea5p<\/h2><\/div><p class=\"uagb-ifb-desc\">Kh\u00e1m ph\u00e1 c\u00e1c gi\u1ea3i ph\u00e1p s\u1ea3n xu\u1ea5t \u0111i\u1ec7n t\u1eed ch\u00ednh c\u1ee7a ch\u00fang t\u00f4i \u0111\u01b0\u1ee3c thi\u1ebft k\u1ebf \u0111\u1ec3 mang l\u1ea1i \u0111\u1ed9 tin c\u1eady v\u00e0 hi\u1ec7u qu\u1ea3.<\/p><\/div><\/div>\n\n\n\n<div class=\"wp-block-uagb-container uagb-block-e91230d3\">\n<div class=\"wp-block-uagb-container uagb-block-b46395ef\">\n<div class=\"wp-block-uagb-image alignleft uagb-block-4ff9da3f wp-block-uagb-image--layout-default wp-block-uagb-image--effect-static wp-block-uagb-image--align-left\"><figure class=\"wp-block-uagb-image__figure\"><img decoding=\"async\" srcset=\"https:\/\/tryvary.com\/wp-content\/uploads\/2024\/05\/zipwp-image-6755059.jpeg ,https:\/\/tryvary.com\/wp-content\/uploads\/2024\/05\/zipwp-image-6755059.jpeg 780w, https:\/\/tryvary.com\/wp-content\/uploads\/2024\/05\/zipwp-image-6755059.jpeg 360w\" sizes=\"auto, (max-width: 480px) 150px\" src=\"https:\/\/tryvary.com\/wp-content\/uploads\/2024\/05\/zipwp-image-6755059.jpeg\" alt=\"\" class=\"uag-image-1503\" width=\"560\" height=\"500\" title=\"\" loading=\"lazy\" role=\"img\"\/><\/figure><\/div>\n<\/div>\n\n\n\n<div class=\"wp-block-uagb-container uagb-block-7621abb2\">\n<div class=\"wp-block-uagb-info-box uagb-block-f3d2d6b2 uagb-infobox__content-wrap  uagb-infobox-icon-above-title uagb-infobox-image-valign-top\"><div class=\"uagb-ifb-content\"><div class=\"uagb-ifb-title-wrap\"><span class=\"uagb-ifb-title-prefix\">01<\/span><h3 class=\"uagb-ifb-title\">S\u1ea3n xu\u1ea5t PCB<\/h3><\/div><p class=\"uagb-ifb-desc\">B\u1ea3ng m\u1ea1ch in ch\u1ea5t l\u01b0\u1ee3ng cao c\u1ee7a ch\u00fang t\u00f4i \u0111\u01b0\u1ee3c ch\u1ebf t\u1ea1o t\u1ec9 m\u1ec9 \u0111\u1ec3 \u0111\u00e1p \u1ee9ng c\u00e1c th\u00f4ng s\u1ed1 k\u1ef9 thu\u1eadt ch\u00ednh x\u00e1c c\u1ee7a t\u1eebng kh\u00e1ch h\u00e0ng, \u0111\u1ea3m b\u1ea3o hi\u1ec7u su\u1ea5t v\u00e0 \u0111\u1ed9 b\u1ec1n v\u01b0\u1ee3t tr\u1ed9i.<\/p><div class=\"uagb-ifb-button-wrapper wp-block-button\"><a href=\"https:\/\/tryvary.com\/vi\/lien-he\/\" class=\"uagb-infobox-cta-link wp-block-button__link\" target=\"_self\" rel=\"noopener noreferrer\" onclick=\"return true;\" alt=\"\"><span class=\"uagb-inline-editing\">B\u1eaft \u0111\u1ea7u<\/span><\/a><\/div><\/div><\/div>\n<\/div>\n<\/div>\n\n\n\n<div class=\"wp-block-uagb-container uagb-block-3893b8aa\">\n<div class=\"wp-block-uagb-container uagb-block-b02b419f\">\n<div class=\"wp-block-uagb-image alignright uagb-block-2622f629 wp-block-uagb-image--layout-default wp-block-uagb-image--effect-static wp-block-uagb-image--align-right\"><figure class=\"wp-block-uagb-image__figure\"><img decoding=\"async\" srcset=\"https:\/\/tryvary.com\/wp-content\/uploads\/2024\/05\/zipwp-image-16647936.jpeg ,https:\/\/tryvary.com\/wp-content\/uploads\/2024\/05\/zipwp-image-16647936.jpeg 780w, https:\/\/tryvary.com\/wp-content\/uploads\/2024\/05\/zipwp-image-16647936.jpeg 360w\" sizes=\"auto, (max-width: 480px) 150px\" src=\"https:\/\/tryvary.com\/wp-content\/uploads\/2024\/05\/zipwp-image-16647936.jpeg\" alt=\"\" class=\"uag-image-1502\" width=\"560\" height=\"500\" title=\"\" loading=\"lazy\" role=\"img\"\/><\/figure><\/div>\n<\/div>\n\n\n\n<div class=\"wp-block-uagb-container uagb-block-862a6668\">\n<div class=\"wp-block-uagb-info-box uagb-block-411c16f4 uagb-infobox__content-wrap  uagb-infobox-icon-above-title uagb-infobox-image-valign-top\"><div class=\"uagb-ifb-content\"><div class=\"uagb-ifb-title-wrap\"><span class=\"uagb-ifb-title-prefix\">02<\/span><h3 class=\"uagb-ifb-title\">H\u1ed9i \u0111\u1ed3ng PCB<\/h3><\/div><p class=\"uagb-ifb-desc\">\u0110\u1ed1i v\u1edbi c\u00e1c gi\u1ea3i ph\u00e1p \u0111i\u1ec7n t\u1eed to\u00e0n di\u1ec7n, c\u00e1c t\u1ed5 h\u1ee3p PCB c\u1ee7a ch\u00fang t\u00f4i t\u00edch h\u1ee3p c\u00e1c th\u00e0nh ph\u1ea7n m\u1ed9t c\u00e1ch li\u1ec1n m\u1ea1ch, mang l\u1ea1i s\u1ea3n ph\u1ea9m cu\u1ed1i c\u00f9ng c\u00f3 ch\u1ee9c n\u0103ng v\u00e0 \u0111\u00e1ng tin c\u1eady.<\/p><div class=\"uagb-ifb-button-wrapper wp-block-button\"><a href=\"https:\/\/tryvary.com\/vi\/lien-he\/\" class=\"uagb-infobox-cta-link wp-block-button__link\" target=\"_self\" rel=\"noopener noreferrer\" onclick=\"return true;\" alt=\"\"><span class=\"uagb-inline-editing\">B\u1eaft \u0111\u1ea7u<\/span><\/a><\/div><\/div><\/div>\n<\/div>\n<\/div>\n\n\n\n<div class=\"wp-block-uagb-container uagb-block-64c2a67e\">\n<div class=\"wp-block-uagb-container uagb-block-3fbfeeed\">\n<div class=\"wp-block-uagb-image alignleft uagb-block-5517d747 wp-block-uagb-image--layout-default wp-block-uagb-image--effect-static wp-block-uagb-image--align-left\"><figure class=\"wp-block-uagb-image__figure\"><img decoding=\"async\" srcset=\"https:\/\/tryvary.com\/wp-content\/uploads\/2024\/05\/zipwp-image-18734769.jpeg ,https:\/\/tryvary.com\/wp-content\/uploads\/2024\/05\/zipwp-image-18734769.jpeg 780w, https:\/\/tryvary.com\/wp-content\/uploads\/2024\/05\/zipwp-image-18734769.jpeg 360w\" sizes=\"auto, (max-width: 480px) 150px\" src=\"https:\/\/tryvary.com\/wp-content\/uploads\/2024\/05\/zipwp-image-18734769.jpeg\" alt=\"\" class=\"uag-image-1506\" width=\"560\" height=\"500\" title=\"\" loading=\"lazy\" role=\"img\"\/><\/figure><\/div>\n<\/div>\n\n\n\n<div class=\"wp-block-uagb-container uagb-block-4906a1e2\">\n<div class=\"wp-block-uagb-info-box uagb-block-b2c48bb3 uagb-infobox__content-wrap  uagb-infobox-icon-above-title uagb-infobox-image-valign-top\"><div class=\"uagb-ifb-content\"><div class=\"uagb-ifb-title-wrap\"><span class=\"uagb-ifb-title-prefix\">03<\/span><h3 class=\"uagb-ifb-title\">Thi\u1ebft k\u1ebf t\u00f9y ch\u1ec9nh<\/h3><\/div><p class=\"uagb-ifb-desc\">Tr\u1ea3i nghi\u1ec7m c\u00e1c d\u1ecbch v\u1ee5 s\u1ea3n xu\u1ea5t PCB chuy\u00ean d\u1ee5ng c\u1ee7a ch\u00fang t\u00f4i ph\u1ee5c v\u1ee5 cho nhi\u1ec1u ng\u00e0nh c\u00f4ng nghi\u1ec7p, cung c\u1ea5p c\u00e1c gi\u1ea3i ph\u00e1p ph\u00f9 h\u1ee3p cho c\u00e1c nhu c\u1ea7u \u0111i\u1ec7n t\u1eed \u0111a d\u1ea1ng.<\/p><div class=\"uagb-ifb-button-wrapper wp-block-button\"><a href=\"https:\/\/tryvary.com\/vi\/lien-he\/\" class=\"uagb-infobox-cta-link wp-block-button__link\" target=\"_self\" rel=\"noopener noreferrer\" onclick=\"return true;\" alt=\"\"><span class=\"uagb-inline-editing\">B\u1eaft \u0111\u1ea7u<\/span><\/a><\/div><\/div><\/div>\n<\/div>\n<\/div>\n<\/div><\/div>\n\n\n\n<div class=\"wp-block-uagb-container uagb-block-407e9912 alignfull uagb-is-root-container\"><div class=\"uagb-container-inner-blocks-wrap\">\n<div class=\"wp-block-uagb-testimonial uagb-slick-carousel uagb-tm__arrow-outside uagb-block-63d6bdbb uagb-post__carousel_notset uagb-post__carousel_notset-tablet uagb-post__carousel_notset-mobile\"><div class=\"is-carousel uagb-tm__columns-1 uagb-tm__items\"><div class=\"uagb-testimonial__wrap  uagb-tm__imgicon-style-circle uagb-tm__image-position-top uagb-tm__bg-type-none\"><div class=\"uagb-tm__content\"><div class=\"uagb-tm__overlay\"><\/div><div class=\"uagb-tm__image-content\"><div class=\"uagb-tm__image\"><img decoding=\"async\" class=\"uagb-tm-img-src\" src=\"https:\/\/tryvary.com\/wp-content\/uploads\/2023\/08\/testimonial-skip-02.jpeg\" alt=\"\" width=\"60\" height=\"60\" loading=\"lazy\"\/><\/div><\/div><div class=\"uagb-tm__text-wrap\"><div class=\"uagb-tm__desc\">TryVary v\u01b0\u1ee3t qu\u00e1 mong \u0111\u1ee3i c\u1ee7a ch\u00fang t\u00f4i v\u1edbi d\u1ecbch v\u1ee5 nhanh ch\u00f3ng v\u00e0 ch\u1ea5t l\u01b0\u1ee3ng v\u01b0\u1ee3t tr\u1ed9i. Ch\u00fang t\u00f4i r\u1ea5t vui m\u1eebng v\u1edbi k\u1ebft qu\u1ea3.<\/div><div class=\"uagb-tm__meta-inner\"><div class=\"uagb-testimonial-details\"><span class=\"uagb-tm__author-name\">Sophia Lee<\/span><span class=\"uagb-tm__company\"><\/span><\/div><\/div><\/div><\/div><\/div><\/div><\/div>\n<\/div><\/div>\n\n\n\n<div class=\"wp-block-uagb-container uagb-block-c6476a98 alignfull uagb-is-root-container\"><div class=\"uagb-container-inner-blocks-wrap\">\n<div class=\"wp-block-uagb-container uagb-block-499f3e2a\">\n<div class=\"wp-block-uagb-advanced-heading uagb-block-6fe09642\"><h2 class=\"uagb-heading-text\">\u0110\u1ec1 xu\u1ea5t gi\u00e1 tr\u1ecb \u0111\u1ed9c \u0111\u00e1o c\u1ee7a ch\u00fang t\u00f4i<\/h2><\/div>\n\n\n\n<div class=\"wp-block-uagb-advanced-heading uagb-block-72279faa\"><p class=\"uagb-heading-text\">T\u1ea1i TryVary, ch\u00fang t\u00f4i \u0111\u1ea3m b\u1ea3o d\u1ecbch v\u1ee5 nhanh ch\u00f3ng, gi\u00e1 c\u1ea3 c\u1ea1nh tranh v\u00e0 s\u1ef1 xu\u1ea5t s\u1eafc trong s\u1ea3n xu\u1ea5t PCB \u0111\u1ec3 \u0111\u00e1p \u1ee9ng nhu c\u1ea7u \u0111i\u1ec7n t\u1eed c\u1ee7a b\u1ea1n.<\/p><\/div>\n<\/div>\n\n\n\n<div class=\"wp-block-uagb-container uagb-block-8c7963ad\">\n<div class=\"wp-block-uagb-container uagb-block-918d0378\">\n<div class=\"wp-block-uagb-image uagb-block-0a080123 wp-block-uagb-image--layout-default wp-block-uagb-image--effect-static wp-block-uagb-image--align-none\"><figure class=\"wp-block-uagb-image__figure\"><img decoding=\"async\" srcset=\"https:\/\/tryvary.com\/wp-content\/uploads\/2024\/05\/zipwp-image-20031379.jpeg ,https:\/\/tryvary.com\/wp-content\/uploads\/2024\/05\/zipwp-image-20031379.jpeg 780w, https:\/\/tryvary.com\/wp-content\/uploads\/2024\/05\/zipwp-image-20031379.jpeg 360w\" sizes=\"auto, (max-width: 480px) 150px\" src=\"https:\/\/tryvary.com\/wp-content\/uploads\/2024\/05\/zipwp-image-20031379.jpeg\" alt=\"\" class=\"uag-image-1504\" width=\"560\" height=\"450\" title=\"\" loading=\"lazy\" role=\"img\"\/><\/figure><\/div>\n\n\n\n<div class=\"wp-block-uagb-advanced-heading uagb-block-53687665\"><h3 class=\"uagb-heading-text\">D\u1ecbch v\u1ee5 \u0111\u00e1ng tin c\u1eady<\/h3><p class=\"uagb-desc-text\">Ch\u00fang t\u00f4i \u0111\u1ea3m b\u1ea3o d\u1ecbch v\u1ee5 nhanh ch\u00f3ng v\u00e0 c\u00e1c gi\u1ea3i ph\u00e1p \u0111i\u1ec7n t\u1eed \u0111\u00e1ng tin c\u1eady, \u0111\u1ea3m b\u1ea3o c\u00e1c d\u1ef1 \u00e1n c\u1ee7a b\u1ea1n \u0111\u01b0\u1ee3c giao \u0111\u00fang th\u1eddi gian v\u00e0 trong ng\u00e2n s\u00e1ch.<\/p><\/div>\n<\/div>\n\n\n\n<div class=\"wp-block-uagb-container uagb-block-a2b4d0ac\">\n<div class=\"wp-block-uagb-image alignleft uagb-block-7a16e14f wp-block-uagb-image--layout-default wp-block-uagb-image--effect-static wp-block-uagb-image--align-left\"><figure class=\"wp-block-uagb-image__figure\"><img decoding=\"async\" srcset=\"https:\/\/tryvary.com\/wp-content\/uploads\/2024\/05\/zipwp-image-159220.jpeg ,https:\/\/tryvary.com\/wp-content\/uploads\/2024\/05\/zipwp-image-159220.jpeg 780w, https:\/\/tryvary.com\/wp-content\/uploads\/2024\/05\/zipwp-image-159220.jpeg 360w\" sizes=\"auto, (max-width: 480px) 150px\" src=\"https:\/\/tryvary.com\/wp-content\/uploads\/2024\/05\/zipwp-image-159220.jpeg\" alt=\"\" class=\"uag-image-1505\" width=\"560\" height=\"450\" title=\"\" loading=\"lazy\" role=\"img\"\/><\/figure><\/div>\n\n\n\n<div class=\"wp-block-uagb-advanced-heading uagb-block-c5a580ac\"><h3 class=\"uagb-heading-text\">Ph\u1ea1m vi to\u00e0n c\u1ea7u<\/h3><p class=\"uagb-desc-text\">V\u1edbi kh\u00e1ch h\u00e0ng tr\u00ean to\u00e0n th\u1ebf gi\u1edbi, ch\u00fang t\u00f4i cung c\u1ea5p gi\u00e1 c\u1ea3 c\u1ea1nh tranh v\u00e0 d\u1ecbch v\u1ee5 kh\u00e1ch h\u00e0ng \u0111\u00e1p \u1ee9ng \u0111\u1ec3 h\u1ed7 tr\u1ee3 nhu c\u1ea7u s\u1ea3n xu\u1ea5t \u0111i\u1ec7n t\u1eed c\u1ee7a b\u1ea1n.<\/p><\/div>\n<\/div>\n<\/div>\n<\/div><\/div>\n\n\n\n<div class=\"wp-block-uagb-container uagb-block-c84325e4 alignfull uagb-is-root-container\"><div class=\"uagb-container-inner-blocks-wrap\">\n<div class=\"wp-block-uagb-info-box uagb-block-d8a09d88 uagb-infobox__content-wrap  uagb-infobox-icon-above-title uagb-infobox-image-valign-top\"><div class=\"uagb-ifb-content\"><div class=\"uagb-ifb-title-wrap\"><h2 class=\"uagb-ifb-title\">S\u1eb5n s\u00e0ng h\u1ee3p t\u00e1c v\u1edbi ch\u00fang t\u00f4i?<\/h2><\/div><p class=\"uagb-ifb-desc\">Li\u00ean h\u1ec7 v\u1edbi ch\u00fang t\u00f4i ngay h\u00f4m nay \u0111\u1ec3 th\u1ea3o lu\u1eadn v\u1ec1 c\u00e1c y\u00eau c\u1ea7u PCB c\u1ee7a b\u1ea1n v\u00e0 tr\u1ea3i nghi\u1ec7m s\u1ef1 xu\u1ea5t s\u1eafc c\u1ee7a c\u00e1c d\u1ecbch v\u1ee5 s\u1ea3n xu\u1ea5t c\u1ee7a TryVary.<\/p><div class=\"uagb-ifb-button-wrapper wp-block-button\"><a href=\"https:\/\/tryvary.com\/vi\/lien-he\/\" class=\"uagb-infobox-cta-link wp-block-button__link\" target=\"_self\" rel=\"noopener noreferrer\" onclick=\"return true;\" alt=\"\"><span class=\"uagb-inline-editing\">Nh\u1eadn b\u00e1o gi\u00e1<\/span><\/a><\/div><\/div><\/div>\n<\/div><\/div>","protected":false},"excerpt":{"rendered":"<p>Gi\u1ea3i ph\u00e1p PCB ch\u1ea5t l\u01b0\u1ee3ng Gi\u00e1 tr\u1ecb \u0111\u1ed9c \u0111\u00e1o c\u1ee7a ch\u00fang t\u00f4i T\u1ea1i TryVary, ch\u00fang t\u00f4i \u0111\u1ea3m b\u1ea3o d\u1ecbch v\u1ee5 nhanh ch\u00f3ng, gi\u00e1 c\u1ea3 c\u1ea1nh tranh v\u00e0 s\u1ef1 xu\u1ea5t s\u1eafc trong s\u1ea3n xu\u1ea5t PCB [\u2026]<\/p>","protected":false},"author":9,"featured_media":0,"parent":0,"menu_order":0,"comment_status":"closed","ping_status":"closed","template":"","meta":{"_uag_custom_page_level_css":"","site-sidebar-layout":"default","site-content-layout":"","ast-site-content-layout":"default","site-content-style":"default","site-sidebar-style":"default","ast-global-header-display":"","ast-banner-title-visibility":"","ast-main-header-display":"","ast-hfb-above-header-display":"","ast-hfb-below-header-display":"","ast-hfb-mobile-header-display":"","site-post-title":"disabled","ast-breadcrumbs-content":"","ast-featured-img":"","footer-sml-layout":"","ast-disable-related-posts":"","theme-transparent-header-meta":"enabled","adv-header-id-meta":"","stick-header-meta":"","header-above-stick-meta":"","header-main-stick-meta":"","header-below-stick-meta":"","astra-migrate-meta-layouts":"set","ast-page-background-enabled":"default","ast-page-background-meta":{"desktop":{"background-color":"var(--ast-global-color-4)","background-image":"","background-repeat":"repeat","background-position":"center center","background-size":"auto","background-attachment":"scroll","background-type":"","background-media":"","overlay-type":"","overlay-color":"","overlay-opacity":"","overlay-gradient":""},"tablet":{"background-color":"","background-image":"","background-repeat":"repeat","background-position":"center center","background-size":"auto","background-attachment":"scroll","background-type":"","background-media":"","overlay-type":"","overlay-color":"","overlay-opacity":"","overlay-gradient":""},"mobile":{"background-color":"","background-image":"","background-repeat":"repeat","background-position":"center center","background-size":"auto","background-attachment":"scroll","background-type":"","background-media":"","overlay-type":"","overlay-color":"","overlay-opacity":"","overlay-gradient":""}},"ast-content-background-meta":{"desktop":{"background-color":"var(--ast-global-color-5)","background-image":"","background-repeat":"repeat","background-position":"center center","background-size":"auto","background-attachment":"scroll","background-type":"","background-media":"","overlay-type":"","overlay-color":"","overlay-opacity":"","overlay-gradient":""},"tablet":{"background-color":"var(--ast-global-color-5)","background-image":"","background-repeat":"repeat","background-position":"center center","background-size":"auto","background-attachment":"scroll","background-type":"","background-media":"","overlay-type":"","overlay-color":"","overlay-opacity":"","overlay-gradient":""},"mobile":{"background-color":"var(--ast-global-color-5)","background-image":"","background-repeat":"repeat","background-position":"center center","background-size":"auto","background-attachment":"scroll","background-type":"","background-media":"","overlay-type":"","overlay-color":"","overlay-opacity":"","overlay-gradient":""}},"footnotes":""},"class_list":["post-167","page","type-page","status-publish","hentry"],"uagb_featured_image_src":{"full":false,"thumbnail":false,"medium":false,"medium_large":false,"large":false,"1536x1536":false,"2048x2048":false,"trp-custom-language-flag":false},"uagb_author_info":{"display_name":"Ben Lau","author_link":"https:\/\/tryvary.com\/vi\/author\/wsbpmbzuog4q\/"},"uagb_comment_info":0,"uagb_excerpt":"Quality PCB Solutions Our Unique Value Proposition At TryVary, we guarantee swift service, competitive pricing, and excellence in PCB manufacturing [&hellip;]","_links":{"self":[{"href":"https:\/\/tryvary.com\/vi\/wp-json\/wp\/v2\/pages\/167","targetHints":{"allow":["GET"]}}],"collection":[{"href":"https:\/\/tryvary.com\/vi\/wp-json\/wp\/v2\/pages"}],"about":[{"href":"https:\/\/tryvary.com\/vi\/wp-json\/wp\/v2\/types\/page"}],"author":[{"embeddable":true,"href":"https:\/\/tryvary.com\/vi\/wp-json\/wp\/v2\/users\/9"}],"replies":[{"embeddable":true,"href":"https:\/\/tryvary.com\/vi\/wp-json\/wp\/v2\/comments?post=167"}],"version-history":[{"count":3,"href":"https:\/\/tryvary.com\/vi\/wp-json\/wp\/v2\/pages\/167\/revisions"}],"predecessor-version":[{"id":1522,"href":"https:\/\/tryvary.com\/vi\/wp-json\/wp\/v2\/pages\/167\/revisions\/1522"}],"wp:attachment":[{"href":"https:\/\/tryvary.com\/vi\/wp-json\/wp\/v2\/media?parent=167"}],"curies":[{"name":"wp","href":"https:\/\/api.w.org\/{rel}","templated":true}]}}