{"id":118,"date":"2023-06-27T09:35:35","date_gmt":"2023-06-27T09:35:35","guid":{"rendered":"https:\/\/straight-soules-cx.zipwp.link\/?page_id=118"},"modified":"2024-05-25T10:37:32","modified_gmt":"2024-05-25T10:37:32","slug":"about","status":"publish","type":"page","link":"https:\/\/tryvary.com\/vi\/ve\/","title":{"rendered":"V\u1ec1"},"content":{"rendered":"<div class=\"wp-block-uagb-container uagb-block-7fa683e6 alignfull uagb-is-root-container\"><div class=\"uagb-container-inner-blocks-wrap\">\n<div class=\"wp-block-uagb-advanced-heading uagb-block-74b342eb\"><h1 class=\"uagb-heading-text\">S\u1ef1 xu\u1ea5t s\u1eafc trong PCB<\/h1><\/div>\n<\/div><\/div>\n\n\n\n<div class=\"wp-block-uagb-container uagb-block-94ded581 alignfull uagb-is-root-container\"><div class=\"uagb-container-inner-blocks-wrap\">\n<div class=\"wp-block-uagb-advanced-heading uagb-block-671f3570\"><h2 class=\"uagb-heading-text\">C\u00e2u chuy\u1ec7n c\u1ee7a ch\u00fang ta<\/h2><\/div>\n\n\n\n<div class=\"wp-block-uagb-container uagb-block-21891d52\">\n<div class=\"wp-block-uagb-container uagb-block-8a4a99e4\">\n<div class=\"wp-block-uagb-image alignleft uagb-block-e71a6b83 wp-block-uagb-image--layout-default wp-block-uagb-image--effect-static wp-block-uagb-image--align-left\"><figure class=\"wp-block-uagb-image__figure\"><img decoding=\"async\" srcset=\"https:\/\/tryvary.com\/wp-content\/uploads\/2024\/05\/zipwp-image-16647936.jpeg ,https:\/\/tryvary.com\/wp-content\/uploads\/2024\/05\/zipwp-image-16647936.jpeg 780w\" sizes=\"auto, (max-width: 480px) 150px\" src=\"https:\/\/tryvary.com\/wp-content\/uploads\/2024\/05\/zipwp-image-16647936.jpeg\" alt=\"\" class=\"uag-image-1502\" width=\"526\" height=\"536\" title=\"\" loading=\"lazy\" role=\"img\"\/><\/figure><\/div>\n<\/div>\n\n\n\n<div class=\"wp-block-uagb-container uagb-block-7e959f87\">\n<div class=\"wp-block-uagb-info-box uagb-block-4960c374 uagb-infobox__content-wrap  uagb-infobox-icon-above-title uagb-infobox-image-valign-top\"><div class=\"uagb-ifb-content\"><div class=\"uagb-ifb-title-wrap\"><h3 class=\"uagb-ifb-title\">TryVary t\u1ef1 h\u00e0o v\u1ec1 vi\u1ec7c cung c\u1ea5p c\u00e1c gi\u1ea3i ph\u00e1p \u0111i\u1ec7n t\u1eed \u0111\u00e1ng tin c\u1eady v\u00e0 hi\u1ec7u qu\u1ea3 cho kh\u00e1ch h\u00e0ng tr\u00ean to\u00e0n th\u1ebf gi\u1edbi. C\u00f4ng ty \u0111\u01b0\u1ee3c bi\u1ebft \u0111\u1ebfn v\u1edbi d\u1ecbch v\u1ee5 nhanh ch\u00f3ng v\u00e0 gi\u00e1 c\u1ea3 c\u1ea1nh tranh.<\/h3><\/div><p class=\"uagb-ifb-desc\">\u0110\u01b0\u1ee3c th\u00e0nh l\u1eadp v\u1edbi t\u1ea7m nh\u00ecn cung c\u1ea5p c\u00e1c d\u1ecbch v\u1ee5 s\u1ea3n xu\u1ea5t PCB h\u00e0ng \u0111\u1ea7u, TryVary b\u1eaft \u0111\u1ea7u h\u00e0nh tr\u00ecnh c\u1ee7a m\u00ecnh v\u1edbi cam k\u1ebft h\u01b0\u1edbng \u0111\u1ebfn s\u1ef1 xu\u1ea5t s\u1eafc. T\u1ea1i TryVary, ch\u00fang t\u00f4i t\u1ef1 h\u00e0o v\u1ec1 vi\u1ec7c t\u1ea1o ra <br><br>c\u00e1c gi\u1ea3i ph\u00e1p k\u1ef9 thu\u1eadt s\u1ed1 ti\u00ean ti\u1ebfn gi\u00fap n\u00e2ng cao tr\u1ea3i nghi\u1ec7m ng\u01b0\u1eddi d\u00f9ng v\u00e0 \u0111\u01a1n gi\u1ea3n h\u00f3a c\u00e1c c\u00f4ng vi\u1ec7c h\u00e0ng ng\u00e0y. \u0110\u1ed9i ng\u0169 chuy\u00ean gia t\u1eadn t\u00e2m c\u1ee7a ch\u00fang t\u00f4i \u0111\u00e3 ph\u00e1t tri\u1ec3n c\u00e1c \u1ee9ng d\u1ee5ng v\u00e0 n\u1ec1n t\u1ea3ng ch\u1ea5t l\u01b0\u1ee3ng cao, bao g\u1ed3m c\u1ea3 n\u1ec1n t\u1ea3ng Proudly n\u1ed5i ti\u1ebfng, \u0111\u01b0\u1ee3c c\u00e1c c\u00f4ng ty nh\u01b0 Xiaomi s\u1eed d\u1ee5ng.<br><br>Hi\u1ec7n t\u1ea1i, sau khi \u0111\u01b0\u1ee3c Foundy Company mua l\u1ea1i, TryVary \u0111\u00e3 ch\u00ednh th\u1ee9c chuy\u1ec3n sang t\u1eadp trung s\u1ea3n xu\u1ea5t PCB. Ch\u00fang t\u00f4i ch\u1ecbu tr\u00e1ch nhi\u1ec7m ph\u00e1t tri\u1ec3n v\u00e0 qu\u1ea3n l\u00fd c\u00e1c quy tr\u00ecnh ti\u00ean ti\u1ebfn li\u00ean quan \u0111\u1ebfn vi\u1ec7c t\u1ea1o ra PCB ch\u1ea5t l\u01b0\u1ee3ng cao, ti\u1ebfp n\u1ed1i di s\u1ea3n \u0111\u1ed5i m\u1edbi v\u00e0 ch\u1ea5t l\u01b0\u1ee3ng c\u1ee7a ch\u00fang t\u00f4i.<br><br>TryVary \u0111\u00e3 ph\u1ee5c v\u1ee5 nhi\u1ec1u kh\u00e1ch h\u00e0ng kh\u00e1c nhau tr\u00ean to\u00e0n th\u1ebf gi\u1edbi, ph\u1ee5c v\u1ee5 cho c\u00e1c ng\u00e0nh nh\u01b0 vi\u1ec5n th\u00f4ng, \u00f4 t\u00f4, h\u00e0ng kh\u00f4ng v\u0169 tr\u1ee5, v.v.<\/p><\/div><\/div>\n<\/div>\n<\/div>\n<\/div><\/div>\n\n\n\n<div class=\"wp-block-uagb-container uagb-block-cc344175 alignfull uagb-is-root-container\"><div class=\"uagb-container-inner-blocks-wrap\">\n<div class=\"wp-block-uagb-advanced-heading uagb-block-7b2294a3\"><h2 class=\"uagb-heading-text\">Gi\u00e1 tr\u1ecb c\u1ed1t l\u00f5i c\u1ee7a ch\u00fang t\u00f4i<\/h2><p class=\"uagb-desc-text\">C\u00e1c nguy\u00ean t\u1eafc \u0111\u1ecbnh h\u01b0\u1edbng x\u00e1c \u0111\u1ecbnh cam k\u1ebft c\u1ee7a Try Vary v\u1ec1 ch\u1ea5t l\u01b0\u1ee3ng v\u00e0 d\u1ecbch v\u1ee5 xu\u1ea5t s\u1eafc<\/p><\/div>\n\n\n\n<div class=\"wp-block-uagb-container uagb-block-ecb8dade\">\n<div class=\"wp-block-uagb-advanced-heading uagb-block-bef7d43a\"><h3 class=\"uagb-heading-text\">Ch\u1ea5t l\u01b0\u1ee3ng<\/h3><p class=\"uagb-desc-text\">Ch\u00fang t\u00f4i \u01b0u ti\u00ean ch\u1ea5t l\u01b0\u1ee3ng \u1edf m\u1ecdi b\u01b0\u1edbc c\u1ee7a quy tr\u00ecnh s\u1ea3n xu\u1ea5t, \u0111\u1ea3m b\u1ea3o r\u1eb1ng m\u1ed7i s\u1ea3n ph\u1ea9m PCB \u0111\u1ec1u \u0111\u00e1p \u1ee9ng c\u00e1c ti\u00eau chu\u1ea9n xu\u1ea5t s\u1eafc cao nh\u1ea5t.<\/p><\/div>\n\n\n\n<div class=\"wp-block-uagb-advanced-heading uagb-block-b863782d\"><h3 class=\"uagb-heading-text\">\u0111\u1ed9 tin c\u1eady<\/h3><p class=\"uagb-desc-text\">Cam k\u1ebft c\u1ee7a ch\u00fang t\u00f4i v\u1ec1 \u0111\u1ed9 tin c\u1eady l\u00e0 kh\u00f4ng lay chuy\u1ec3n. Kh\u00e1ch h\u00e0ng tin t\u01b0\u1edfng Try Vary \u0111\u1ec3 c\u00f3 c\u00e1c gi\u1ea3i ph\u00e1p \u0111i\u1ec7n t\u1eed nh\u1ea5t qu\u00e1n, \u0111\u00e1ng tin c\u1eady \u0111\u00e1p \u1ee9ng nhu c\u1ea7u c\u1ee7a h\u1ecd.<\/p><\/div>\n\n\n\n<div class=\"wp-block-uagb-advanced-heading uagb-block-9f890ad2\"><h3 class=\"uagb-heading-text\">S\u1ef1 \u0111\u1ed5i m\u1edbi<\/h3><p class=\"uagb-desc-text\">T\u1ea1i Try Vary, s\u1ef1 \u0111\u1ed5i m\u1edbi th\u00fac \u0111\u1ea9y m\u1ecdi vi\u1ec7c ch\u00fang t\u00f4i l\u00e0m. Ch\u00fang t\u00f4i li\u00ean t\u1ee5c v\u01b0\u1ee3t qua c\u00e1c ranh gi\u1edbi \u0111\u1ec3 n\u00e2ng cao c\u00e1c quy tr\u00ecnh v\u00e0 gi\u1ea3i ph\u00e1p s\u1ea3n xu\u1ea5t PCB c\u1ee7a m\u00ecnh.<\/p><\/div>\n<\/div>\n<\/div><\/div>\n\n\n\n<div class=\"wp-block-uagb-container uagb-block-c84325e4 alignfull uagb-is-root-container\"><div class=\"uagb-container-inner-blocks-wrap\">\n<div class=\"wp-block-uagb-info-box uagb-block-d8a09d88 uagb-infobox__content-wrap  uagb-infobox-icon-above-title uagb-infobox-image-valign-top\"><div class=\"uagb-ifb-content\"><div class=\"uagb-ifb-title-wrap\"><h2 class=\"uagb-ifb-title\">S\u1eb5n s\u00e0ng h\u1ee3p t\u00e1c v\u1edbi ch\u00fang t\u00f4i?<\/h2><\/div><p class=\"uagb-ifb-desc\">Li\u00ean h\u1ec7 v\u1edbi ch\u00fang t\u00f4i ngay h\u00f4m nay \u0111\u1ec3 th\u1ea3o lu\u1eadn v\u1ec1 c\u00e1c y\u00eau c\u1ea7u PCB c\u1ee7a b\u1ea1n v\u00e0 tr\u1ea3i nghi\u1ec7m s\u1ef1 xu\u1ea5t s\u1eafc c\u1ee7a c\u00e1c d\u1ecbch v\u1ee5 s\u1ea3n xu\u1ea5t c\u1ee7a TryVary.<\/p><div class=\"uagb-ifb-button-wrapper wp-block-button\"><a href=\"https:\/\/tryvary.com\/vi\/lien-he\/\" class=\"uagb-infobox-cta-link wp-block-button__link\" target=\"_self\" rel=\"noopener noreferrer\" onclick=\"return true;\" alt=\"\"><span class=\"uagb-inline-editing\">Nh\u1eadn b\u00e1o gi\u00e1<\/span><\/a><\/div><\/div><\/div>\n<\/div><\/div>","protected":false},"excerpt":{"rendered":"<p>S\u1ef1 xu\u1ea5t s\u1eafc trong PCB C\u00e2u chuy\u1ec7n c\u1ee7a ch\u00fang t\u00f4i C\u00e1c gi\u00e1 tr\u1ecb c\u1ed1t l\u00f5i c\u1ee7a ch\u00fang t\u00f4i C\u00e1c nguy\u00ean t\u1eafc ch\u1ec9 \u0111\u1ea1o x\u00e1c \u0111\u1ecbnh cam k\u1ebft c\u1ee7a Try Vary v\u1ec1 ch\u1ea5t l\u01b0\u1ee3ng v\u00e0 d\u1ecbch v\u1ee5 xu\u1ea5t s\u1eafc [\u2026]<\/p>","protected":false},"author":9,"featured_media":0,"parent":0,"menu_order":0,"comment_status":"closed","ping_status":"closed","template":"","meta":{"_uag_custom_page_level_css":"","site-sidebar-layout":"default","site-content-layout":"","ast-site-content-layout":"default","site-content-style":"default","site-sidebar-style":"default","ast-global-header-display":"","ast-banner-title-visibility":"","ast-main-header-display":"","ast-hfb-above-header-display":"","ast-hfb-below-header-display":"","ast-hfb-mobile-header-display":"","site-post-title":"disabled","ast-breadcrumbs-content":"","ast-featured-img":"","footer-sml-layout":"","ast-disable-related-posts":"","theme-transparent-header-meta":"enabled","adv-header-id-meta":"","stick-header-meta":"","header-above-stick-meta":"","header-main-stick-meta":"","header-below-stick-meta":"","astra-migrate-meta-layouts":"set","ast-page-background-enabled":"default","ast-page-background-meta":{"desktop":{"background-color":"var(--ast-global-color-4)","background-image":"","background-repeat":"repeat","background-position":"center center","background-size":"auto","background-attachment":"scroll","background-type":"","background-media":"","overlay-type":"","overlay-color":"","overlay-opacity":"","overlay-gradient":""},"tablet":{"background-color":"","background-image":"","background-repeat":"repeat","background-position":"center center","background-size":"auto","background-attachment":"scroll","background-type":"","background-media":"","overlay-type":"","overlay-color":"","overlay-opacity":"","overlay-gradient":""},"mobile":{"background-color":"","background-image":"","background-repeat":"repeat","background-position":"center center","background-size":"auto","background-attachment":"scroll","background-type":"","background-media":"","overlay-type":"","overlay-color":"","overlay-opacity":"","overlay-gradient":""}},"ast-content-background-meta":{"desktop":{"background-color":"var(--ast-global-color-5)","background-image":"","background-repeat":"repeat","background-position":"center center","background-size":"auto","background-attachment":"scroll","background-type":"","background-media":"","overlay-type":"","overlay-color":"","overlay-opacity":"","overlay-gradient":""},"tablet":{"background-color":"var(--ast-global-color-5)","background-image":"","background-repeat":"repeat","background-position":"center center","background-size":"auto","background-attachment":"scroll","background-type":"","background-media":"","overlay-type":"","overlay-color":"","overlay-opacity":"","overlay-gradient":""},"mobile":{"background-color":"var(--ast-global-color-5)","background-image":"","background-repeat":"repeat","background-position":"center center","background-size":"auto","background-attachment":"scroll","background-type":"","background-media":"","overlay-type":"","overlay-color":"","overlay-opacity":"","overlay-gradient":""}},"footnotes":""},"class_list":["post-118","page","type-page","status-publish","hentry"],"uagb_featured_image_src":{"full":false,"thumbnail":false,"medium":false,"medium_large":false,"large":false,"1536x1536":false,"2048x2048":false,"trp-custom-language-flag":false},"uagb_author_info":{"display_name":"Ben Lau","author_link":"https:\/\/tryvary.com\/vi\/author\/wsbpmbzuog4q\/"},"uagb_comment_info":0,"uagb_excerpt":"Excellence in PCB Our Story Our Core Values Guiding principles that define Try Vary\u2019s commitment to quality and service excellence [&hellip;]","_links":{"self":[{"href":"https:\/\/tryvary.com\/vi\/wp-json\/wp\/v2\/pages\/118","targetHints":{"allow":["GET"]}}],"collection":[{"href":"https:\/\/tryvary.com\/vi\/wp-json\/wp\/v2\/pages"}],"about":[{"href":"https:\/\/tryvary.com\/vi\/wp-json\/wp\/v2\/types\/page"}],"author":[{"embeddable":true,"href":"https:\/\/tryvary.com\/vi\/wp-json\/wp\/v2\/users\/9"}],"replies":[{"embeddable":true,"href":"https:\/\/tryvary.com\/vi\/wp-json\/wp\/v2\/comments?post=118"}],"version-history":[{"count":3,"href":"https:\/\/tryvary.com\/vi\/wp-json\/wp\/v2\/pages\/118\/revisions"}],"predecessor-version":[{"id":2369,"href":"https:\/\/tryvary.com\/vi\/wp-json\/wp\/v2\/pages\/118\/revisions\/2369"}],"wp:attachment":[{"href":"https:\/\/tryvary.com\/vi\/wp-json\/wp\/v2\/media?parent=118"}],"curies":[{"name":"wp","href":"https:\/\/api.w.org\/{rel}","templated":true}]}}