{"id":118,"date":"2023-06-27T09:35:35","date_gmt":"2023-06-27T09:35:35","guid":{"rendered":"https:\/\/straight-soules-cx.zipwp.link\/?page_id=118"},"modified":"2024-05-25T10:37:32","modified_gmt":"2024-05-25T10:37:32","slug":"about","status":"publish","type":"page","link":"https:\/\/tryvary.com\/tr\/hakkinda\/","title":{"rendered":"Hakk\u0131nda"},"content":{"rendered":"<div class=\"wp-block-uagb-container uagb-block-7fa683e6 alignfull uagb-is-root-container\"><div class=\"uagb-container-inner-blocks-wrap\">\n<div class=\"wp-block-uagb-advanced-heading uagb-block-74b342eb\"><h1 class=\"uagb-heading-text\">PCB&#039;de M\u00fckemmellik<\/h1><\/div>\n<\/div><\/div>\n\n\n\n<div class=\"wp-block-uagb-container uagb-block-94ded581 alignfull uagb-is-root-container\"><div class=\"uagb-container-inner-blocks-wrap\">\n<div class=\"wp-block-uagb-advanced-heading uagb-block-671f3570\"><h2 class=\"uagb-heading-text\">Bizim hikayemiz<\/h2><\/div>\n\n\n\n<div class=\"wp-block-uagb-container uagb-block-21891d52\">\n<div class=\"wp-block-uagb-container uagb-block-8a4a99e4\">\n<div class=\"wp-block-uagb-image alignleft uagb-block-e71a6b83 wp-block-uagb-image--layout-default wp-block-uagb-image--effect-static wp-block-uagb-image--align-left\"><figure class=\"wp-block-uagb-image__figure\"><img decoding=\"async\" srcset=\"https:\/\/tryvary.com\/wp-content\/uploads\/2024\/05\/zipwp-image-16647936.jpeg ,https:\/\/tryvary.com\/wp-content\/uploads\/2024\/05\/zipwp-image-16647936.jpeg 780w\" sizes=\"auto, (max-width: 480px) 150px\" src=\"https:\/\/tryvary.com\/wp-content\/uploads\/2024\/05\/zipwp-image-16647936.jpeg\" alt=\"\" class=\"uag-image-1502\" width=\"526\" height=\"536\" title=\"\" loading=\"lazy\" role=\"img\"\/><\/figure><\/div>\n<\/div>\n\n\n\n<div class=\"wp-block-uagb-container uagb-block-7e959f87\">\n<div class=\"wp-block-uagb-info-box uagb-block-4960c374 uagb-infobox__content-wrap  uagb-infobox-icon-above-title uagb-infobox-image-valign-top\"><div class=\"uagb-ifb-content\"><div class=\"uagb-ifb-title-wrap\"><h3 class=\"uagb-ifb-title\">TryVary d\u00fcnya \u00e7ap\u0131ndaki m\u00fc\u015fterilerine g\u00fcvenilir ve verimli elektronik \u00e7\u00f6z\u00fcmler sunmaktan gurur duymaktad\u0131r. \u015eirket h\u0131zl\u0131 servisi ve rekabet\u00e7i fiyatlar\u0131yla tan\u0131n\u0131yor.<\/h3><\/div><p class=\"uagb-ifb-desc\">Birinci s\u0131n\u0131f PCB \u00fcretim hizmetleri sunma vizyonuyla kurulan TryVary, yolculu\u011funa m\u00fckemmellik taahh\u00fcd\u00fcyle ba\u015flad\u0131. TryVary olarak, yaratmaktan gurur duyuyoruz <br><br>Kullan\u0131c\u0131 deneyimlerini geli\u015ftiren ve g\u00fcnl\u00fck g\u00f6revleri basitle\u015ftiren yenilik\u00e7i dijital \u00e7\u00f6z\u00fcmler. Kendini i\u015fine adam\u0131\u015f profesyonellerden olu\u015fan ekibimiz, Xiaomi gibi \u015firketlerin kulland\u0131\u011f\u0131 \u00fcnl\u00fc Proudly platformu da dahil olmak \u00fczere y\u00fcksek kaliteli uygulamalar ve platformlar geli\u015ftirdi.<br><br>\u015eimdi, Foundy Company taraf\u0131ndan sat\u0131n al\u0131nd\u0131ktan sonra TryVary resmi olarak PCB \u00fcretimine odaklanmaya ge\u00e7ti. Yenilik ve kalite miras\u0131m\u0131z\u0131 s\u00fcrd\u00fcrerek, y\u00fcksek kaliteli PCB&#039;ler olu\u015fturmaya y\u00f6nelik en son teknolojiye sahip s\u00fcre\u00e7leri geli\u015ftirmek ve y\u00f6netmekten sorumluyuz.<br><br>TryVary d\u00fcnya \u00e7ap\u0131nda \u00e7ok \u00e7e\u015fitli m\u00fc\u015fterilere hizmet vererek telekom\u00fcnikasyon, otomotiv, havac\u0131l\u0131k ve uzay gibi sekt\u00f6rlere hizmet vermektedir.<\/p><\/div><\/div>\n<\/div>\n<\/div>\n<\/div><\/div>\n\n\n\n<div class=\"wp-block-uagb-container uagb-block-cc344175 alignfull uagb-is-root-container\"><div class=\"uagb-container-inner-blocks-wrap\">\n<div class=\"wp-block-uagb-advanced-heading uagb-block-7b2294a3\"><h2 class=\"uagb-heading-text\">Temel de\u011ferlerimiz<\/h2><p class=\"uagb-desc-text\">Try Vary&#039;nin kalite ve hizmet m\u00fckemmelli\u011fine olan ba\u011fl\u0131l\u0131\u011f\u0131n\u0131 tan\u0131mlayan yol g\u00f6sterici ilkeler<\/p><\/div>\n\n\n\n<div class=\"wp-block-uagb-container uagb-block-ecb8dade\">\n<div class=\"wp-block-uagb-advanced-heading uagb-block-bef7d43a\"><h3 class=\"uagb-heading-text\">Kalite<\/h3><p class=\"uagb-desc-text\">\u00dcretim s\u00fcrecimizin her ad\u0131m\u0131nda kaliteye \u00f6ncelik veriyoruz ve her PCB \u00fcr\u00fcn\u00fcn\u00fcn en y\u00fcksek m\u00fckemmellik standartlar\u0131n\u0131 kar\u015f\u0131lamas\u0131n\u0131 sa\u011fl\u0131yoruz.<\/p><\/div>\n\n\n\n<div class=\"wp-block-uagb-advanced-heading uagb-block-b863782d\"><h3 class=\"uagb-heading-text\">G\u00fcvenilirlik<\/h3><p class=\"uagb-desc-text\">G\u00fcvenilirli\u011fe olan ba\u011fl\u0131l\u0131\u011f\u0131m\u0131z sars\u0131lmazd\u0131r. M\u00fc\u015fteriler, ihtiya\u00e7lar\u0131n\u0131 kar\u015f\u0131layan tutarl\u0131, g\u00fcvenilir elektronik \u00e7\u00f6z\u00fcmler i\u00e7in Try Vary&#039;e g\u00fcveniyor.<\/p><\/div>\n\n\n\n<div class=\"wp-block-uagb-advanced-heading uagb-block-9f890ad2\"><h3 class=\"uagb-heading-text\">Yenilik<\/h3><p class=\"uagb-desc-text\">Try Vary&#039;de yapt\u0131\u011f\u0131m\u0131z her \u015feyi inovasyon y\u00f6nlendiriyor. PCB \u00fcretim s\u00fcre\u00e7lerimizi ve \u00e7\u00f6z\u00fcmlerimizi geli\u015ftirmek i\u00e7in s\u00fcrekli olarak s\u0131n\u0131rlar\u0131 zorluyoruz.<\/p><\/div>\n<\/div>\n<\/div><\/div>\n\n\n\n<div class=\"wp-block-uagb-container uagb-block-c84325e4 alignfull uagb-is-root-container\"><div class=\"uagb-container-inner-blocks-wrap\">\n<div class=\"wp-block-uagb-info-box uagb-block-d8a09d88 uagb-infobox__content-wrap  uagb-infobox-icon-above-title uagb-infobox-image-valign-top\"><div class=\"uagb-ifb-content\"><div class=\"uagb-ifb-title-wrap\"><h2 class=\"uagb-ifb-title\">Bizimle Ortak Olmaya Haz\u0131r m\u0131s\u0131n\u0131z?<\/h2><\/div><p class=\"uagb-ifb-desc\">PCB gereksinimlerinizi g\u00f6r\u00fc\u015fmek ve TryVary&#039;nin \u00fcretim hizmetlerinin m\u00fckemmelli\u011fini deneyimlemek i\u00e7in bug\u00fcn bizimle ileti\u015fime ge\u00e7in.<\/p><div class=\"uagb-ifb-button-wrapper wp-block-button\"><a href=\"https:\/\/tryvary.com\/tr\/temas-etmek\/\" class=\"uagb-infobox-cta-link wp-block-button__link\" target=\"_self\" rel=\"noopener noreferrer\" onclick=\"return true;\" alt=\"\"><span class=\"uagb-inline-editing\">Teklif Al<\/span><\/a><\/div><\/div><\/div>\n<\/div><\/div>","protected":false},"excerpt":{"rendered":"<p>PCB&#039;de M\u00fckemmellik Hikayemiz Temel De\u011ferlerimiz Try Vary&#039;nin kalite ve hizmet m\u00fckemmelli\u011fine olan ba\u011fl\u0131l\u0131\u011f\u0131n\u0131 tan\u0131mlayan yol g\u00f6sterici ilkeler [\u2026]<\/p>","protected":false},"author":9,"featured_media":0,"parent":0,"menu_order":0,"comment_status":"closed","ping_status":"closed","template":"","meta":{"_uag_custom_page_level_css":"","site-sidebar-layout":"default","site-content-layout":"","ast-site-content-layout":"default","site-content-style":"default","site-sidebar-style":"default","ast-global-header-display":"","ast-banner-title-visibility":"","ast-main-header-display":"","ast-hfb-above-header-display":"","ast-hfb-below-header-display":"","ast-hfb-mobile-header-display":"","site-post-title":"disabled","ast-breadcrumbs-content":"","ast-featured-img":"","footer-sml-layout":"","ast-disable-related-posts":"","theme-transparent-header-meta":"enabled","adv-header-id-meta":"","stick-header-meta":"","header-above-stick-meta":"","header-main-stick-meta":"","header-below-stick-meta":"","astra-migrate-meta-layouts":"set","ast-page-background-enabled":"default","ast-page-background-meta":{"desktop":{"background-color":"var(--ast-global-color-4)","background-image":"","background-repeat":"repeat","background-position":"center center","background-size":"auto","background-attachment":"scroll","background-type":"","background-media":"","overlay-type":"","overlay-color":"","overlay-opacity":"","overlay-gradient":""},"tablet":{"background-color":"","background-image":"","background-repeat":"repeat","background-position":"center center","background-size":"auto","background-attachment":"scroll","background-type":"","background-media":"","overlay-type":"","overlay-color":"","overlay-opacity":"","overlay-gradient":""},"mobile":{"background-color":"","background-image":"","background-repeat":"repeat","background-position":"center center","background-size":"auto","background-attachment":"scroll","background-type":"","background-media":"","overlay-type":"","overlay-color":"","overlay-opacity":"","overlay-gradient":""}},"ast-content-background-meta":{"desktop":{"background-color":"var(--ast-global-color-5)","background-image":"","background-repeat":"repeat","background-position":"center center","background-size":"auto","background-attachment":"scroll","background-type":"","background-media":"","overlay-type":"","overlay-color":"","overlay-opacity":"","overlay-gradient":""},"tablet":{"background-color":"var(--ast-global-color-5)","background-image":"","background-repeat":"repeat","background-position":"center center","background-size":"auto","background-attachment":"scroll","background-type":"","background-media":"","overlay-type":"","overlay-color":"","overlay-opacity":"","overlay-gradient":""},"mobile":{"background-color":"var(--ast-global-color-5)","background-image":"","background-repeat":"repeat","background-position":"center center","background-size":"auto","background-attachment":"scroll","background-type":"","background-media":"","overlay-type":"","overlay-color":"","overlay-opacity":"","overlay-gradient":""}},"footnotes":""},"class_list":["post-118","page","type-page","status-publish","hentry"],"uagb_featured_image_src":{"full":false,"thumbnail":false,"medium":false,"medium_large":false,"large":false,"1536x1536":false,"2048x2048":false,"trp-custom-language-flag":false},"uagb_author_info":{"display_name":"Ben Lau","author_link":"https:\/\/tryvary.com\/tr\/author\/wsbpmbzuog4q\/"},"uagb_comment_info":0,"uagb_excerpt":"Excellence in PCB Our Story Our Core Values Guiding principles that define Try Vary\u2019s commitment to quality and service excellence [&hellip;]","_links":{"self":[{"href":"https:\/\/tryvary.com\/tr\/wp-json\/wp\/v2\/pages\/118","targetHints":{"allow":["GET"]}}],"collection":[{"href":"https:\/\/tryvary.com\/tr\/wp-json\/wp\/v2\/pages"}],"about":[{"href":"https:\/\/tryvary.com\/tr\/wp-json\/wp\/v2\/types\/page"}],"author":[{"embeddable":true,"href":"https:\/\/tryvary.com\/tr\/wp-json\/wp\/v2\/users\/9"}],"replies":[{"embeddable":true,"href":"https:\/\/tryvary.com\/tr\/wp-json\/wp\/v2\/comments?post=118"}],"version-history":[{"count":3,"href":"https:\/\/tryvary.com\/tr\/wp-json\/wp\/v2\/pages\/118\/revisions"}],"predecessor-version":[{"id":2369,"href":"https:\/\/tryvary.com\/tr\/wp-json\/wp\/v2\/pages\/118\/revisions\/2369"}],"wp:attachment":[{"href":"https:\/\/tryvary.com\/tr\/wp-json\/wp\/v2\/media?parent=118"}],"curies":[{"name":"wp","href":"https:\/\/api.w.org\/{rel}","templated":true}]}}