{"id":118,"date":"2023-06-27T09:35:35","date_gmt":"2023-06-27T09:35:35","guid":{"rendered":"https:\/\/straight-soules-cx.zipwp.link\/?page_id=118"},"modified":"2024-05-25T10:37:32","modified_gmt":"2024-05-25T10:37:32","slug":"about","status":"publish","type":"page","link":"https:\/\/tryvary.com\/sv\/handla-om\/","title":{"rendered":"Handla om"},"content":{"rendered":"<div class=\"wp-block-uagb-container uagb-block-7fa683e6 alignfull uagb-is-root-container\"><div class=\"uagb-container-inner-blocks-wrap\">\n<div class=\"wp-block-uagb-advanced-heading uagb-block-74b342eb\"><h1 class=\"uagb-heading-text\">Utm\u00e4rkt i PCB<\/h1><\/div>\n<\/div><\/div>\n\n\n\n<div class=\"wp-block-uagb-container uagb-block-94ded581 alignfull uagb-is-root-container\"><div class=\"uagb-container-inner-blocks-wrap\">\n<div class=\"wp-block-uagb-advanced-heading uagb-block-671f3570\"><h2 class=\"uagb-heading-text\">V\u00e5r ber\u00e4ttelse<\/h2><\/div>\n\n\n\n<div class=\"wp-block-uagb-container uagb-block-21891d52\">\n<div class=\"wp-block-uagb-container uagb-block-8a4a99e4\">\n<div class=\"wp-block-uagb-image alignleft uagb-block-e71a6b83 wp-block-uagb-image--layout-default wp-block-uagb-image--effect-static wp-block-uagb-image--align-left\"><figure class=\"wp-block-uagb-image__figure\"><img decoding=\"async\" srcset=\"https:\/\/tryvary.com\/wp-content\/uploads\/2024\/05\/zipwp-image-16647936.jpeg ,https:\/\/tryvary.com\/wp-content\/uploads\/2024\/05\/zipwp-image-16647936.jpeg 780w\" sizes=\"auto, (max-width: 480px) 150px\" src=\"https:\/\/tryvary.com\/wp-content\/uploads\/2024\/05\/zipwp-image-16647936.jpeg\" alt=\"\" class=\"uag-image-1502\" width=\"526\" height=\"536\" title=\"\" loading=\"lazy\" role=\"img\"\/><\/figure><\/div>\n<\/div>\n\n\n\n<div class=\"wp-block-uagb-container uagb-block-7e959f87\">\n<div class=\"wp-block-uagb-info-box uagb-block-4960c374 uagb-infobox__content-wrap  uagb-infobox-icon-above-title uagb-infobox-image-valign-top\"><div class=\"uagb-ifb-content\"><div class=\"uagb-ifb-title-wrap\"><h3 class=\"uagb-ifb-title\">TryVary \u00e4r stolt \u00f6ver att leverera tillf\u00f6rlitliga och effektiva elektroniska l\u00f6sningar till kunder \u00f6ver hela v\u00e4rlden. F\u00f6retaget \u00e4r k\u00e4nt f\u00f6r sin snabba service och konkurrenskraftiga priser.<\/h3><\/div><p class=\"uagb-ifb-desc\">Grundat med en vision om att tillhandah\u00e5lla f\u00f6rstklassiga PCB-tillverkningstj\u00e4nster, b\u00f6rjade TryVary sin resa med ett \u00e5tagande om excellens. P\u00e5 TryVary \u00e4r vi stolta \u00f6ver att skapa <br><br>innovativa digitala l\u00f6sningar som f\u00f6rb\u00e4ttrar anv\u00e4ndarupplevelsen och f\u00f6renklar vardagliga uppgifter. V\u00e5rt team av dedikerade proffs har utvecklat h\u00f6gkvalitativa appar och plattformar, inklusive den ber\u00f6mda Proudly-plattformen, som anv\u00e4nds av f\u00f6retag som Xiaomi.<br><br>Nu, efter att ha f\u00f6rv\u00e4rvats av Foundy Company, har TryVary officiellt \u00f6verg\u00e5tt till att fokusera p\u00e5 PCB-tillverkning. Vi \u00e4r ansvariga f\u00f6r att utveckla och hantera toppmoderna processer som \u00e4r involverade i att skapa h\u00f6gkvalitativa PCB, vilket forts\u00e4tter v\u00e5rt arv av innovation och kvalitet.<br><br>TryVary har betj\u00e4nat ett brett spektrum av kunder \u00f6ver hela v\u00e4rlden, catering till industrier som telekommunikation, fordon, flyg och mer.<\/p><\/div><\/div>\n<\/div>\n<\/div>\n<\/div><\/div>\n\n\n\n<div class=\"wp-block-uagb-container uagb-block-cc344175 alignfull uagb-is-root-container\"><div class=\"uagb-container-inner-blocks-wrap\">\n<div class=\"wp-block-uagb-advanced-heading uagb-block-7b2294a3\"><h2 class=\"uagb-heading-text\">V\u00e5ra k\u00e4rnv\u00e4rden<\/h2><p class=\"uagb-desc-text\">V\u00e4gledande principer som definierar Try Varys engagemang f\u00f6r kvalitet och utm\u00e4rkt service<\/p><\/div>\n\n\n\n<div class=\"wp-block-uagb-container uagb-block-ecb8dade\">\n<div class=\"wp-block-uagb-advanced-heading uagb-block-bef7d43a\"><h3 class=\"uagb-heading-text\">Kvalitet<\/h3><p class=\"uagb-desc-text\">Vi prioriterar kvalitet i varje steg av v\u00e5r tillverkningsprocess, f\u00f6r att s\u00e4kerst\u00e4lla att varje PCB-produkt uppfyller de h\u00f6gsta standarderna f\u00f6r excellens.<\/p><\/div>\n\n\n\n<div class=\"wp-block-uagb-advanced-heading uagb-block-b863782d\"><h3 class=\"uagb-heading-text\">P\u00e5litlighet<\/h3><p class=\"uagb-desc-text\">V\u00e5rt engagemang f\u00f6r tillf\u00f6rlitlighet \u00e4r orubbligt. Kunder litar p\u00e5 Try Vary f\u00f6r konsekventa, p\u00e5litliga elektroniska l\u00f6sningar som uppfyller deras behov.<\/p><\/div>\n\n\n\n<div class=\"wp-block-uagb-advanced-heading uagb-block-9f890ad2\"><h3 class=\"uagb-heading-text\">Innovation<\/h3><p class=\"uagb-desc-text\">P\u00e5 Try Vary driver innovation allt vi g\u00f6r. Vi t\u00e4njer kontinuerligt p\u00e5 gr\u00e4nser f\u00f6r att f\u00f6rb\u00e4ttra v\u00e5ra PCB-tillverkningsprocesser och l\u00f6sningar.<\/p><\/div>\n<\/div>\n<\/div><\/div>\n\n\n\n<div class=\"wp-block-uagb-container uagb-block-c84325e4 alignfull uagb-is-root-container\"><div class=\"uagb-container-inner-blocks-wrap\">\n<div class=\"wp-block-uagb-info-box uagb-block-d8a09d88 uagb-infobox__content-wrap  uagb-infobox-icon-above-title uagb-infobox-image-valign-top\"><div class=\"uagb-ifb-content\"><div class=\"uagb-ifb-title-wrap\"><h2 class=\"uagb-ifb-title\">Redo att samarbeta med oss?<\/h2><\/div><p class=\"uagb-ifb-desc\">Kontakta oss idag f\u00f6r att diskutera dina PCB-krav och uppleva f\u00f6rtr\u00e4ffligheten hos TryVarys tillverkningstj\u00e4nster.<\/p><div class=\"uagb-ifb-button-wrapper wp-block-button\"><a href=\"https:\/\/tryvary.com\/sv\/kontakt\/\" class=\"uagb-infobox-cta-link wp-block-button__link\" target=\"_self\" rel=\"noopener noreferrer\" onclick=\"return true;\" alt=\"\"><span class=\"uagb-inline-editing\">F\u00e5 ett citat<\/span><\/a><\/div><\/div><\/div>\n<\/div><\/div>","protected":false},"excerpt":{"rendered":"<p>Excellens inom PCB V\u00e5r historia V\u00e5ra k\u00e4rnv\u00e4rden V\u00e4gledande principer som definierar Try Varys engagemang f\u00f6r kvalitet och utm\u00e4rkt service [\u2026]<\/p>","protected":false},"author":9,"featured_media":0,"parent":0,"menu_order":0,"comment_status":"closed","ping_status":"closed","template":"","meta":{"_uag_custom_page_level_css":"","site-sidebar-layout":"default","site-content-layout":"","ast-site-content-layout":"default","site-content-style":"default","site-sidebar-style":"default","ast-global-header-display":"","ast-banner-title-visibility":"","ast-main-header-display":"","ast-hfb-above-header-display":"","ast-hfb-below-header-display":"","ast-hfb-mobile-header-display":"","site-post-title":"disabled","ast-breadcrumbs-content":"","ast-featured-img":"","footer-sml-layout":"","ast-disable-related-posts":"","theme-transparent-header-meta":"enabled","adv-header-id-meta":"","stick-header-meta":"","header-above-stick-meta":"","header-main-stick-meta":"","header-below-stick-meta":"","astra-migrate-meta-layouts":"set","ast-page-background-enabled":"default","ast-page-background-meta":{"desktop":{"background-color":"var(--ast-global-color-4)","background-image":"","background-repeat":"repeat","background-position":"center center","background-size":"auto","background-attachment":"scroll","background-type":"","background-media":"","overlay-type":"","overlay-color":"","overlay-opacity":"","overlay-gradient":""},"tablet":{"background-color":"","background-image":"","background-repeat":"repeat","background-position":"center center","background-size":"auto","background-attachment":"scroll","background-type":"","background-media":"","overlay-type":"","overlay-color":"","overlay-opacity":"","overlay-gradient":""},"mobile":{"background-color":"","background-image":"","background-repeat":"repeat","background-position":"center center","background-size":"auto","background-attachment":"scroll","background-type":"","background-media":"","overlay-type":"","overlay-color":"","overlay-opacity":"","overlay-gradient":""}},"ast-content-background-meta":{"desktop":{"background-color":"var(--ast-global-color-5)","background-image":"","background-repeat":"repeat","background-position":"center center","background-size":"auto","background-attachment":"scroll","background-type":"","background-media":"","overlay-type":"","overlay-color":"","overlay-opacity":"","overlay-gradient":""},"tablet":{"background-color":"var(--ast-global-color-5)","background-image":"","background-repeat":"repeat","background-position":"center center","background-size":"auto","background-attachment":"scroll","background-type":"","background-media":"","overlay-type":"","overlay-color":"","overlay-opacity":"","overlay-gradient":""},"mobile":{"background-color":"var(--ast-global-color-5)","background-image":"","background-repeat":"repeat","background-position":"center center","background-size":"auto","background-attachment":"scroll","background-type":"","background-media":"","overlay-type":"","overlay-color":"","overlay-opacity":"","overlay-gradient":""}},"footnotes":""},"class_list":["post-118","page","type-page","status-publish","hentry"],"uagb_featured_image_src":{"full":false,"thumbnail":false,"medium":false,"medium_large":false,"large":false,"1536x1536":false,"2048x2048":false,"trp-custom-language-flag":false},"uagb_author_info":{"display_name":"Ben Lau","author_link":"https:\/\/tryvary.com\/sv\/author\/wsbpmbzuog4q\/"},"uagb_comment_info":0,"uagb_excerpt":"Excellence in PCB Our Story Our Core Values Guiding principles that define Try Vary\u2019s commitment to quality and service excellence [&hellip;]","_links":{"self":[{"href":"https:\/\/tryvary.com\/sv\/wp-json\/wp\/v2\/pages\/118","targetHints":{"allow":["GET"]}}],"collection":[{"href":"https:\/\/tryvary.com\/sv\/wp-json\/wp\/v2\/pages"}],"about":[{"href":"https:\/\/tryvary.com\/sv\/wp-json\/wp\/v2\/types\/page"}],"author":[{"embeddable":true,"href":"https:\/\/tryvary.com\/sv\/wp-json\/wp\/v2\/users\/9"}],"replies":[{"embeddable":true,"href":"https:\/\/tryvary.com\/sv\/wp-json\/wp\/v2\/comments?post=118"}],"version-history":[{"count":3,"href":"https:\/\/tryvary.com\/sv\/wp-json\/wp\/v2\/pages\/118\/revisions"}],"predecessor-version":[{"id":2369,"href":"https:\/\/tryvary.com\/sv\/wp-json\/wp\/v2\/pages\/118\/revisions\/2369"}],"wp:attachment":[{"href":"https:\/\/tryvary.com\/sv\/wp-json\/wp\/v2\/media?parent=118"}],"curies":[{"name":"wp","href":"https:\/\/api.w.org\/{rel}","templated":true}]}}