{"id":8,"date":"2023-06-27T05:38:39","date_gmt":"2023-06-27T05:38:39","guid":{"rendered":"https:\/\/straight-soules-cx.zipwp.link\/?page_id=8"},"modified":"2024-05-14T04:45:40","modified_gmt":"2024-05-14T04:45:40","slug":"home","status":"publish","type":"page","link":"https:\/\/tryvary.com\/ro\/","title":{"rendered":"Acas\u0103"},"content":{"rendered":"<div class=\"wp-block-uagb-container uagb-block-edf9ad47 alignfull uagb-is-root-container\"><div class=\"uagb-container-inner-blocks-wrap\">\n<div class=\"wp-block-uagb-info-box uagb-block-360d083e uagb-infobox__content-wrap  uagb-infobox-icon-above-title uagb-infobox-image-valign-top\"><div class=\"uagb-ifb-content\"><div class=\"uagb-ifb-title-wrap\"><h1 class=\"uagb-ifb-title\">Excelen\u021b\u0103 \u00een fabricarea PCB<\/h1><\/div><p class=\"uagb-ifb-desc\">Colabora\u021bi cu noi pentru PCB-uri de \u00eenalt\u0103 calitate \u0219i servicii excep\u021bionale de asamblare PCB care \u00eendeplinesc standardele globale.<\/p><div class=\"uagb-ifb-button-wrapper wp-block-button\"><a href=\"https:\/\/tryvary.com\/ro\/a-lua-legatura\/\" class=\"uagb-infobox-cta-link wp-block-button__link\" target=\"_self\" rel=\"noopener noreferrer\" onclick=\"return true;\" alt=\"\"><span class=\"uagb-inline-editing\">Ob\u021bine\u021bi o cota\u021bie<\/span><\/a><\/div><\/div><\/div>\n<\/div><\/div>\n\n\n\n<div class=\"wp-block-uagb-container uagb-block-cd2fc679 alignfull uagb-is-root-container\"><div class=\"uagb-container-inner-blocks-wrap\">\n<div class=\"wp-block-uagb-info-box uagb-block-3b175fd5 uagb-infobox__content-wrap  uagb-infobox-icon-above-title uagb-infobox-image-valign-top\"><div class=\"uagb-ifb-content\"><div class=\"uagb-ifb-title-wrap\"><h2 class=\"uagb-ifb-title\">Principalele oferte pe care le oferim<\/h2><\/div><p class=\"uagb-ifb-desc\">Explora\u021bi solu\u021biile noastre principale de produc\u021bie electronic\u0103 concepute pentru fiabilitate \u0219i eficien\u021b\u0103.<\/p><\/div><\/div>\n\n\n\n<div class=\"wp-block-uagb-container uagb-block-93377a07\">\n<div class=\"wp-block-uagb-container uagb-block-fae5d157\">\n<div class=\"wp-block-uagb-image alignleft uagb-block-df4cd6be wp-block-uagb-image--layout-default wp-block-uagb-image--effect-static wp-block-uagb-image--align-left\"><figure class=\"wp-block-uagb-image__figure\"><img decoding=\"async\" srcset=\"https:\/\/tryvary.com\/wp-content\/uploads\/2024\/05\/zipwp-image-6755059.jpeg ,https:\/\/tryvary.com\/wp-content\/uploads\/2024\/05\/zipwp-image-6755059.jpeg 780w, https:\/\/tryvary.com\/wp-content\/uploads\/2024\/05\/zipwp-image-6755059.jpeg 360w\" sizes=\"auto, (max-width: 480px) 150px\" src=\"https:\/\/tryvary.com\/wp-content\/uploads\/2024\/05\/zipwp-image-6755059.jpeg\" alt=\"\" class=\"uag-image-1503\" width=\"373\" height=\"480\" title=\"\" loading=\"lazy\" role=\"img\"\/><\/figure><\/div>\n\n\n\n<div class=\"wp-block-uagb-advanced-heading uagb-block-82da6484\"><h3 class=\"uagb-heading-text\">Fabricare PCB<\/h3><p class=\"uagb-desc-text\">Excelem \u00een producerea de pl\u0103ci de circuite imprimate de top, cu precizie \u0219i fiabilitate, pentru a v\u0103 alimenta inova\u021biile electronice.<\/p><\/div>\n<\/div>\n\n\n\n<div class=\"wp-block-uagb-container uagb-block-b4a21a88\">\n<div class=\"wp-block-uagb-image alignleft uagb-block-2400b6c1 wp-block-uagb-image--layout-default wp-block-uagb-image--effect-static wp-block-uagb-image--align-left\"><figure class=\"wp-block-uagb-image__figure\"><img decoding=\"async\" srcset=\"https:\/\/tryvary.com\/wp-content\/uploads\/2024\/05\/zipwp-image-16647936.jpeg ,https:\/\/tryvary.com\/wp-content\/uploads\/2024\/05\/zipwp-image-16647936.jpeg 780w, https:\/\/tryvary.com\/wp-content\/uploads\/2024\/05\/zipwp-image-16647936.jpeg 360w\" sizes=\"auto, (max-width: 480px) 150px\" src=\"https:\/\/tryvary.com\/wp-content\/uploads\/2024\/05\/zipwp-image-16647936.jpeg\" alt=\"\" class=\"uag-image-1502\" width=\"373\" height=\"480\" title=\"\" loading=\"lazy\" role=\"img\"\/><\/figure><\/div>\n\n\n\n<div class=\"wp-block-uagb-advanced-heading uagb-block-ddf76d8a\"><h3 class=\"uagb-heading-text\">Ansamblu PCB<\/h3><p class=\"uagb-desc-text\">Serviciile noastre avansate de asamblare PCB asigur\u0103 integrarea perfect\u0103 a componentelor pentru performan\u021be electronice superioare.<\/p><\/div>\n<\/div>\n\n\n\n<div class=\"wp-block-uagb-container uagb-block-4be5b602\">\n<div class=\"wp-block-uagb-image alignleft uagb-block-b48fe4eb wp-block-uagb-image--layout-default wp-block-uagb-image--effect-static wp-block-uagb-image--align-left\"><figure class=\"wp-block-uagb-image__figure\"><img decoding=\"async\" srcset=\"https:\/\/tryvary.com\/wp-content\/uploads\/2024\/05\/zipwp-image-18734769.jpeg ,https:\/\/tryvary.com\/wp-content\/uploads\/2024\/05\/zipwp-image-18734769.jpeg 780w, https:\/\/tryvary.com\/wp-content\/uploads\/2024\/05\/zipwp-image-18734769.jpeg 360w\" sizes=\"auto, (max-width: 480px) 150px\" src=\"https:\/\/tryvary.com\/wp-content\/uploads\/2024\/05\/zipwp-image-18734769.jpeg\" alt=\"\" class=\"uag-image-1506\" width=\"373\" height=\"480\" title=\"\" loading=\"lazy\" role=\"img\"\/><\/figure><\/div>\n\n\n\n<div class=\"wp-block-uagb-advanced-heading uagb-block-2d89467b\"><h3 class=\"uagb-heading-text\">Design personalizat<\/h3><p class=\"uagb-desc-text\">De la concept la realitate, echipa noastr\u0103 de exper\u021bi ofer\u0103 solu\u021bii personalizate de design PCB pentru a v\u0103 aduce ideile la via\u021b\u0103.<\/p><\/div>\n<\/div>\n<\/div>\n<\/div><\/div>\n\n\n\n<div class=\"wp-block-uagb-container uagb-block-0cf1e869 alignfull uagb-is-root-container\"><div class=\"uagb-container-inner-blocks-wrap\">\n<div class=\"wp-block-uagb-container uagb-block-8e894bf5\">\n<div class=\"wp-block-uagb-image alignleft uagb-block-88e52dea wp-block-uagb-image--layout-default wp-block-uagb-image--effect-static wp-block-uagb-image--align-left\"><figure class=\"wp-block-uagb-image__figure\"><img decoding=\"async\" srcset=\"https:\/\/tryvary.com\/wp-content\/uploads\/2024\/05\/zipwp-image-18734753.jpeg ,https:\/\/tryvary.com\/wp-content\/uploads\/2024\/05\/zipwp-image-18734753.jpeg 780w, https:\/\/tryvary.com\/wp-content\/uploads\/2024\/05\/zipwp-image-18734753.jpeg 360w\" sizes=\"auto, (max-width: 480px) 150px\" src=\"https:\/\/tryvary.com\/wp-content\/uploads\/2024\/05\/zipwp-image-18734753.jpeg\" alt=\"\" class=\"uag-image-1507\" width=\"550\" height=\"536\" title=\"\" loading=\"lazy\" role=\"img\"\/><\/figure><\/div>\n<\/div>\n\n\n\n<div class=\"wp-block-uagb-container uagb-block-db5a712e\">\n<div class=\"wp-block-uagb-info-box uagb-block-69f2621f uagb-infobox__content-wrap  uagb-infobox-icon-above-title uagb-infobox-image-valign-top\"><div class=\"uagb-ifb-content\"><div class=\"uagb-ifb-title-wrap\"><h2 class=\"uagb-ifb-title\">Povestea noastr\u0103<\/h2><\/div><p class=\"uagb-ifb-desc\">Cu peste un deceniu de experien\u021b\u0103 \u00een industria de produc\u021bie, TryVary este un produc\u0103tor lider de PCB cu sediul \u00een China. Specializat\u0103 \u00een pl\u0103ci de circuite imprimate (PCB) \u0219i ansambluri PCB (PCBA) de \u00eenalt\u0103 calitate.<\/p><div class=\"uagb-ifb-button-wrapper wp-block-button\"><a href=\"https:\/\/tryvary.com\/ro\/despre\/\" class=\"uagb-infobox-cta-link wp-block-button__link\" target=\"_self\" rel=\"noopener noreferrer\" onclick=\"return true;\" alt=\"\"><span class=\"uagb-inline-editing\">Afl\u0103 mai multe<\/span><\/a><\/div><\/div><\/div>\n<\/div>\n<\/div><\/div>\n\n\n\n<div class=\"wp-block-uagb-container uagb-block-b9774670 alignfull uagb-is-root-container\"><div class=\"uagb-container-inner-blocks-wrap\">\n<div class=\"wp-block-uagb-testimonial uagb-slick-carousel uagb-tm__arrow-outside uagb-block-9c5eb390 uagb-post__carousel_notset uagb-post__carousel_notset-tablet uagb-post__carousel_notset-mobile\"><div class=\"is-carousel uagb-tm__columns-1 uagb-tm__items\"><div class=\"uagb-testimonial__wrap  uagb-tm__imgicon-style-circle uagb-tm__image-position-top uagb-tm__bg-type-none\"><div class=\"uagb-tm__content\"><div class=\"uagb-tm__overlay\"><\/div><div class=\"uagb-tm__image-content\"><div class=\"uagb-tm__image\"><img decoding=\"async\" class=\"uagb-tm-img-src\" src=\"https:\/\/tryvary.com\/wp-content\/uploads\/2023\/08\/testimonial-skip-01.jpeg\" alt=\"\" width=\"64\" height=\"64\" loading=\"lazy\"\/><\/div><\/div><div class=\"uagb-tm__text-wrap\"><div class=\"uagb-tm__desc\">TryVary ne-a oferit PCB-uri de \u00eenalt\u0103 calitate, care ne-au dep\u0103\u0219it a\u0219tept\u0103rile. Servicii excelente \u0219i livrare rapid\u0103.<\/div><div class=\"uagb-tm__meta-inner\"><div class=\"uagb-testimonial-details\"><span class=\"uagb-tm__author-name\">James Smith<\/span><span class=\"uagb-tm__company\"><\/span><\/div><\/div><\/div><\/div><\/div><\/div><\/div>\n<\/div><\/div>\n\n\n\n<div class=\"wp-block-uagb-container uagb-block-ec01bfa7 alignfull uagb-is-root-container\"><div class=\"uagb-container-inner-blocks-wrap\">\n<div class=\"wp-block-uagb-info-box uagb-block-13d69fb3 uagb-infobox__content-wrap  uagb-infobox-icon-above-title uagb-infobox-image-valign-top\"><div class=\"uagb-ifb-content\"><div class=\"uagb-ifb-title-wrap\"><h2 class=\"uagb-ifb-title\">Propunerea noastr\u0103 de valoare unic\u0103<\/h2><\/div><p class=\"uagb-ifb-desc\">La TryVary, v\u0103 garant\u0103m servicii rapide, pre\u021buri competitive \u0219i excelen\u021b\u0103 \u00een fabricarea PCB-urilor pentru a v\u0103 satisface nevoile electronice.<\/p><\/div><\/div>\n\n\n\n<div class=\"wp-block-uagb-container uagb-block-5bf3f238\">\n<div class=\"wp-block-uagb-container uagb-block-8b947d96\">\n<div class=\"wp-block-uagb-image uagb-block-f831083c wp-block-uagb-image--layout-default wp-block-uagb-image--effect-static wp-block-uagb-image--align-none\"><figure class=\"wp-block-uagb-image__figure\"><img decoding=\"async\" srcset=\"https:\/\/tryvary.com\/wp-content\/uploads\/2024\/05\/zipwp-image-6755059.jpeg ,https:\/\/tryvary.com\/wp-content\/uploads\/2024\/05\/zipwp-image-6755059.jpeg 780w, https:\/\/tryvary.com\/wp-content\/uploads\/2024\/05\/zipwp-image-6755059.jpeg 360w\" sizes=\"auto, (max-width: 480px) 150px\" src=\"https:\/\/tryvary.com\/wp-content\/uploads\/2024\/05\/zipwp-image-6755059.jpeg\" alt=\"\" class=\"uag-image-1503\" width=\"550\" height=\"500\" title=\"\" loading=\"lazy\" role=\"img\"\/><\/figure><\/div>\n<\/div>\n\n\n\n<div class=\"wp-block-uagb-container uagb-block-c465247c\">\n<div class=\"wp-block-uagb-info-box uagb-block-73b22374 uagb-infobox__content-wrap  uagb-infobox-icon-above-title uagb-infobox-image-valign-top\"><div class=\"uagb-ifb-content\"><div class=\"uagb-ifb-title-wrap\"><h3 class=\"uagb-ifb-title\">Servicii de \u00eencredere<\/h3><\/div><p class=\"uagb-ifb-desc\">Garant\u0103m servicii rapide \u0219i solu\u021bii electronice de \u00eencredere, asigur\u00e2ndu-ne c\u0103 proiectele dumneavoastr\u0103 sunt livrate la timp \u0219i \u00een limita bugetului.<\/p><div class=\"uagb-ifb-button-wrapper wp-block-button\"><a href=\"https:\/\/tryvary.com\/ro\/ofrande\/\" class=\"uagb-infobox-cta-link wp-block-button__link\" target=\"_self\" rel=\"noopener noreferrer\" onclick=\"return true;\" alt=\"\"><span class=\"uagb-inline-editing\">Afl\u0103 mai multe<\/span><\/a><\/div><\/div><\/div>\n<\/div>\n<\/div>\n\n\n\n<div class=\"wp-block-uagb-container uagb-block-4dac132f\">\n<div class=\"wp-block-uagb-container uagb-block-44450004\">\n<div class=\"wp-block-uagb-image uagb-block-1fbbd46b wp-block-uagb-image--layout-default wp-block-uagb-image--effect-static wp-block-uagb-image--align-none\"><figure class=\"wp-block-uagb-image__figure\"><img decoding=\"async\" srcset=\"https:\/\/tryvary.com\/wp-content\/uploads\/2024\/05\/zipwp-image-16647936.jpeg ,https:\/\/tryvary.com\/wp-content\/uploads\/2024\/05\/zipwp-image-16647936.jpeg 780w, https:\/\/tryvary.com\/wp-content\/uploads\/2024\/05\/zipwp-image-16647936.jpeg 360w\" sizes=\"auto, (max-width: 480px) 150px\" src=\"https:\/\/tryvary.com\/wp-content\/uploads\/2024\/05\/zipwp-image-16647936.jpeg\" alt=\"\" class=\"uag-image-1502\" width=\"550\" height=\"500\" title=\"\" loading=\"lazy\" role=\"img\"\/><\/figure><\/div>\n<\/div>\n\n\n\n<div class=\"wp-block-uagb-container uagb-block-8b26c666\">\n<div class=\"wp-block-uagb-info-box uagb-block-af69361d uagb-infobox__content-wrap  uagb-infobox-icon-above-title uagb-infobox-image-valign-top\"><div class=\"uagb-ifb-content\"><div class=\"uagb-ifb-title-wrap\"><h3 class=\"uagb-ifb-title\">La nivel global<\/h3><\/div><p class=\"uagb-ifb-desc\">Cu clien\u021bi din \u00eentreaga lume, oferim pre\u021buri competitive \u0219i servicii pentru clien\u021bi receptive pentru a v\u0103 sprijini nevoile de produc\u021bie electronic\u0103.<\/p><div class=\"uagb-ifb-button-wrapper wp-block-button\"><a href=\"https:\/\/tryvary.com\/ro\/ofrande\/\" class=\"uagb-infobox-cta-link wp-block-button__link\" target=\"_self\" rel=\"noopener noreferrer\" onclick=\"return true;\" alt=\"\"><span class=\"uagb-inline-editing\">Afl\u0103 mai multe<\/span><\/a><\/div><\/div><\/div>\n<\/div>\n<\/div>\n<\/div><\/div>\n\n\n\n<div class=\"wp-block-uagb-container uagb-block-c84325e4 alignfull uagb-is-root-container\"><div class=\"uagb-container-inner-blocks-wrap\">\n<div class=\"wp-block-uagb-info-box uagb-block-d8a09d88 uagb-infobox__content-wrap  uagb-infobox-icon-above-title uagb-infobox-image-valign-top\"><div class=\"uagb-ifb-content\"><div class=\"uagb-ifb-title-wrap\"><h2 class=\"uagb-ifb-title\">Sunte\u021bi gata s\u0103 face\u021bi partener cu noi?<\/h2><\/div><p class=\"uagb-ifb-desc\">Contacta\u021bi-ne ast\u0103zi pentru a discuta cerin\u021bele dumneavoastr\u0103 PCB \u0219i pentru a experimenta excelen\u021ba serviciilor de produc\u021bie TryVary.<\/p><div class=\"uagb-ifb-button-wrapper wp-block-button\"><a href=\"https:\/\/tryvary.com\/ro\/a-lua-legatura\/\" class=\"uagb-infobox-cta-link wp-block-button__link\" target=\"_self\" rel=\"noopener noreferrer\" onclick=\"return true;\" alt=\"\"><span class=\"uagb-inline-editing\">Ob\u021bine\u021bi o cota\u021bie<\/span><\/a><\/div><\/div><\/div>\n<\/div><\/div>","protected":false},"excerpt":{"rendered":"<p>Fabricarea de PCB Excelem \u00een producerea de pl\u0103ci de circuite imprimate de top, cu precizie \u0219i fiabilitate pentru a v\u0103 alimenta inova\u021biile electronice. PCB [\u2026]<\/p>","protected":false},"author":9,"featured_media":0,"parent":0,"menu_order":0,"comment_status":"closed","ping_status":"closed","template":"","meta":{"_uag_custom_page_level_css":"","site-sidebar-layout":"default","site-content-layout":"","ast-site-content-layout":"full-width-container","site-content-style":"default","site-sidebar-style":"default","ast-global-header-display":"","ast-banner-title-visibility":"","ast-main-header-display":"","ast-hfb-above-header-display":"","ast-hfb-below-header-display":"","ast-hfb-mobile-header-display":"","site-post-title":"disabled","ast-breadcrumbs-content":"","ast-featured-img":"","footer-sml-layout":"","ast-disable-related-posts":"","theme-transparent-header-meta":"enabled","adv-header-id-meta":"","stick-header-meta":"","header-above-stick-meta":"","header-main-stick-meta":"","header-below-stick-meta":"","astra-migrate-meta-layouts":"set","ast-page-background-enabled":"default","ast-page-background-meta":{"desktop":{"background-color":"var(--ast-global-color-4)","background-image":"","background-repeat":"repeat","background-position":"center center","background-size":"auto","background-attachment":"scroll","background-type":"","background-media":"","overlay-type":"","overlay-color":"","overlay-opacity":"","overlay-gradient":""},"tablet":{"background-color":"","background-image":"","background-repeat":"repeat","background-position":"center center","background-size":"auto","background-attachment":"scroll","background-type":"","background-media":"","overlay-type":"","overlay-color":"","overlay-opacity":"","overlay-gradient":""},"mobile":{"background-color":"","background-image":"","background-repeat":"repeat","background-position":"center center","background-size":"auto","background-attachment":"scroll","background-type":"","background-media":"","overlay-type":"","overlay-color":"","overlay-opacity":"","overlay-gradient":""}},"ast-content-background-meta":{"desktop":{"background-color":"var(--ast-global-color-5)","background-image":"","background-repeat":"repeat","background-position":"center center","background-size":"auto","background-attachment":"scroll","background-type":"","background-media":"","overlay-type":"","overlay-color":"","overlay-opacity":"","overlay-gradient":""},"tablet":{"background-color":"var(--ast-global-color-5)","background-image":"","background-repeat":"repeat","background-position":"center center","background-size":"auto","background-attachment":"scroll","background-type":"","background-media":"","overlay-type":"","overlay-color":"","overlay-opacity":"","overlay-gradient":""},"mobile":{"background-color":"var(--ast-global-color-5)","background-image":"","background-repeat":"repeat","background-position":"center center","background-size":"auto","background-attachment":"scroll","background-type":"","background-media":"","overlay-type":"","overlay-color":"","overlay-opacity":"","overlay-gradient":""}},"footnotes":""},"class_list":["post-8","page","type-page","status-publish","hentry"],"uagb_featured_image_src":{"full":false,"thumbnail":false,"medium":false,"medium_large":false,"large":false,"1536x1536":false,"2048x2048":false,"trp-custom-language-flag":false},"uagb_author_info":{"display_name":"Ben Lau","author_link":"https:\/\/tryvary.com\/ro\/author\/wsbpmbzuog4q\/"},"uagb_comment_info":0,"uagb_excerpt":"PCB Manufacturing We excel in producing top-notch printed circuit boards with precision and reliability to power your electronic innovations. PCB [&hellip;]","_links":{"self":[{"href":"https:\/\/tryvary.com\/ro\/wp-json\/wp\/v2\/pages\/8","targetHints":{"allow":["GET"]}}],"collection":[{"href":"https:\/\/tryvary.com\/ro\/wp-json\/wp\/v2\/pages"}],"about":[{"href":"https:\/\/tryvary.com\/ro\/wp-json\/wp\/v2\/types\/page"}],"author":[{"embeddable":true,"href":"https:\/\/tryvary.com\/ro\/wp-json\/wp\/v2\/users\/9"}],"replies":[{"embeddable":true,"href":"https:\/\/tryvary.com\/ro\/wp-json\/wp\/v2\/comments?post=8"}],"version-history":[{"count":2,"href":"https:\/\/tryvary.com\/ro\/wp-json\/wp\/v2\/pages\/8\/revisions"}],"predecessor-version":[{"id":1520,"href":"https:\/\/tryvary.com\/ro\/wp-json\/wp\/v2\/pages\/8\/revisions\/1520"}],"wp:attachment":[{"href":"https:\/\/tryvary.com\/ro\/wp-json\/wp\/v2\/media?parent=8"}],"curies":[{"name":"wp","href":"https:\/\/api.w.org\/{rel}","templated":true}]}}