{"id":118,"date":"2023-06-27T09:35:35","date_gmt":"2023-06-27T09:35:35","guid":{"rendered":"https:\/\/straight-soules-cx.zipwp.link\/?page_id=118"},"modified":"2024-05-25T10:37:32","modified_gmt":"2024-05-25T10:37:32","slug":"about","status":"publish","type":"page","link":"https:\/\/tryvary.com\/ro\/despre\/","title":{"rendered":"Despre"},"content":{"rendered":"<div class=\"wp-block-uagb-container uagb-block-7fa683e6 alignfull uagb-is-root-container\"><div class=\"uagb-container-inner-blocks-wrap\">\n<div class=\"wp-block-uagb-advanced-heading uagb-block-74b342eb\"><h1 class=\"uagb-heading-text\">Excelen\u021b\u0103 \u00een PCB<\/h1><\/div>\n<\/div><\/div>\n\n\n\n<div class=\"wp-block-uagb-container uagb-block-94ded581 alignfull uagb-is-root-container\"><div class=\"uagb-container-inner-blocks-wrap\">\n<div class=\"wp-block-uagb-advanced-heading uagb-block-671f3570\"><h2 class=\"uagb-heading-text\">Povestea noastr\u0103<\/h2><\/div>\n\n\n\n<div class=\"wp-block-uagb-container uagb-block-21891d52\">\n<div class=\"wp-block-uagb-container uagb-block-8a4a99e4\">\n<div class=\"wp-block-uagb-image alignleft uagb-block-e71a6b83 wp-block-uagb-image--layout-default wp-block-uagb-image--effect-static wp-block-uagb-image--align-left\"><figure class=\"wp-block-uagb-image__figure\"><img decoding=\"async\" srcset=\"https:\/\/tryvary.com\/wp-content\/uploads\/2024\/05\/zipwp-image-16647936.jpeg ,https:\/\/tryvary.com\/wp-content\/uploads\/2024\/05\/zipwp-image-16647936.jpeg 780w\" sizes=\"auto, (max-width: 480px) 150px\" src=\"https:\/\/tryvary.com\/wp-content\/uploads\/2024\/05\/zipwp-image-16647936.jpeg\" alt=\"\" class=\"uag-image-1502\" width=\"526\" height=\"536\" title=\"\" loading=\"lazy\" role=\"img\"\/><\/figure><\/div>\n<\/div>\n\n\n\n<div class=\"wp-block-uagb-container uagb-block-7e959f87\">\n<div class=\"wp-block-uagb-info-box uagb-block-4960c374 uagb-infobox__content-wrap  uagb-infobox-icon-above-title uagb-infobox-image-valign-top\"><div class=\"uagb-ifb-content\"><div class=\"uagb-ifb-title-wrap\"><h3 class=\"uagb-ifb-title\">TryVary se m\u00e2ndre\u0219te cu furnizarea de solu\u021bii electronice fiabile \u0219i eficiente clien\u021bilor din \u00eentreaga lume. Compania este cunoscut\u0103 pentru serviciile sale rapide \u0219i pre\u021burile competitive.<\/h3><\/div><p class=\"uagb-ifb-desc\">Fondat\u0103 cu viziunea de a oferi servicii de produc\u021bie de PCB de top, TryVary \u0219i-a \u00eenceput c\u0103l\u0103toria cu un angajament fa\u021b\u0103 de excelen\u021b\u0103. La TryVary, ne m\u00e2ndrim s\u0103 cre\u0103m <br><br>solu\u021bii digitale inovatoare care \u00eembun\u0103t\u0103\u021besc experien\u021ba utilizatorului \u0219i simplific\u0103 sarcinile de zi cu zi. Echipa noastr\u0103 de profesioni\u0219ti dedica\u021bi a dezvoltat aplica\u021bii \u0219i platforme de \u00eenalt\u0103 calitate, inclusiv renumita platform\u0103 Proudly, folosit\u0103 de companii precum Xiaomi.<br><br>Acum, dup\u0103 ce a fost achizi\u021bionat de Foundy Company, TryVary a f\u0103cut tranzi\u021bia oficial\u0103 pentru a se concentra pe produc\u021bia de PCB. Suntem responsabili pentru dezvoltarea \u0219i gestionarea proceselor de ultim\u0103 genera\u021bie implicate \u00een crearea de PCB-uri de \u00eenalt\u0103 calitate, continu\u00e2nd mo\u0219tenirea noastr\u0103 de inova\u021bie \u0219i calitate.<br><br>TryVary a deservit o gam\u0103 variat\u0103 de clien\u021bi din \u00eentreaga lume, g\u0103zduind industrii precum telecomunica\u021bii, auto, aerospa\u021bial \u0219i multe altele.<\/p><\/div><\/div>\n<\/div>\n<\/div>\n<\/div><\/div>\n\n\n\n<div class=\"wp-block-uagb-container uagb-block-cc344175 alignfull uagb-is-root-container\"><div class=\"uagb-container-inner-blocks-wrap\">\n<div class=\"wp-block-uagb-advanced-heading uagb-block-7b2294a3\"><h2 class=\"uagb-heading-text\">Valorile noastre fundamentale<\/h2><p class=\"uagb-desc-text\">Principii directoare care definesc angajamentul Try Vary fa\u021b\u0103 de calitate \u0219i excelen\u021b\u0103 \u00een servicii<\/p><\/div>\n\n\n\n<div class=\"wp-block-uagb-container uagb-block-ecb8dade\">\n<div class=\"wp-block-uagb-advanced-heading uagb-block-bef7d43a\"><h3 class=\"uagb-heading-text\">Calitate<\/h3><p class=\"uagb-desc-text\">Prioritizeaz\u0103 calitatea la fiecare pas al procesului nostru de fabrica\u021bie, asigur\u00e2ndu-ne c\u0103 fiecare produs PCB \u00eendepline\u0219te cele mai \u00eenalte standarde de excelen\u021b\u0103.<\/p><\/div>\n\n\n\n<div class=\"wp-block-uagb-advanced-heading uagb-block-b863782d\"><h3 class=\"uagb-heading-text\">Fiabilitate<\/h3><p class=\"uagb-desc-text\">Angajamentul nostru fa\u021b\u0103 de fiabilitate este neclintit. Clien\u021bii au \u00eencredere \u00een Try Vary pentru solu\u021bii electronice consistente, de \u00eencredere, care le satisface nevoile.<\/p><\/div>\n\n\n\n<div class=\"wp-block-uagb-advanced-heading uagb-block-9f890ad2\"><h3 class=\"uagb-heading-text\">Inova\u0163ie<\/h3><p class=\"uagb-desc-text\">La Try Vary, inova\u021bia conduce tot ceea ce facem. Dep\u0103\u0219im continuu grani\u021bele pentru a \u00eembun\u0103t\u0103\u021bi procesele \u0219i solu\u021biile noastre de fabricare a PCB-urilor.<\/p><\/div>\n<\/div>\n<\/div><\/div>\n\n\n\n<div class=\"wp-block-uagb-container uagb-block-c84325e4 alignfull uagb-is-root-container\"><div class=\"uagb-container-inner-blocks-wrap\">\n<div class=\"wp-block-uagb-info-box uagb-block-d8a09d88 uagb-infobox__content-wrap  uagb-infobox-icon-above-title uagb-infobox-image-valign-top\"><div class=\"uagb-ifb-content\"><div class=\"uagb-ifb-title-wrap\"><h2 class=\"uagb-ifb-title\">Sunte\u021bi gata s\u0103 face\u021bi partener cu noi?<\/h2><\/div><p class=\"uagb-ifb-desc\">Contacta\u021bi-ne ast\u0103zi pentru a discuta cerin\u021bele dumneavoastr\u0103 PCB \u0219i pentru a experimenta excelen\u021ba serviciilor de produc\u021bie TryVary.<\/p><div class=\"uagb-ifb-button-wrapper wp-block-button\"><a href=\"https:\/\/tryvary.com\/ro\/a-lua-legatura\/\" class=\"uagb-infobox-cta-link wp-block-button__link\" target=\"_self\" rel=\"noopener noreferrer\" onclick=\"return true;\" alt=\"\"><span class=\"uagb-inline-editing\">Ob\u021bine\u021bi o cota\u021bie<\/span><\/a><\/div><\/div><\/div>\n<\/div><\/div>","protected":false},"excerpt":{"rendered":"<p>Excelen\u021b\u0103 \u00een PCB Povestea noastr\u0103 Valorile noastre de baz\u0103 Principiile directoare care definesc angajamentul Try Vary fa\u021b\u0103 de calitate \u0219i excelen\u021b\u0103 \u00een servicii [\u2026]<\/p>","protected":false},"author":9,"featured_media":0,"parent":0,"menu_order":0,"comment_status":"closed","ping_status":"closed","template":"","meta":{"_uag_custom_page_level_css":"","site-sidebar-layout":"default","site-content-layout":"","ast-site-content-layout":"default","site-content-style":"default","site-sidebar-style":"default","ast-global-header-display":"","ast-banner-title-visibility":"","ast-main-header-display":"","ast-hfb-above-header-display":"","ast-hfb-below-header-display":"","ast-hfb-mobile-header-display":"","site-post-title":"disabled","ast-breadcrumbs-content":"","ast-featured-img":"","footer-sml-layout":"","ast-disable-related-posts":"","theme-transparent-header-meta":"enabled","adv-header-id-meta":"","stick-header-meta":"","header-above-stick-meta":"","header-main-stick-meta":"","header-below-stick-meta":"","astra-migrate-meta-layouts":"set","ast-page-background-enabled":"default","ast-page-background-meta":{"desktop":{"background-color":"var(--ast-global-color-4)","background-image":"","background-repeat":"repeat","background-position":"center center","background-size":"auto","background-attachment":"scroll","background-type":"","background-media":"","overlay-type":"","overlay-color":"","overlay-opacity":"","overlay-gradient":""},"tablet":{"background-color":"","background-image":"","background-repeat":"repeat","background-position":"center center","background-size":"auto","background-attachment":"scroll","background-type":"","background-media":"","overlay-type":"","overlay-color":"","overlay-opacity":"","overlay-gradient":""},"mobile":{"background-color":"","background-image":"","background-repeat":"repeat","background-position":"center center","background-size":"auto","background-attachment":"scroll","background-type":"","background-media":"","overlay-type":"","overlay-color":"","overlay-opacity":"","overlay-gradient":""}},"ast-content-background-meta":{"desktop":{"background-color":"var(--ast-global-color-5)","background-image":"","background-repeat":"repeat","background-position":"center center","background-size":"auto","background-attachment":"scroll","background-type":"","background-media":"","overlay-type":"","overlay-color":"","overlay-opacity":"","overlay-gradient":""},"tablet":{"background-color":"var(--ast-global-color-5)","background-image":"","background-repeat":"repeat","background-position":"center center","background-size":"auto","background-attachment":"scroll","background-type":"","background-media":"","overlay-type":"","overlay-color":"","overlay-opacity":"","overlay-gradient":""},"mobile":{"background-color":"var(--ast-global-color-5)","background-image":"","background-repeat":"repeat","background-position":"center center","background-size":"auto","background-attachment":"scroll","background-type":"","background-media":"","overlay-type":"","overlay-color":"","overlay-opacity":"","overlay-gradient":""}},"footnotes":""},"class_list":["post-118","page","type-page","status-publish","hentry"],"uagb_featured_image_src":{"full":false,"thumbnail":false,"medium":false,"medium_large":false,"large":false,"1536x1536":false,"2048x2048":false,"trp-custom-language-flag":false},"uagb_author_info":{"display_name":"Ben Lau","author_link":"https:\/\/tryvary.com\/ro\/author\/wsbpmbzuog4q\/"},"uagb_comment_info":0,"uagb_excerpt":"Excellence in PCB Our Story Our Core Values Guiding principles that define Try Vary\u2019s commitment to quality and service excellence [&hellip;]","_links":{"self":[{"href":"https:\/\/tryvary.com\/ro\/wp-json\/wp\/v2\/pages\/118","targetHints":{"allow":["GET"]}}],"collection":[{"href":"https:\/\/tryvary.com\/ro\/wp-json\/wp\/v2\/pages"}],"about":[{"href":"https:\/\/tryvary.com\/ro\/wp-json\/wp\/v2\/types\/page"}],"author":[{"embeddable":true,"href":"https:\/\/tryvary.com\/ro\/wp-json\/wp\/v2\/users\/9"}],"replies":[{"embeddable":true,"href":"https:\/\/tryvary.com\/ro\/wp-json\/wp\/v2\/comments?post=118"}],"version-history":[{"count":3,"href":"https:\/\/tryvary.com\/ro\/wp-json\/wp\/v2\/pages\/118\/revisions"}],"predecessor-version":[{"id":2369,"href":"https:\/\/tryvary.com\/ro\/wp-json\/wp\/v2\/pages\/118\/revisions\/2369"}],"wp:attachment":[{"href":"https:\/\/tryvary.com\/ro\/wp-json\/wp\/v2\/media?parent=118"}],"curies":[{"name":"wp","href":"https:\/\/api.w.org\/{rel}","templated":true}]}}