{"id":167,"date":"2023-06-27T12:27:09","date_gmt":"2023-06-27T12:27:09","guid":{"rendered":"https:\/\/straight-soules-cx.zipwp.link\/?page_id=167"},"modified":"2024-05-14T04:46:07","modified_gmt":"2024-05-14T04:46:07","slug":"offerings","status":"publish","type":"page","link":"https:\/\/tryvary.com\/pt\/ofertas\/","title":{"rendered":"Nosso servi\u00e7o"},"content":{"rendered":"<div class=\"wp-block-uagb-container uagb-block-6803eae3 alignfull uagb-is-root-container\"><div class=\"uagb-container-inner-blocks-wrap\">\n<div class=\"wp-block-uagb-advanced-heading uagb-block-a2f9964e\"><h1 class=\"uagb-heading-text\">Solu\u00e7\u00f5es de PCB de qualidade<\/h1><\/div>\n<\/div><\/div>\n\n\n\n<div class=\"wp-block-uagb-container uagb-block-623363c6 alignfull uagb-is-root-container\"><div class=\"uagb-container-inner-blocks-wrap\">\n<div class=\"wp-block-uagb-info-box uagb-block-3801b6ed uagb-infobox__content-wrap  uagb-infobox-icon-above-title uagb-infobox-image-valign-top\"><div class=\"uagb-ifb-content\"><div class=\"uagb-ifb-title-wrap\"><h2 class=\"uagb-ifb-title\">Principais ofertas que oferecemos<\/h2><\/div><p class=\"uagb-ifb-desc\">Explore nossas principais solu\u00e7\u00f5es de fabrica\u00e7\u00e3o eletr\u00f4nica projetadas para oferecer confiabilidade e efici\u00eancia.<\/p><\/div><\/div>\n\n\n\n<div class=\"wp-block-uagb-container uagb-block-e91230d3\">\n<div class=\"wp-block-uagb-container uagb-block-b46395ef\">\n<div class=\"wp-block-uagb-image alignleft uagb-block-4ff9da3f wp-block-uagb-image--layout-default wp-block-uagb-image--effect-static wp-block-uagb-image--align-left\"><figure class=\"wp-block-uagb-image__figure\"><img decoding=\"async\" srcset=\"https:\/\/tryvary.com\/wp-content\/uploads\/2024\/05\/zipwp-image-6755059.jpeg ,https:\/\/tryvary.com\/wp-content\/uploads\/2024\/05\/zipwp-image-6755059.jpeg 780w, https:\/\/tryvary.com\/wp-content\/uploads\/2024\/05\/zipwp-image-6755059.jpeg 360w\" sizes=\"auto, (max-width: 480px) 150px\" src=\"https:\/\/tryvary.com\/wp-content\/uploads\/2024\/05\/zipwp-image-6755059.jpeg\" alt=\"\" class=\"uag-image-1503\" width=\"560\" height=\"500\" title=\"\" loading=\"lazy\" role=\"img\"\/><\/figure><\/div>\n<\/div>\n\n\n\n<div class=\"wp-block-uagb-container uagb-block-7621abb2\">\n<div class=\"wp-block-uagb-info-box uagb-block-f3d2d6b2 uagb-infobox__content-wrap  uagb-infobox-icon-above-title uagb-infobox-image-valign-top\"><div class=\"uagb-ifb-content\"><div class=\"uagb-ifb-title-wrap\"><span class=\"uagb-ifb-title-prefix\">01<\/span><h3 class=\"uagb-ifb-title\">Fabrica\u00e7\u00e3o de PCBs<\/h3><\/div><p class=\"uagb-ifb-desc\">Nossas placas de circuito impresso de alta qualidade s\u00e3o meticulosamente elaboradas para atender \u00e0s especifica\u00e7\u00f5es exatas de cada cliente, garantindo desempenho e durabilidade superiores.<\/p><div class=\"uagb-ifb-button-wrapper wp-block-button\"><a href=\"https:\/\/tryvary.com\/pt\/contato\/\" class=\"uagb-infobox-cta-link wp-block-button__link\" target=\"_self\" rel=\"noopener noreferrer\" onclick=\"return true;\" alt=\"\"><span class=\"uagb-inline-editing\">Iniciar<\/span><\/a><\/div><\/div><\/div>\n<\/div>\n<\/div>\n\n\n\n<div class=\"wp-block-uagb-container uagb-block-3893b8aa\">\n<div class=\"wp-block-uagb-container uagb-block-b02b419f\">\n<div class=\"wp-block-uagb-image alignright uagb-block-2622f629 wp-block-uagb-image--layout-default wp-block-uagb-image--effect-static wp-block-uagb-image--align-right\"><figure class=\"wp-block-uagb-image__figure\"><img decoding=\"async\" srcset=\"https:\/\/tryvary.com\/wp-content\/uploads\/2024\/05\/zipwp-image-16647936.jpeg ,https:\/\/tryvary.com\/wp-content\/uploads\/2024\/05\/zipwp-image-16647936.jpeg 780w, https:\/\/tryvary.com\/wp-content\/uploads\/2024\/05\/zipwp-image-16647936.jpeg 360w\" sizes=\"auto, (max-width: 480px) 150px\" src=\"https:\/\/tryvary.com\/wp-content\/uploads\/2024\/05\/zipwp-image-16647936.jpeg\" alt=\"\" class=\"uag-image-1502\" width=\"560\" height=\"500\" title=\"\" loading=\"lazy\" role=\"img\"\/><\/figure><\/div>\n<\/div>\n\n\n\n<div class=\"wp-block-uagb-container uagb-block-862a6668\">\n<div class=\"wp-block-uagb-info-box uagb-block-411c16f4 uagb-infobox__content-wrap  uagb-infobox-icon-above-title uagb-infobox-image-valign-top\"><div class=\"uagb-ifb-content\"><div class=\"uagb-ifb-title-wrap\"><span class=\"uagb-ifb-title-prefix\">02<\/span><h3 class=\"uagb-ifb-title\">Montagem de PCB<\/h3><\/div><p class=\"uagb-ifb-desc\">Para solu\u00e7\u00f5es eletr\u00f4nicas abrangentes, nossos conjuntos de PCB integram componentes perfeitamente, proporcionando um produto final funcional e confi\u00e1vel.<\/p><div class=\"uagb-ifb-button-wrapper wp-block-button\"><a href=\"https:\/\/tryvary.com\/pt\/contato\/\" class=\"uagb-infobox-cta-link wp-block-button__link\" target=\"_self\" rel=\"noopener noreferrer\" onclick=\"return true;\" alt=\"\"><span class=\"uagb-inline-editing\">Iniciar<\/span><\/a><\/div><\/div><\/div>\n<\/div>\n<\/div>\n\n\n\n<div class=\"wp-block-uagb-container uagb-block-64c2a67e\">\n<div class=\"wp-block-uagb-container uagb-block-3fbfeeed\">\n<div class=\"wp-block-uagb-image alignleft uagb-block-5517d747 wp-block-uagb-image--layout-default wp-block-uagb-image--effect-static wp-block-uagb-image--align-left\"><figure class=\"wp-block-uagb-image__figure\"><img decoding=\"async\" srcset=\"https:\/\/tryvary.com\/wp-content\/uploads\/2024\/05\/zipwp-image-18734769.jpeg ,https:\/\/tryvary.com\/wp-content\/uploads\/2024\/05\/zipwp-image-18734769.jpeg 780w, https:\/\/tryvary.com\/wp-content\/uploads\/2024\/05\/zipwp-image-18734769.jpeg 360w\" sizes=\"auto, (max-width: 480px) 150px\" src=\"https:\/\/tryvary.com\/wp-content\/uploads\/2024\/05\/zipwp-image-18734769.jpeg\" alt=\"\" class=\"uag-image-1506\" width=\"560\" height=\"500\" title=\"\" loading=\"lazy\" role=\"img\"\/><\/figure><\/div>\n<\/div>\n\n\n\n<div class=\"wp-block-uagb-container uagb-block-4906a1e2\">\n<div class=\"wp-block-uagb-info-box uagb-block-b2c48bb3 uagb-infobox__content-wrap  uagb-infobox-icon-above-title uagb-infobox-image-valign-top\"><div class=\"uagb-ifb-content\"><div class=\"uagb-ifb-title-wrap\"><span class=\"uagb-ifb-title-prefix\">03<\/span><h3 class=\"uagb-ifb-title\">Design personalizado<\/h3><\/div><p class=\"uagb-ifb-desc\">Experimente nossos servi\u00e7os especializados de fabrica\u00e7\u00e3o de PCB que atendem a uma ampla gama de ind\u00fastrias, fornecendo solu\u00e7\u00f5es personalizadas para diversas necessidades eletr\u00f4nicas.<\/p><div class=\"uagb-ifb-button-wrapper wp-block-button\"><a href=\"https:\/\/tryvary.com\/pt\/contato\/\" class=\"uagb-infobox-cta-link wp-block-button__link\" target=\"_self\" rel=\"noopener noreferrer\" onclick=\"return true;\" alt=\"\"><span class=\"uagb-inline-editing\">Iniciar<\/span><\/a><\/div><\/div><\/div>\n<\/div>\n<\/div>\n<\/div><\/div>\n\n\n\n<div class=\"wp-block-uagb-container uagb-block-407e9912 alignfull uagb-is-root-container\"><div class=\"uagb-container-inner-blocks-wrap\">\n<div class=\"wp-block-uagb-testimonial uagb-slick-carousel uagb-tm__arrow-outside uagb-block-63d6bdbb uagb-post__carousel_notset uagb-post__carousel_notset-tablet uagb-post__carousel_notset-mobile\"><div class=\"is-carousel uagb-tm__columns-1 uagb-tm__items\"><div class=\"uagb-testimonial__wrap  uagb-tm__imgicon-style-circle uagb-tm__image-position-top uagb-tm__bg-type-none\"><div class=\"uagb-tm__content\"><div class=\"uagb-tm__overlay\"><\/div><div class=\"uagb-tm__image-content\"><div class=\"uagb-tm__image\"><img decoding=\"async\" class=\"uagb-tm-img-src\" src=\"https:\/\/tryvary.com\/wp-content\/uploads\/2023\/08\/testimonial-skip-02.jpeg\" alt=\"\" width=\"60\" height=\"60\" loading=\"lazy\"\/><\/div><\/div><div class=\"uagb-tm__text-wrap\"><div class=\"uagb-tm__desc\">TryVary superou nossas expectativas com seu atendimento r\u00e1pido e qualidade excepcional. Estamos muito satisfeitos com os resultados.<\/div><div class=\"uagb-tm__meta-inner\"><div class=\"uagb-testimonial-details\"><span class=\"uagb-tm__author-name\">Sofia Lee<\/span><span class=\"uagb-tm__company\"><\/span><\/div><\/div><\/div><\/div><\/div><\/div><\/div>\n<\/div><\/div>\n\n\n\n<div class=\"wp-block-uagb-container uagb-block-c6476a98 alignfull uagb-is-root-container\"><div class=\"uagb-container-inner-blocks-wrap\">\n<div class=\"wp-block-uagb-container uagb-block-499f3e2a\">\n<div class=\"wp-block-uagb-advanced-heading uagb-block-6fe09642\"><h2 class=\"uagb-heading-text\">Nossa Proposta de Valor \u00danica<\/h2><\/div>\n\n\n\n<div class=\"wp-block-uagb-advanced-heading uagb-block-72279faa\"><p class=\"uagb-heading-text\">Na TryVary, garantimos servi\u00e7o r\u00e1pido, pre\u00e7os competitivos e excel\u00eancia na fabrica\u00e7\u00e3o de PCB para atender \u00e0s suas necessidades eletr\u00f4nicas.<\/p><\/div>\n<\/div>\n\n\n\n<div class=\"wp-block-uagb-container uagb-block-8c7963ad\">\n<div class=\"wp-block-uagb-container uagb-block-918d0378\">\n<div class=\"wp-block-uagb-image uagb-block-0a080123 wp-block-uagb-image--layout-default wp-block-uagb-image--effect-static wp-block-uagb-image--align-none\"><figure class=\"wp-block-uagb-image__figure\"><img decoding=\"async\" srcset=\"https:\/\/tryvary.com\/wp-content\/uploads\/2024\/05\/zipwp-image-20031379.jpeg ,https:\/\/tryvary.com\/wp-content\/uploads\/2024\/05\/zipwp-image-20031379.jpeg 780w, https:\/\/tryvary.com\/wp-content\/uploads\/2024\/05\/zipwp-image-20031379.jpeg 360w\" sizes=\"auto, (max-width: 480px) 150px\" src=\"https:\/\/tryvary.com\/wp-content\/uploads\/2024\/05\/zipwp-image-20031379.jpeg\" alt=\"\" class=\"uag-image-1504\" width=\"560\" height=\"450\" title=\"\" loading=\"lazy\" role=\"img\"\/><\/figure><\/div>\n\n\n\n<div class=\"wp-block-uagb-advanced-heading uagb-block-53687665\"><h3 class=\"uagb-heading-text\">Servi\u00e7os confi\u00e1veis<\/h3><p class=\"uagb-desc-text\">Garantimos atendimento \u00e1gil e solu\u00e7\u00f5es eletr\u00f4nicas confi\u00e1veis, garantindo que seus projetos sejam entregues no prazo e dentro do or\u00e7amento.<\/p><\/div>\n<\/div>\n\n\n\n<div class=\"wp-block-uagb-container uagb-block-a2b4d0ac\">\n<div class=\"wp-block-uagb-image alignleft uagb-block-7a16e14f wp-block-uagb-image--layout-default wp-block-uagb-image--effect-static wp-block-uagb-image--align-left\"><figure class=\"wp-block-uagb-image__figure\"><img decoding=\"async\" srcset=\"https:\/\/tryvary.com\/wp-content\/uploads\/2024\/05\/zipwp-image-159220.jpeg ,https:\/\/tryvary.com\/wp-content\/uploads\/2024\/05\/zipwp-image-159220.jpeg 780w, https:\/\/tryvary.com\/wp-content\/uploads\/2024\/05\/zipwp-image-159220.jpeg 360w\" sizes=\"auto, (max-width: 480px) 150px\" src=\"https:\/\/tryvary.com\/wp-content\/uploads\/2024\/05\/zipwp-image-159220.jpeg\" alt=\"\" class=\"uag-image-1505\" width=\"560\" height=\"450\" title=\"\" loading=\"lazy\" role=\"img\"\/><\/figure><\/div>\n\n\n\n<div class=\"wp-block-uagb-advanced-heading uagb-block-c5a580ac\"><h3 class=\"uagb-heading-text\">Alcance global<\/h3><p class=\"uagb-desc-text\">Com clientes em todo o mundo, oferecemos pre\u00e7os competitivos e atendimento ao cliente \u00e1gil para atender \u00e0s suas necessidades de fabrica\u00e7\u00e3o de eletr\u00f4nicos.<\/p><\/div>\n<\/div>\n<\/div>\n<\/div><\/div>\n\n\n\n<div class=\"wp-block-uagb-container uagb-block-c84325e4 alignfull uagb-is-root-container\"><div class=\"uagb-container-inner-blocks-wrap\">\n<div class=\"wp-block-uagb-info-box uagb-block-d8a09d88 uagb-infobox__content-wrap  uagb-infobox-icon-above-title uagb-infobox-image-valign-top\"><div class=\"uagb-ifb-content\"><div class=\"uagb-ifb-title-wrap\"><h2 class=\"uagb-ifb-title\">Pronto para fazer parceria conosco?<\/h2><\/div><p class=\"uagb-ifb-desc\">Contate-nos hoje para discutir seus requisitos de PCB e experimentar a excel\u00eancia dos servi\u00e7os de fabrica\u00e7\u00e3o da TryVary.<\/p><div class=\"uagb-ifb-button-wrapper wp-block-button\"><a href=\"https:\/\/tryvary.com\/pt\/contato\/\" class=\"uagb-infobox-cta-link wp-block-button__link\" target=\"_self\" rel=\"noopener noreferrer\" onclick=\"return true;\" alt=\"\"><span class=\"uagb-inline-editing\">Obtenha uma cota\u00e7\u00e3o<\/span><\/a><\/div><\/div><\/div>\n<\/div><\/div>","protected":false},"excerpt":{"rendered":"<p>Solu\u00e7\u00f5es de PCB de qualidade Nossa proposta de valor exclusiva Na TryVary, garantimos servi\u00e7o r\u00e1pido, pre\u00e7os competitivos e excel\u00eancia na fabrica\u00e7\u00e3o de PCB [\u2026]<\/p>","protected":false},"author":9,"featured_media":0,"parent":0,"menu_order":0,"comment_status":"closed","ping_status":"closed","template":"","meta":{"_uag_custom_page_level_css":"","site-sidebar-layout":"default","site-content-layout":"","ast-site-content-layout":"default","site-content-style":"default","site-sidebar-style":"default","ast-global-header-display":"","ast-banner-title-visibility":"","ast-main-header-display":"","ast-hfb-above-header-display":"","ast-hfb-below-header-display":"","ast-hfb-mobile-header-display":"","site-post-title":"disabled","ast-breadcrumbs-content":"","ast-featured-img":"","footer-sml-layout":"","ast-disable-related-posts":"","theme-transparent-header-meta":"enabled","adv-header-id-meta":"","stick-header-meta":"","header-above-stick-meta":"","header-main-stick-meta":"","header-below-stick-meta":"","astra-migrate-meta-layouts":"set","ast-page-background-enabled":"default","ast-page-background-meta":{"desktop":{"background-color":"var(--ast-global-color-4)","background-image":"","background-repeat":"repeat","background-position":"center center","background-size":"auto","background-attachment":"scroll","background-type":"","background-media":"","overlay-type":"","overlay-color":"","overlay-opacity":"","overlay-gradient":""},"tablet":{"background-color":"","background-image":"","background-repeat":"repeat","background-position":"center center","background-size":"auto","background-attachment":"scroll","background-type":"","background-media":"","overlay-type":"","overlay-color":"","overlay-opacity":"","overlay-gradient":""},"mobile":{"background-color":"","background-image":"","background-repeat":"repeat","background-position":"center center","background-size":"auto","background-attachment":"scroll","background-type":"","background-media":"","overlay-type":"","overlay-color":"","overlay-opacity":"","overlay-gradient":""}},"ast-content-background-meta":{"desktop":{"background-color":"var(--ast-global-color-5)","background-image":"","background-repeat":"repeat","background-position":"center center","background-size":"auto","background-attachment":"scroll","background-type":"","background-media":"","overlay-type":"","overlay-color":"","overlay-opacity":"","overlay-gradient":""},"tablet":{"background-color":"var(--ast-global-color-5)","background-image":"","background-repeat":"repeat","background-position":"center center","background-size":"auto","background-attachment":"scroll","background-type":"","background-media":"","overlay-type":"","overlay-color":"","overlay-opacity":"","overlay-gradient":""},"mobile":{"background-color":"var(--ast-global-color-5)","background-image":"","background-repeat":"repeat","background-position":"center center","background-size":"auto","background-attachment":"scroll","background-type":"","background-media":"","overlay-type":"","overlay-color":"","overlay-opacity":"","overlay-gradient":""}},"footnotes":""},"class_list":["post-167","page","type-page","status-publish","hentry"],"uagb_featured_image_src":{"full":false,"thumbnail":false,"medium":false,"medium_large":false,"large":false,"1536x1536":false,"2048x2048":false,"trp-custom-language-flag":false},"uagb_author_info":{"display_name":"Ben Lau","author_link":"https:\/\/tryvary.com\/pt\/author\/wsbpmbzuog4q\/"},"uagb_comment_info":0,"uagb_excerpt":"Quality PCB Solutions Our Unique Value Proposition At TryVary, we guarantee swift service, competitive pricing, and excellence in PCB manufacturing [&hellip;]","_links":{"self":[{"href":"https:\/\/tryvary.com\/pt\/wp-json\/wp\/v2\/pages\/167","targetHints":{"allow":["GET"]}}],"collection":[{"href":"https:\/\/tryvary.com\/pt\/wp-json\/wp\/v2\/pages"}],"about":[{"href":"https:\/\/tryvary.com\/pt\/wp-json\/wp\/v2\/types\/page"}],"author":[{"embeddable":true,"href":"https:\/\/tryvary.com\/pt\/wp-json\/wp\/v2\/users\/9"}],"replies":[{"embeddable":true,"href":"https:\/\/tryvary.com\/pt\/wp-json\/wp\/v2\/comments?post=167"}],"version-history":[{"count":3,"href":"https:\/\/tryvary.com\/pt\/wp-json\/wp\/v2\/pages\/167\/revisions"}],"predecessor-version":[{"id":1522,"href":"https:\/\/tryvary.com\/pt\/wp-json\/wp\/v2\/pages\/167\/revisions\/1522"}],"wp:attachment":[{"href":"https:\/\/tryvary.com\/pt\/wp-json\/wp\/v2\/media?parent=167"}],"curies":[{"name":"wp","href":"https:\/\/api.w.org\/{rel}","templated":true}]}}