{"id":118,"date":"2023-06-27T09:35:35","date_gmt":"2023-06-27T09:35:35","guid":{"rendered":"https:\/\/straight-soules-cx.zipwp.link\/?page_id=118"},"modified":"2024-05-25T10:37:32","modified_gmt":"2024-05-25T10:37:32","slug":"about","status":"publish","type":"page","link":"https:\/\/tryvary.com\/pt\/sobre\/","title":{"rendered":"Sobre"},"content":{"rendered":"<div class=\"wp-block-uagb-container uagb-block-7fa683e6 alignfull uagb-is-root-container\"><div class=\"uagb-container-inner-blocks-wrap\">\n<div class=\"wp-block-uagb-advanced-heading uagb-block-74b342eb\"><h1 class=\"uagb-heading-text\">Excel\u00eancia em PCB<\/h1><\/div>\n<\/div><\/div>\n\n\n\n<div class=\"wp-block-uagb-container uagb-block-94ded581 alignfull uagb-is-root-container\"><div class=\"uagb-container-inner-blocks-wrap\">\n<div class=\"wp-block-uagb-advanced-heading uagb-block-671f3570\"><h2 class=\"uagb-heading-text\">Nossa hist\u00f3ria<\/h2><\/div>\n\n\n\n<div class=\"wp-block-uagb-container uagb-block-21891d52\">\n<div class=\"wp-block-uagb-container uagb-block-8a4a99e4\">\n<div class=\"wp-block-uagb-image alignleft uagb-block-e71a6b83 wp-block-uagb-image--layout-default wp-block-uagb-image--effect-static wp-block-uagb-image--align-left\"><figure class=\"wp-block-uagb-image__figure\"><img decoding=\"async\" srcset=\"https:\/\/tryvary.com\/wp-content\/uploads\/2024\/05\/zipwp-image-16647936.jpeg ,https:\/\/tryvary.com\/wp-content\/uploads\/2024\/05\/zipwp-image-16647936.jpeg 780w\" sizes=\"auto, (max-width: 480px) 150px\" src=\"https:\/\/tryvary.com\/wp-content\/uploads\/2024\/05\/zipwp-image-16647936.jpeg\" alt=\"\" class=\"uag-image-1502\" width=\"526\" height=\"536\" title=\"\" loading=\"lazy\" role=\"img\"\/><\/figure><\/div>\n<\/div>\n\n\n\n<div class=\"wp-block-uagb-container uagb-block-7e959f87\">\n<div class=\"wp-block-uagb-info-box uagb-block-4960c374 uagb-infobox__content-wrap  uagb-infobox-icon-above-title uagb-infobox-image-valign-top\"><div class=\"uagb-ifb-content\"><div class=\"uagb-ifb-title-wrap\"><h3 class=\"uagb-ifb-title\">A TryVary se orgulha de fornecer solu\u00e7\u00f5es eletr\u00f4nicas confi\u00e1veis e eficientes para clientes em todo o mundo. A empresa \u00e9 conhecida por seu servi\u00e7o r\u00e1pido e pre\u00e7os competitivos.<\/h3><\/div><p class=\"uagb-ifb-desc\">Fundada com a vis\u00e3o de fornecer servi\u00e7os de fabrica\u00e7\u00e3o de PCB de alto n\u00edvel, a TryVary iniciou sua jornada com um compromisso com a excel\u00eancia. Na TryVary, nos orgulhamos de criar <br><br>solu\u00e7\u00f5es digitais inovadoras que melhoram as experi\u00eancias do usu\u00e1rio e simplificam as tarefas di\u00e1rias. Nossa equipe de profissionais dedicados desenvolveu aplicativos e plataformas de alta qualidade, incluindo a renomada plataforma Proudly, usada por empresas como a Xiaomi.<br><br>Agora, ap\u00f3s ser adquirida pela Foundy Company, a TryVary fez a transi\u00e7\u00e3o oficial para se concentrar na fabrica\u00e7\u00e3o de PCB. Somos respons\u00e1veis por desenvolver e gerenciar processos de \u00faltima gera\u00e7\u00e3o envolvidos na cria\u00e7\u00e3o de PCBs de alta qualidade, dando continuidade ao nosso legado de inova\u00e7\u00e3o e qualidade.<br><br>A TryVary atendeu uma ampla gama de clientes em todo o mundo, atendendo setores como telecomunica\u00e7\u00f5es, automotivo, aeroespacial e muito mais.<\/p><\/div><\/div>\n<\/div>\n<\/div>\n<\/div><\/div>\n\n\n\n<div class=\"wp-block-uagb-container uagb-block-cc344175 alignfull uagb-is-root-container\"><div class=\"uagb-container-inner-blocks-wrap\">\n<div class=\"wp-block-uagb-advanced-heading uagb-block-7b2294a3\"><h2 class=\"uagb-heading-text\">Nossos principais valores<\/h2><p class=\"uagb-desc-text\">Princ\u00edpios orientadores que definem o compromisso da Try Vary com a qualidade e a excel\u00eancia do servi\u00e7o<\/p><\/div>\n\n\n\n<div class=\"wp-block-uagb-container uagb-block-ecb8dade\">\n<div class=\"wp-block-uagb-advanced-heading uagb-block-bef7d43a\"><h3 class=\"uagb-heading-text\">Qualidade<\/h3><p class=\"uagb-desc-text\">Priorizamos a qualidade em todas as etapas do nosso processo de fabrica\u00e7\u00e3o, garantindo que cada produto PCB atenda aos mais altos padr\u00f5es de excel\u00eancia.<\/p><\/div>\n\n\n\n<div class=\"wp-block-uagb-advanced-heading uagb-block-b863782d\"><h3 class=\"uagb-heading-text\">Confiabilidade<\/h3><p class=\"uagb-desc-text\">Nosso compromisso com a confiabilidade \u00e9 inabal\u00e1vel. Os clientes confiam no Try Vary para obter solu\u00e7\u00f5es eletr\u00f4nicas consistentes e confi\u00e1veis que atendam \u00e0s suas necessidades.<\/p><\/div>\n\n\n\n<div class=\"wp-block-uagb-advanced-heading uagb-block-9f890ad2\"><h3 class=\"uagb-heading-text\">Inova\u00e7\u00e3o<\/h3><p class=\"uagb-desc-text\">Na Try Vary, a inova\u00e7\u00e3o impulsiona tudo o que fazemos. Ultrapassamos continuamente os limites para aprimorar nossos processos e solu\u00e7\u00f5es de fabrica\u00e7\u00e3o de PCB.<\/p><\/div>\n<\/div>\n<\/div><\/div>\n\n\n\n<div class=\"wp-block-uagb-container uagb-block-c84325e4 alignfull uagb-is-root-container\"><div class=\"uagb-container-inner-blocks-wrap\">\n<div class=\"wp-block-uagb-info-box uagb-block-d8a09d88 uagb-infobox__content-wrap  uagb-infobox-icon-above-title uagb-infobox-image-valign-top\"><div class=\"uagb-ifb-content\"><div class=\"uagb-ifb-title-wrap\"><h2 class=\"uagb-ifb-title\">Pronto para fazer parceria conosco?<\/h2><\/div><p class=\"uagb-ifb-desc\">Contate-nos hoje para discutir seus requisitos de PCB e experimentar a excel\u00eancia dos servi\u00e7os de fabrica\u00e7\u00e3o da TryVary.<\/p><div class=\"uagb-ifb-button-wrapper wp-block-button\"><a href=\"https:\/\/tryvary.com\/pt\/contato\/\" class=\"uagb-infobox-cta-link wp-block-button__link\" target=\"_self\" rel=\"noopener noreferrer\" onclick=\"return true;\" alt=\"\"><span class=\"uagb-inline-editing\">Obtenha uma cota\u00e7\u00e3o<\/span><\/a><\/div><\/div><\/div>\n<\/div><\/div>","protected":false},"excerpt":{"rendered":"<p>Excel\u00eancia em PCB Nossa hist\u00f3ria Nossos valores fundamentais Princ\u00edpios orientadores que definem o compromisso da Try Vary com a qualidade e a excel\u00eancia em servi\u00e7os [\u2026]<\/p>","protected":false},"author":9,"featured_media":0,"parent":0,"menu_order":0,"comment_status":"closed","ping_status":"closed","template":"","meta":{"_uag_custom_page_level_css":"","site-sidebar-layout":"default","site-content-layout":"","ast-site-content-layout":"default","site-content-style":"default","site-sidebar-style":"default","ast-global-header-display":"","ast-banner-title-visibility":"","ast-main-header-display":"","ast-hfb-above-header-display":"","ast-hfb-below-header-display":"","ast-hfb-mobile-header-display":"","site-post-title":"disabled","ast-breadcrumbs-content":"","ast-featured-img":"","footer-sml-layout":"","ast-disable-related-posts":"","theme-transparent-header-meta":"enabled","adv-header-id-meta":"","stick-header-meta":"","header-above-stick-meta":"","header-main-stick-meta":"","header-below-stick-meta":"","astra-migrate-meta-layouts":"set","ast-page-background-enabled":"default","ast-page-background-meta":{"desktop":{"background-color":"var(--ast-global-color-4)","background-image":"","background-repeat":"repeat","background-position":"center center","background-size":"auto","background-attachment":"scroll","background-type":"","background-media":"","overlay-type":"","overlay-color":"","overlay-opacity":"","overlay-gradient":""},"tablet":{"background-color":"","background-image":"","background-repeat":"repeat","background-position":"center center","background-size":"auto","background-attachment":"scroll","background-type":"","background-media":"","overlay-type":"","overlay-color":"","overlay-opacity":"","overlay-gradient":""},"mobile":{"background-color":"","background-image":"","background-repeat":"repeat","background-position":"center center","background-size":"auto","background-attachment":"scroll","background-type":"","background-media":"","overlay-type":"","overlay-color":"","overlay-opacity":"","overlay-gradient":""}},"ast-content-background-meta":{"desktop":{"background-color":"var(--ast-global-color-5)","background-image":"","background-repeat":"repeat","background-position":"center center","background-size":"auto","background-attachment":"scroll","background-type":"","background-media":"","overlay-type":"","overlay-color":"","overlay-opacity":"","overlay-gradient":""},"tablet":{"background-color":"var(--ast-global-color-5)","background-image":"","background-repeat":"repeat","background-position":"center center","background-size":"auto","background-attachment":"scroll","background-type":"","background-media":"","overlay-type":"","overlay-color":"","overlay-opacity":"","overlay-gradient":""},"mobile":{"background-color":"var(--ast-global-color-5)","background-image":"","background-repeat":"repeat","background-position":"center center","background-size":"auto","background-attachment":"scroll","background-type":"","background-media":"","overlay-type":"","overlay-color":"","overlay-opacity":"","overlay-gradient":""}},"footnotes":""},"class_list":["post-118","page","type-page","status-publish","hentry"],"uagb_featured_image_src":{"full":false,"thumbnail":false,"medium":false,"medium_large":false,"large":false,"1536x1536":false,"2048x2048":false,"trp-custom-language-flag":false},"uagb_author_info":{"display_name":"Ben Lau","author_link":"https:\/\/tryvary.com\/pt\/author\/wsbpmbzuog4q\/"},"uagb_comment_info":0,"uagb_excerpt":"Excellence in PCB Our Story Our Core Values Guiding principles that define Try Vary\u2019s commitment to quality and service excellence [&hellip;]","_links":{"self":[{"href":"https:\/\/tryvary.com\/pt\/wp-json\/wp\/v2\/pages\/118","targetHints":{"allow":["GET"]}}],"collection":[{"href":"https:\/\/tryvary.com\/pt\/wp-json\/wp\/v2\/pages"}],"about":[{"href":"https:\/\/tryvary.com\/pt\/wp-json\/wp\/v2\/types\/page"}],"author":[{"embeddable":true,"href":"https:\/\/tryvary.com\/pt\/wp-json\/wp\/v2\/users\/9"}],"replies":[{"embeddable":true,"href":"https:\/\/tryvary.com\/pt\/wp-json\/wp\/v2\/comments?post=118"}],"version-history":[{"count":3,"href":"https:\/\/tryvary.com\/pt\/wp-json\/wp\/v2\/pages\/118\/revisions"}],"predecessor-version":[{"id":2369,"href":"https:\/\/tryvary.com\/pt\/wp-json\/wp\/v2\/pages\/118\/revisions\/2369"}],"wp:attachment":[{"href":"https:\/\/tryvary.com\/pt\/wp-json\/wp\/v2\/media?parent=118"}],"curies":[{"name":"wp","href":"https:\/\/api.w.org\/{rel}","templated":true}]}}