{"id":8,"date":"2023-06-27T05:38:39","date_gmt":"2023-06-27T05:38:39","guid":{"rendered":"https:\/\/straight-soules-cx.zipwp.link\/?page_id=8"},"modified":"2024-05-14T04:45:40","modified_gmt":"2024-05-14T04:45:40","slug":"home","status":"publish","type":"page","link":"https:\/\/tryvary.com\/fr\/","title":{"rendered":"Maison"},"content":{"rendered":"<div class=\"wp-block-uagb-container uagb-block-edf9ad47 alignfull uagb-is-root-container\"><div class=\"uagb-container-inner-blocks-wrap\">\n<div class=\"wp-block-uagb-info-box uagb-block-360d083e uagb-infobox__content-wrap  uagb-infobox-icon-above-title uagb-infobox-image-valign-top\"><div class=\"uagb-ifb-content\"><div class=\"uagb-ifb-title-wrap\"><h1 class=\"uagb-ifb-title\">Excellence dans la fabrication de PCB<\/h1><\/div><p class=\"uagb-ifb-desc\">Associez-vous \u00e0 nous pour des PCB de haute qualit\u00e9 et des services d&#039;assemblage de PCB exceptionnels qui r\u00e9pondent aux normes mondiales.<\/p><div class=\"uagb-ifb-button-wrapper wp-block-button\"><a href=\"https:\/\/tryvary.com\/fr\/contact\/\" class=\"uagb-infobox-cta-link wp-block-button__link\" target=\"_self\" rel=\"noopener noreferrer\" onclick=\"return true;\" alt=\"\"><span class=\"uagb-inline-editing\">Obtenez un devis<\/span><\/a><\/div><\/div><\/div>\n<\/div><\/div>\n\n\n\n<div class=\"wp-block-uagb-container uagb-block-cd2fc679 alignfull uagb-is-root-container\"><div class=\"uagb-container-inner-blocks-wrap\">\n<div class=\"wp-block-uagb-info-box uagb-block-3b175fd5 uagb-infobox__content-wrap  uagb-infobox-icon-above-title uagb-infobox-image-valign-top\"><div class=\"uagb-ifb-content\"><div class=\"uagb-ifb-title-wrap\"><h2 class=\"uagb-ifb-title\">Principales offres que nous proposons<\/h2><\/div><p class=\"uagb-ifb-desc\">D\u00e9couvrez nos principales solutions de fabrication \u00e9lectronique con\u00e7ues pour la fiabilit\u00e9 et l\u2019efficacit\u00e9.<\/p><\/div><\/div>\n\n\n\n<div class=\"wp-block-uagb-container uagb-block-93377a07\">\n<div class=\"wp-block-uagb-container uagb-block-fae5d157\">\n<div class=\"wp-block-uagb-image alignleft uagb-block-df4cd6be wp-block-uagb-image--layout-default wp-block-uagb-image--effect-static wp-block-uagb-image--align-left\"><figure class=\"wp-block-uagb-image__figure\"><img decoding=\"async\" srcset=\"https:\/\/tryvary.com\/wp-content\/uploads\/2024\/05\/zipwp-image-6755059.jpeg ,https:\/\/tryvary.com\/wp-content\/uploads\/2024\/05\/zipwp-image-6755059.jpeg 780w, https:\/\/tryvary.com\/wp-content\/uploads\/2024\/05\/zipwp-image-6755059.jpeg 360w\" sizes=\"auto, (max-width: 480px) 150px\" src=\"https:\/\/tryvary.com\/wp-content\/uploads\/2024\/05\/zipwp-image-6755059.jpeg\" alt=\"\" class=\"uag-image-1503\" width=\"373\" height=\"480\" title=\"\" loading=\"lazy\" role=\"img\"\/><\/figure><\/div>\n\n\n\n<div class=\"wp-block-uagb-advanced-heading uagb-block-82da6484\"><h3 class=\"uagb-heading-text\">Fabrication de PCB<\/h3><p class=\"uagb-desc-text\">Nous excellons dans la production de circuits imprim\u00e9s haut de gamme avec pr\u00e9cision et fiabilit\u00e9 pour alimenter vos innovations \u00e9lectroniques.<\/p><\/div>\n<\/div>\n\n\n\n<div class=\"wp-block-uagb-container uagb-block-b4a21a88\">\n<div class=\"wp-block-uagb-image alignleft uagb-block-2400b6c1 wp-block-uagb-image--layout-default wp-block-uagb-image--effect-static wp-block-uagb-image--align-left\"><figure class=\"wp-block-uagb-image__figure\"><img decoding=\"async\" srcset=\"https:\/\/tryvary.com\/wp-content\/uploads\/2024\/05\/zipwp-image-16647936.jpeg ,https:\/\/tryvary.com\/wp-content\/uploads\/2024\/05\/zipwp-image-16647936.jpeg 780w, https:\/\/tryvary.com\/wp-content\/uploads\/2024\/05\/zipwp-image-16647936.jpeg 360w\" sizes=\"auto, (max-width: 480px) 150px\" src=\"https:\/\/tryvary.com\/wp-content\/uploads\/2024\/05\/zipwp-image-16647936.jpeg\" alt=\"\" class=\"uag-image-1502\" width=\"373\" height=\"480\" title=\"\" loading=\"lazy\" role=\"img\"\/><\/figure><\/div>\n\n\n\n<div class=\"wp-block-uagb-advanced-heading uagb-block-ddf76d8a\"><h3 class=\"uagb-heading-text\">Assemblage de circuits imprim\u00e9s<\/h3><p class=\"uagb-desc-text\">Nos services avanc\u00e9s d\u2019assemblage de PCB garantissent une int\u00e9gration transparente des composants pour des performances \u00e9lectroniques sup\u00e9rieures.<\/p><\/div>\n<\/div>\n\n\n\n<div class=\"wp-block-uagb-container uagb-block-4be5b602\">\n<div class=\"wp-block-uagb-image alignleft uagb-block-b48fe4eb wp-block-uagb-image--layout-default wp-block-uagb-image--effect-static wp-block-uagb-image--align-left\"><figure class=\"wp-block-uagb-image__figure\"><img decoding=\"async\" srcset=\"https:\/\/tryvary.com\/wp-content\/uploads\/2024\/05\/zipwp-image-18734769.jpeg ,https:\/\/tryvary.com\/wp-content\/uploads\/2024\/05\/zipwp-image-18734769.jpeg 780w, https:\/\/tryvary.com\/wp-content\/uploads\/2024\/05\/zipwp-image-18734769.jpeg 360w\" sizes=\"auto, (max-width: 480px) 150px\" src=\"https:\/\/tryvary.com\/wp-content\/uploads\/2024\/05\/zipwp-image-18734769.jpeg\" alt=\"\" class=\"uag-image-1506\" width=\"373\" height=\"480\" title=\"\" loading=\"lazy\" role=\"img\"\/><\/figure><\/div>\n\n\n\n<div class=\"wp-block-uagb-advanced-heading uagb-block-2d89467b\"><h3 class=\"uagb-heading-text\">Design personalis\u00e9<\/h3><p class=\"uagb-desc-text\">Du concept \u00e0 la r\u00e9alit\u00e9, notre \u00e9quipe d&#039;experts propose des solutions de conception de PCB personnalis\u00e9es pour donner vie \u00e0 vos id\u00e9es.<\/p><\/div>\n<\/div>\n<\/div>\n<\/div><\/div>\n\n\n\n<div class=\"wp-block-uagb-container uagb-block-0cf1e869 alignfull uagb-is-root-container\"><div class=\"uagb-container-inner-blocks-wrap\">\n<div class=\"wp-block-uagb-container uagb-block-8e894bf5\">\n<div class=\"wp-block-uagb-image alignleft uagb-block-88e52dea wp-block-uagb-image--layout-default wp-block-uagb-image--effect-static wp-block-uagb-image--align-left\"><figure class=\"wp-block-uagb-image__figure\"><img decoding=\"async\" srcset=\"https:\/\/tryvary.com\/wp-content\/uploads\/2024\/05\/zipwp-image-18734753.jpeg ,https:\/\/tryvary.com\/wp-content\/uploads\/2024\/05\/zipwp-image-18734753.jpeg 780w, https:\/\/tryvary.com\/wp-content\/uploads\/2024\/05\/zipwp-image-18734753.jpeg 360w\" sizes=\"auto, (max-width: 480px) 150px\" src=\"https:\/\/tryvary.com\/wp-content\/uploads\/2024\/05\/zipwp-image-18734753.jpeg\" alt=\"\" class=\"uag-image-1507\" width=\"550\" height=\"536\" title=\"\" loading=\"lazy\" role=\"img\"\/><\/figure><\/div>\n<\/div>\n\n\n\n<div class=\"wp-block-uagb-container uagb-block-db5a712e\">\n<div class=\"wp-block-uagb-info-box uagb-block-69f2621f uagb-infobox__content-wrap  uagb-infobox-icon-above-title uagb-infobox-image-valign-top\"><div class=\"uagb-ifb-content\"><div class=\"uagb-ifb-title-wrap\"><h2 class=\"uagb-ifb-title\">Notre histoire<\/h2><\/div><p class=\"uagb-ifb-desc\">Avec plus d&#039;une d\u00e9cennie d&#039;exp\u00e9rience dans l&#039;industrie manufacturi\u00e8re, TryVary est l&#039;un des principaux fabricants de PCB bas\u00e9 en Chine. Sp\u00e9cialis\u00e9 dans les cartes de circuits imprim\u00e9s (PCB) et les assemblages de PCB (PCBA) de haute qualit\u00e9.<\/p><div class=\"uagb-ifb-button-wrapper wp-block-button\"><a href=\"https:\/\/tryvary.com\/fr\/a-propos\/\" class=\"uagb-infobox-cta-link wp-block-button__link\" target=\"_self\" rel=\"noopener noreferrer\" onclick=\"return true;\" alt=\"\"><span class=\"uagb-inline-editing\">Apprendre encore plus<\/span><\/a><\/div><\/div><\/div>\n<\/div>\n<\/div><\/div>\n\n\n\n<div class=\"wp-block-uagb-container uagb-block-b9774670 alignfull uagb-is-root-container\"><div class=\"uagb-container-inner-blocks-wrap\">\n<div class=\"wp-block-uagb-testimonial uagb-slick-carousel uagb-tm__arrow-outside uagb-block-9c5eb390 uagb-post__carousel_notset uagb-post__carousel_notset-tablet uagb-post__carousel_notset-mobile\"><div class=\"is-carousel uagb-tm__columns-1 uagb-tm__items\"><div class=\"uagb-testimonial__wrap  uagb-tm__imgicon-style-circle uagb-tm__image-position-top uagb-tm__bg-type-none\"><div class=\"uagb-tm__content\"><div class=\"uagb-tm__overlay\"><\/div><div class=\"uagb-tm__image-content\"><div class=\"uagb-tm__image\"><img decoding=\"async\" class=\"uagb-tm-img-src\" src=\"https:\/\/tryvary.com\/wp-content\/uploads\/2023\/08\/testimonial-skip-01.jpeg\" alt=\"\" width=\"64\" height=\"64\" loading=\"lazy\"\/><\/div><\/div><div class=\"uagb-tm__text-wrap\"><div class=\"uagb-tm__desc\">TryVary nous a fourni des PCB de haute qualit\u00e9 qui ont d\u00e9pass\u00e9 nos attentes. Excellent service et livraison rapide.<\/div><div class=\"uagb-tm__meta-inner\"><div class=\"uagb-testimonial-details\"><span class=\"uagb-tm__author-name\">James Smith<\/span><span class=\"uagb-tm__company\"><\/span><\/div><\/div><\/div><\/div><\/div><\/div><\/div>\n<\/div><\/div>\n\n\n\n<div class=\"wp-block-uagb-container uagb-block-ec01bfa7 alignfull uagb-is-root-container\"><div class=\"uagb-container-inner-blocks-wrap\">\n<div class=\"wp-block-uagb-info-box uagb-block-13d69fb3 uagb-infobox__content-wrap  uagb-infobox-icon-above-title uagb-infobox-image-valign-top\"><div class=\"uagb-ifb-content\"><div class=\"uagb-ifb-title-wrap\"><h2 class=\"uagb-ifb-title\">Notre proposition de valeur unique<\/h2><\/div><p class=\"uagb-ifb-desc\">Chez TryVary, nous garantissons un service rapide, des prix comp\u00e9titifs et l&#039;excellence dans la fabrication de PCB pour r\u00e9pondre \u00e0 vos besoins \u00e9lectroniques.<\/p><\/div><\/div>\n\n\n\n<div class=\"wp-block-uagb-container uagb-block-5bf3f238\">\n<div class=\"wp-block-uagb-container uagb-block-8b947d96\">\n<div class=\"wp-block-uagb-image uagb-block-f831083c wp-block-uagb-image--layout-default wp-block-uagb-image--effect-static wp-block-uagb-image--align-none\"><figure class=\"wp-block-uagb-image__figure\"><img decoding=\"async\" srcset=\"https:\/\/tryvary.com\/wp-content\/uploads\/2024\/05\/zipwp-image-6755059.jpeg ,https:\/\/tryvary.com\/wp-content\/uploads\/2024\/05\/zipwp-image-6755059.jpeg 780w, https:\/\/tryvary.com\/wp-content\/uploads\/2024\/05\/zipwp-image-6755059.jpeg 360w\" sizes=\"auto, (max-width: 480px) 150px\" src=\"https:\/\/tryvary.com\/wp-content\/uploads\/2024\/05\/zipwp-image-6755059.jpeg\" alt=\"\" class=\"uag-image-1503\" width=\"550\" height=\"500\" title=\"\" loading=\"lazy\" role=\"img\"\/><\/figure><\/div>\n<\/div>\n\n\n\n<div class=\"wp-block-uagb-container uagb-block-c465247c\">\n<div class=\"wp-block-uagb-info-box uagb-block-73b22374 uagb-infobox__content-wrap  uagb-infobox-icon-above-title uagb-infobox-image-valign-top\"><div class=\"uagb-ifb-content\"><div class=\"uagb-ifb-title-wrap\"><h3 class=\"uagb-ifb-title\">Services fiables<\/h3><\/div><p class=\"uagb-ifb-desc\">Nous garantissons un service rapide et des solutions \u00e9lectroniques fiables, garantissant que vos projets sont livr\u00e9s dans les d\u00e9lais et dans les limites du budget.<\/p><div class=\"uagb-ifb-button-wrapper wp-block-button\"><a href=\"https:\/\/tryvary.com\/fr\/offrandes\/\" class=\"uagb-infobox-cta-link wp-block-button__link\" target=\"_self\" rel=\"noopener noreferrer\" onclick=\"return true;\" alt=\"\"><span class=\"uagb-inline-editing\">Apprendre encore plus<\/span><\/a><\/div><\/div><\/div>\n<\/div>\n<\/div>\n\n\n\n<div class=\"wp-block-uagb-container uagb-block-4dac132f\">\n<div class=\"wp-block-uagb-container uagb-block-44450004\">\n<div class=\"wp-block-uagb-image uagb-block-1fbbd46b wp-block-uagb-image--layout-default wp-block-uagb-image--effect-static wp-block-uagb-image--align-none\"><figure class=\"wp-block-uagb-image__figure\"><img decoding=\"async\" srcset=\"https:\/\/tryvary.com\/wp-content\/uploads\/2024\/05\/zipwp-image-16647936.jpeg ,https:\/\/tryvary.com\/wp-content\/uploads\/2024\/05\/zipwp-image-16647936.jpeg 780w, https:\/\/tryvary.com\/wp-content\/uploads\/2024\/05\/zipwp-image-16647936.jpeg 360w\" sizes=\"auto, (max-width: 480px) 150px\" src=\"https:\/\/tryvary.com\/wp-content\/uploads\/2024\/05\/zipwp-image-16647936.jpeg\" alt=\"\" class=\"uag-image-1502\" width=\"550\" height=\"500\" title=\"\" loading=\"lazy\" role=\"img\"\/><\/figure><\/div>\n<\/div>\n\n\n\n<div class=\"wp-block-uagb-container uagb-block-8b26c666\">\n<div class=\"wp-block-uagb-info-box uagb-block-af69361d uagb-infobox__content-wrap  uagb-infobox-icon-above-title uagb-infobox-image-valign-top\"><div class=\"uagb-ifb-content\"><div class=\"uagb-ifb-title-wrap\"><h3 class=\"uagb-ifb-title\">Port\u00e9e mondiale<\/h3><\/div><p class=\"uagb-ifb-desc\">Avec des clients dans le monde entier, nous proposons des prix comp\u00e9titifs et un service client r\u00e9actif pour r\u00e9pondre \u00e0 vos besoins en mati\u00e8re de fabrication \u00e9lectronique.<\/p><div class=\"uagb-ifb-button-wrapper wp-block-button\"><a href=\"https:\/\/tryvary.com\/fr\/offrandes\/\" class=\"uagb-infobox-cta-link wp-block-button__link\" target=\"_self\" rel=\"noopener noreferrer\" onclick=\"return true;\" alt=\"\"><span class=\"uagb-inline-editing\">Apprendre encore plus<\/span><\/a><\/div><\/div><\/div>\n<\/div>\n<\/div>\n<\/div><\/div>\n\n\n\n<div class=\"wp-block-uagb-container uagb-block-c84325e4 alignfull uagb-is-root-container\"><div class=\"uagb-container-inner-blocks-wrap\">\n<div class=\"wp-block-uagb-info-box uagb-block-d8a09d88 uagb-infobox__content-wrap  uagb-infobox-icon-above-title uagb-infobox-image-valign-top\"><div class=\"uagb-ifb-content\"><div class=\"uagb-ifb-title-wrap\"><h2 class=\"uagb-ifb-title\">Pr\u00eat \u00e0 devenir partenaire avec nous ?<\/h2><\/div><p class=\"uagb-ifb-desc\">Contactez-nous d\u00e8s aujourd&#039;hui pour discuter de vos besoins en PCB et d\u00e9couvrir l&#039;excellence des services de fabrication de TryVary.<\/p><div class=\"uagb-ifb-button-wrapper wp-block-button\"><a href=\"https:\/\/tryvary.com\/fr\/contact\/\" class=\"uagb-infobox-cta-link wp-block-button__link\" target=\"_self\" rel=\"noopener noreferrer\" onclick=\"return true;\" alt=\"\"><span class=\"uagb-inline-editing\">Obtenez un devis<\/span><\/a><\/div><\/div><\/div>\n<\/div><\/div>","protected":false},"excerpt":{"rendered":"<p>Fabrication de circuits imprim\u00e9s Nous excellons dans la production de circuits imprim\u00e9s haut de gamme avec pr\u00e9cision et fiabilit\u00e9 pour alimenter vos innovations \u00e9lectroniques. PCB [\u2026]<\/p>","protected":false},"author":9,"featured_media":0,"parent":0,"menu_order":0,"comment_status":"closed","ping_status":"closed","template":"","meta":{"_uag_custom_page_level_css":"","site-sidebar-layout":"default","site-content-layout":"","ast-site-content-layout":"full-width-container","site-content-style":"default","site-sidebar-style":"default","ast-global-header-display":"","ast-banner-title-visibility":"","ast-main-header-display":"","ast-hfb-above-header-display":"","ast-hfb-below-header-display":"","ast-hfb-mobile-header-display":"","site-post-title":"disabled","ast-breadcrumbs-content":"","ast-featured-img":"","footer-sml-layout":"","ast-disable-related-posts":"","theme-transparent-header-meta":"enabled","adv-header-id-meta":"","stick-header-meta":"","header-above-stick-meta":"","header-main-stick-meta":"","header-below-stick-meta":"","astra-migrate-meta-layouts":"set","ast-page-background-enabled":"default","ast-page-background-meta":{"desktop":{"background-color":"var(--ast-global-color-4)","background-image":"","background-repeat":"repeat","background-position":"center center","background-size":"auto","background-attachment":"scroll","background-type":"","background-media":"","overlay-type":"","overlay-color":"","overlay-opacity":"","overlay-gradient":""},"tablet":{"background-color":"","background-image":"","background-repeat":"repeat","background-position":"center center","background-size":"auto","background-attachment":"scroll","background-type":"","background-media":"","overlay-type":"","overlay-color":"","overlay-opacity":"","overlay-gradient":""},"mobile":{"background-color":"","background-image":"","background-repeat":"repeat","background-position":"center center","background-size":"auto","background-attachment":"scroll","background-type":"","background-media":"","overlay-type":"","overlay-color":"","overlay-opacity":"","overlay-gradient":""}},"ast-content-background-meta":{"desktop":{"background-color":"var(--ast-global-color-5)","background-image":"","background-repeat":"repeat","background-position":"center center","background-size":"auto","background-attachment":"scroll","background-type":"","background-media":"","overlay-type":"","overlay-color":"","overlay-opacity":"","overlay-gradient":""},"tablet":{"background-color":"var(--ast-global-color-5)","background-image":"","background-repeat":"repeat","background-position":"center center","background-size":"auto","background-attachment":"scroll","background-type":"","background-media":"","overlay-type":"","overlay-color":"","overlay-opacity":"","overlay-gradient":""},"mobile":{"background-color":"var(--ast-global-color-5)","background-image":"","background-repeat":"repeat","background-position":"center center","background-size":"auto","background-attachment":"scroll","background-type":"","background-media":"","overlay-type":"","overlay-color":"","overlay-opacity":"","overlay-gradient":""}},"footnotes":""},"class_list":["post-8","page","type-page","status-publish","hentry"],"uagb_featured_image_src":{"full":false,"thumbnail":false,"medium":false,"medium_large":false,"large":false,"1536x1536":false,"2048x2048":false,"trp-custom-language-flag":false},"uagb_author_info":{"display_name":"Ben Lau","author_link":"https:\/\/tryvary.com\/fr\/author\/wsbpmbzuog4q\/"},"uagb_comment_info":0,"uagb_excerpt":"PCB Manufacturing We excel in producing top-notch printed circuit boards with precision and reliability to power your electronic innovations. PCB [&hellip;]","_links":{"self":[{"href":"https:\/\/tryvary.com\/fr\/wp-json\/wp\/v2\/pages\/8","targetHints":{"allow":["GET"]}}],"collection":[{"href":"https:\/\/tryvary.com\/fr\/wp-json\/wp\/v2\/pages"}],"about":[{"href":"https:\/\/tryvary.com\/fr\/wp-json\/wp\/v2\/types\/page"}],"author":[{"embeddable":true,"href":"https:\/\/tryvary.com\/fr\/wp-json\/wp\/v2\/users\/9"}],"replies":[{"embeddable":true,"href":"https:\/\/tryvary.com\/fr\/wp-json\/wp\/v2\/comments?post=8"}],"version-history":[{"count":2,"href":"https:\/\/tryvary.com\/fr\/wp-json\/wp\/v2\/pages\/8\/revisions"}],"predecessor-version":[{"id":1520,"href":"https:\/\/tryvary.com\/fr\/wp-json\/wp\/v2\/pages\/8\/revisions\/1520"}],"wp:attachment":[{"href":"https:\/\/tryvary.com\/fr\/wp-json\/wp\/v2\/media?parent=8"}],"curies":[{"name":"wp","href":"https:\/\/api.w.org\/{rel}","templated":true}]}}