{"id":118,"date":"2023-06-27T09:35:35","date_gmt":"2023-06-27T09:35:35","guid":{"rendered":"https:\/\/straight-soules-cx.zipwp.link\/?page_id=118"},"modified":"2024-05-25T10:37:32","modified_gmt":"2024-05-25T10:37:32","slug":"about","status":"publish","type":"page","link":"https:\/\/tryvary.com\/fr\/a-propos\/","title":{"rendered":"\u00c0 propos"},"content":{"rendered":"<div class=\"wp-block-uagb-container uagb-block-7fa683e6 alignfull uagb-is-root-container\"><div class=\"uagb-container-inner-blocks-wrap\">\n<div class=\"wp-block-uagb-advanced-heading uagb-block-74b342eb\"><h1 class=\"uagb-heading-text\">Excellence en PCB<\/h1><\/div>\n<\/div><\/div>\n\n\n\n<div class=\"wp-block-uagb-container uagb-block-94ded581 alignfull uagb-is-root-container\"><div class=\"uagb-container-inner-blocks-wrap\">\n<div class=\"wp-block-uagb-advanced-heading uagb-block-671f3570\"><h2 class=\"uagb-heading-text\">Notre histoire<\/h2><\/div>\n\n\n\n<div class=\"wp-block-uagb-container uagb-block-21891d52\">\n<div class=\"wp-block-uagb-container uagb-block-8a4a99e4\">\n<div class=\"wp-block-uagb-image alignleft uagb-block-e71a6b83 wp-block-uagb-image--layout-default wp-block-uagb-image--effect-static wp-block-uagb-image--align-left\"><figure class=\"wp-block-uagb-image__figure\"><img decoding=\"async\" srcset=\"https:\/\/tryvary.com\/wp-content\/uploads\/2024\/05\/zipwp-image-16647936.jpeg ,https:\/\/tryvary.com\/wp-content\/uploads\/2024\/05\/zipwp-image-16647936.jpeg 780w\" sizes=\"auto, (max-width: 480px) 150px\" src=\"https:\/\/tryvary.com\/wp-content\/uploads\/2024\/05\/zipwp-image-16647936.jpeg\" alt=\"\" class=\"uag-image-1502\" width=\"526\" height=\"536\" title=\"\" loading=\"lazy\" role=\"img\"\/><\/figure><\/div>\n<\/div>\n\n\n\n<div class=\"wp-block-uagb-container uagb-block-7e959f87\">\n<div class=\"wp-block-uagb-info-box uagb-block-4960c374 uagb-infobox__content-wrap  uagb-infobox-icon-above-title uagb-infobox-image-valign-top\"><div class=\"uagb-ifb-content\"><div class=\"uagb-ifb-title-wrap\"><h3 class=\"uagb-ifb-title\">TryVary est fier de fournir des solutions \u00e9lectroniques fiables et efficaces \u00e0 ses clients du monde entier. L&#039;entreprise est connue pour son service rapide et ses prix comp\u00e9titifs.<\/h3><\/div><p class=\"uagb-ifb-desc\">Fond\u00e9e avec la vision de fournir des services de fabrication de PCB de premier ordre, TryVary a commenc\u00e9 son parcours avec un engagement envers l&#039;excellence. Chez TryVary, nous sommes fiers de cr\u00e9er <br><br>des solutions num\u00e9riques innovantes qui am\u00e9liorent l\u2019exp\u00e9rience utilisateur et simplifient les t\u00e2ches quotidiennes. Notre \u00e9quipe de professionnels d\u00e9vou\u00e9s a d\u00e9velopp\u00e9 des applications et des plateformes de haute qualit\u00e9, notamment la c\u00e9l\u00e8bre plateforme Proudly, utilis\u00e9e par des entreprises comme Xiaomi.<br><br>Aujourd&#039;hui, apr\u00e8s avoir \u00e9t\u00e9 rachet\u00e9e par Foundy Company, TryVary s&#039;est officiellement concentr\u00e9e sur la fabrication de PCB. Nous sommes responsables du d\u00e9veloppement et de la gestion des processus de pointe impliqu\u00e9s dans la cr\u00e9ation de PCB de haute qualit\u00e9, poursuivant ainsi notre h\u00e9ritage d&#039;innovation et de qualit\u00e9.<br><br>TryVary a servi un large \u00e9ventail de clients dans le monde entier, s&#039;adressant \u00e0 des secteurs tels que les t\u00e9l\u00e9communications, l&#039;automobile, l&#039;a\u00e9rospatiale, etc.<\/p><\/div><\/div>\n<\/div>\n<\/div>\n<\/div><\/div>\n\n\n\n<div class=\"wp-block-uagb-container uagb-block-cc344175 alignfull uagb-is-root-container\"><div class=\"uagb-container-inner-blocks-wrap\">\n<div class=\"wp-block-uagb-advanced-heading uagb-block-7b2294a3\"><h2 class=\"uagb-heading-text\">Nos valeurs fondamentales<\/h2><p class=\"uagb-desc-text\">Principes directeurs qui d\u00e9finissent l&#039;engagement de Try Vary envers la qualit\u00e9 et l&#039;excellence du service<\/p><\/div>\n\n\n\n<div class=\"wp-block-uagb-container uagb-block-ecb8dade\">\n<div class=\"wp-block-uagb-advanced-heading uagb-block-bef7d43a\"><h3 class=\"uagb-heading-text\">Qualit\u00e9<\/h3><p class=\"uagb-desc-text\">Nous accordons la priorit\u00e9 \u00e0 la qualit\u00e9 \u00e0 chaque \u00e9tape de notre processus de fabrication, garantissant que chaque produit PCB r\u00e9pond aux normes d&#039;excellence les plus \u00e9lev\u00e9es.<\/p><\/div>\n\n\n\n<div class=\"wp-block-uagb-advanced-heading uagb-block-b863782d\"><h3 class=\"uagb-heading-text\">Fiabilit\u00e9<\/h3><p class=\"uagb-desc-text\">Notre engagement envers la fiabilit\u00e9 est in\u00e9branlable. Les clients font confiance \u00e0 Try Vary pour des solutions \u00e9lectroniques coh\u00e9rentes et fiables qui r\u00e9pondent \u00e0 leurs besoins.<\/p><\/div>\n\n\n\n<div class=\"wp-block-uagb-advanced-heading uagb-block-9f890ad2\"><h3 class=\"uagb-heading-text\">Innovation<\/h3><p class=\"uagb-desc-text\">Chez Try Vary, l\u2019innovation est au c\u0153ur de tout ce que nous faisons. Nous repoussons continuellement les limites pour am\u00e9liorer nos processus et solutions de fabrication de PCB.<\/p><\/div>\n<\/div>\n<\/div><\/div>\n\n\n\n<div class=\"wp-block-uagb-container uagb-block-c84325e4 alignfull uagb-is-root-container\"><div class=\"uagb-container-inner-blocks-wrap\">\n<div class=\"wp-block-uagb-info-box uagb-block-d8a09d88 uagb-infobox__content-wrap  uagb-infobox-icon-above-title uagb-infobox-image-valign-top\"><div class=\"uagb-ifb-content\"><div class=\"uagb-ifb-title-wrap\"><h2 class=\"uagb-ifb-title\">Pr\u00eat \u00e0 devenir partenaire avec nous ?<\/h2><\/div><p class=\"uagb-ifb-desc\">Contactez-nous d\u00e8s aujourd&#039;hui pour discuter de vos besoins en PCB et d\u00e9couvrir l&#039;excellence des services de fabrication de TryVary.<\/p><div class=\"uagb-ifb-button-wrapper wp-block-button\"><a href=\"https:\/\/tryvary.com\/fr\/contact\/\" class=\"uagb-infobox-cta-link wp-block-button__link\" target=\"_self\" rel=\"noopener noreferrer\" onclick=\"return true;\" alt=\"\"><span class=\"uagb-inline-editing\">Obtenez un devis<\/span><\/a><\/div><\/div><\/div>\n<\/div><\/div>","protected":false},"excerpt":{"rendered":"<p>Excellence en PCB Notre histoire Nos valeurs fondamentales Principes directeurs qui d\u00e9finissent l&#039;engagement de Try Vary envers l&#039;excellence de la qualit\u00e9 et du service [\u2026]<\/p>","protected":false},"author":9,"featured_media":0,"parent":0,"menu_order":0,"comment_status":"closed","ping_status":"closed","template":"","meta":{"_uag_custom_page_level_css":"","site-sidebar-layout":"default","site-content-layout":"","ast-site-content-layout":"default","site-content-style":"default","site-sidebar-style":"default","ast-global-header-display":"","ast-banner-title-visibility":"","ast-main-header-display":"","ast-hfb-above-header-display":"","ast-hfb-below-header-display":"","ast-hfb-mobile-header-display":"","site-post-title":"disabled","ast-breadcrumbs-content":"","ast-featured-img":"","footer-sml-layout":"","ast-disable-related-posts":"","theme-transparent-header-meta":"enabled","adv-header-id-meta":"","stick-header-meta":"","header-above-stick-meta":"","header-main-stick-meta":"","header-below-stick-meta":"","astra-migrate-meta-layouts":"set","ast-page-background-enabled":"default","ast-page-background-meta":{"desktop":{"background-color":"var(--ast-global-color-4)","background-image":"","background-repeat":"repeat","background-position":"center center","background-size":"auto","background-attachment":"scroll","background-type":"","background-media":"","overlay-type":"","overlay-color":"","overlay-opacity":"","overlay-gradient":""},"tablet":{"background-color":"","background-image":"","background-repeat":"repeat","background-position":"center center","background-size":"auto","background-attachment":"scroll","background-type":"","background-media":"","overlay-type":"","overlay-color":"","overlay-opacity":"","overlay-gradient":""},"mobile":{"background-color":"","background-image":"","background-repeat":"repeat","background-position":"center center","background-size":"auto","background-attachment":"scroll","background-type":"","background-media":"","overlay-type":"","overlay-color":"","overlay-opacity":"","overlay-gradient":""}},"ast-content-background-meta":{"desktop":{"background-color":"var(--ast-global-color-5)","background-image":"","background-repeat":"repeat","background-position":"center center","background-size":"auto","background-attachment":"scroll","background-type":"","background-media":"","overlay-type":"","overlay-color":"","overlay-opacity":"","overlay-gradient":""},"tablet":{"background-color":"var(--ast-global-color-5)","background-image":"","background-repeat":"repeat","background-position":"center center","background-size":"auto","background-attachment":"scroll","background-type":"","background-media":"","overlay-type":"","overlay-color":"","overlay-opacity":"","overlay-gradient":""},"mobile":{"background-color":"var(--ast-global-color-5)","background-image":"","background-repeat":"repeat","background-position":"center center","background-size":"auto","background-attachment":"scroll","background-type":"","background-media":"","overlay-type":"","overlay-color":"","overlay-opacity":"","overlay-gradient":""}},"footnotes":""},"class_list":["post-118","page","type-page","status-publish","hentry"],"uagb_featured_image_src":{"full":false,"thumbnail":false,"medium":false,"medium_large":false,"large":false,"1536x1536":false,"2048x2048":false,"trp-custom-language-flag":false},"uagb_author_info":{"display_name":"Ben Lau","author_link":"https:\/\/tryvary.com\/fr\/author\/wsbpmbzuog4q\/"},"uagb_comment_info":0,"uagb_excerpt":"Excellence in PCB Our Story Our Core Values Guiding principles that define Try Vary\u2019s commitment to quality and service excellence [&hellip;]","_links":{"self":[{"href":"https:\/\/tryvary.com\/fr\/wp-json\/wp\/v2\/pages\/118","targetHints":{"allow":["GET"]}}],"collection":[{"href":"https:\/\/tryvary.com\/fr\/wp-json\/wp\/v2\/pages"}],"about":[{"href":"https:\/\/tryvary.com\/fr\/wp-json\/wp\/v2\/types\/page"}],"author":[{"embeddable":true,"href":"https:\/\/tryvary.com\/fr\/wp-json\/wp\/v2\/users\/9"}],"replies":[{"embeddable":true,"href":"https:\/\/tryvary.com\/fr\/wp-json\/wp\/v2\/comments?post=118"}],"version-history":[{"count":3,"href":"https:\/\/tryvary.com\/fr\/wp-json\/wp\/v2\/pages\/118\/revisions"}],"predecessor-version":[{"id":2369,"href":"https:\/\/tryvary.com\/fr\/wp-json\/wp\/v2\/pages\/118\/revisions\/2369"}],"wp:attachment":[{"href":"https:\/\/tryvary.com\/fr\/wp-json\/wp\/v2\/media?parent=118"}],"curies":[{"name":"wp","href":"https:\/\/api.w.org\/{rel}","templated":true}]}}