{"id":118,"date":"2023-06-27T09:35:35","date_gmt":"2023-06-27T09:35:35","guid":{"rendered":"https:\/\/straight-soules-cx.zipwp.link\/?page_id=118"},"modified":"2024-05-25T10:37:32","modified_gmt":"2024-05-25T10:37:32","slug":"about","status":"publish","type":"page","link":"https:\/\/tryvary.com\/de\/um\/","title":{"rendered":"Um"},"content":{"rendered":"<div class=\"wp-block-uagb-container uagb-block-7fa683e6 alignfull uagb-is-root-container\"><div class=\"uagb-container-inner-blocks-wrap\">\n<div class=\"wp-block-uagb-advanced-heading uagb-block-74b342eb\"><h1 class=\"uagb-heading-text\">Exzellenz in PCB<\/h1><\/div>\n<\/div><\/div>\n\n\n\n<div class=\"wp-block-uagb-container uagb-block-94ded581 alignfull uagb-is-root-container\"><div class=\"uagb-container-inner-blocks-wrap\">\n<div class=\"wp-block-uagb-advanced-heading uagb-block-671f3570\"><h2 class=\"uagb-heading-text\">Unsere Geschichte<\/h2><\/div>\n\n\n\n<div class=\"wp-block-uagb-container uagb-block-21891d52\">\n<div class=\"wp-block-uagb-container uagb-block-8a4a99e4\">\n<div class=\"wp-block-uagb-image alignleft uagb-block-e71a6b83 wp-block-uagb-image--layout-default wp-block-uagb-image--effect-static wp-block-uagb-image--align-left\"><figure class=\"wp-block-uagb-image__figure\"><img decoding=\"async\" srcset=\"https:\/\/tryvary.com\/wp-content\/uploads\/2024\/05\/zipwp-image-16647936.jpeg ,https:\/\/tryvary.com\/wp-content\/uploads\/2024\/05\/zipwp-image-16647936.jpeg 780w\" sizes=\"auto, (max-width: 480px) 150px\" src=\"https:\/\/tryvary.com\/wp-content\/uploads\/2024\/05\/zipwp-image-16647936.jpeg\" alt=\"\" class=\"uag-image-1502\" width=\"526\" height=\"536\" title=\"\" loading=\"lazy\" role=\"img\"\/><\/figure><\/div>\n<\/div>\n\n\n\n<div class=\"wp-block-uagb-container uagb-block-7e959f87\">\n<div class=\"wp-block-uagb-info-box uagb-block-4960c374 uagb-infobox__content-wrap  uagb-infobox-icon-above-title uagb-infobox-image-valign-top\"><div class=\"uagb-ifb-content\"><div class=\"uagb-ifb-title-wrap\"><h3 class=\"uagb-ifb-title\">TryVary ist stolz darauf, Kunden weltweit zuverl\u00e4ssige und effiziente elektronische L\u00f6sungen zu liefern. Das Unternehmen ist f\u00fcr seinen schnellen Service und seine wettbewerbsf\u00e4higen Preise bekannt.<\/h3><\/div><p class=\"uagb-ifb-desc\">TryVary wurde mit der Vision gegr\u00fcndet, erstklassige PCB-Fertigungsdienste anzubieten. Zu Beginn seiner Reise engagierte man sich f\u00fcr Spitzenleistungen. Bei TryVary sind wir stolz darauf, <br><br>innovative digitale L\u00f6sungen, die das Benutzererlebnis verbessern und allt\u00e4gliche Aufgaben vereinfachen. Unser Team engagierter Fachleute hat hochwertige Apps und Plattformen entwickelt, darunter die renommierte Proudly-Plattform, die von Unternehmen wie Xiaomi verwendet wird.<br><br>Nach der \u00dcbernahme durch Foundy Company konzentriert sich TryVary nun offiziell auf die Herstellung von Leiterplatten. Wir sind f\u00fcr die Entwicklung und Verwaltung modernster Prozesse zur Herstellung hochwertiger Leiterplatten verantwortlich und setzen damit unsere Tradition der Innovation und Qualit\u00e4t fort.<br><br>TryVary betreut weltweit ein breites Spektrum an Kunden aus Branchen wie Telekommunikation, Automobil, Luft- und Raumfahrt und mehr.<\/p><\/div><\/div>\n<\/div>\n<\/div>\n<\/div><\/div>\n\n\n\n<div class=\"wp-block-uagb-container uagb-block-cc344175 alignfull uagb-is-root-container\"><div class=\"uagb-container-inner-blocks-wrap\">\n<div class=\"wp-block-uagb-advanced-heading uagb-block-7b2294a3\"><h2 class=\"uagb-heading-text\">Unsere Grundwerte<\/h2><p class=\"uagb-desc-text\">Leitprinzipien, die Try Varys Engagement f\u00fcr Qualit\u00e4t und hervorragenden Service definieren<\/p><\/div>\n\n\n\n<div class=\"wp-block-uagb-container uagb-block-ecb8dade\">\n<div class=\"wp-block-uagb-advanced-heading uagb-block-bef7d43a\"><h3 class=\"uagb-heading-text\">Qualit\u00e4t<\/h3><p class=\"uagb-desc-text\">Bei jedem Schritt unseres Herstellungsprozesses legt wir Wert auf Qualit\u00e4t und stellen sicher, dass jedes PCB-Produkt den h\u00f6chsten Qualit\u00e4tsstandards entspricht.<\/p><\/div>\n\n\n\n<div class=\"wp-block-uagb-advanced-heading uagb-block-b863782d\"><h3 class=\"uagb-heading-text\">Zuverl\u00e4ssigkeit<\/h3><p class=\"uagb-desc-text\">Unser Engagement f\u00fcr Zuverl\u00e4ssigkeit ist unersch\u00fctterlich. Kunden vertrauen auf Try Vary, wenn es um konsistente, zuverl\u00e4ssige elektronische L\u00f6sungen geht, die ihren Anforderungen entsprechen.<\/p><\/div>\n\n\n\n<div class=\"wp-block-uagb-advanced-heading uagb-block-9f890ad2\"><h3 class=\"uagb-heading-text\">Innovation<\/h3><p class=\"uagb-desc-text\">Bei Try Vary steht Innovation f\u00fcr alles, was wir tun. Wir erweitern st\u00e4ndig die Grenzen, um unsere PCB-Herstellungsprozesse und -l\u00f6sungen zu verbessern.<\/p><\/div>\n<\/div>\n<\/div><\/div>\n\n\n\n<div class=\"wp-block-uagb-container uagb-block-c84325e4 alignfull uagb-is-root-container\"><div class=\"uagb-container-inner-blocks-wrap\">\n<div class=\"wp-block-uagb-info-box uagb-block-d8a09d88 uagb-infobox__content-wrap  uagb-infobox-icon-above-title uagb-infobox-image-valign-top\"><div class=\"uagb-ifb-content\"><div class=\"uagb-ifb-title-wrap\"><h2 class=\"uagb-ifb-title\">Bereit, mit uns zusammenzuarbeiten?<\/h2><\/div><p class=\"uagb-ifb-desc\">Kontaktieren Sie uns noch heute, um Ihre PCB-Anforderungen zu besprechen und sich von der Exzellenz der Fertigungsservices von TryVary zu \u00fcberzeugen.<\/p><div class=\"uagb-ifb-button-wrapper wp-block-button\"><a href=\"https:\/\/tryvary.com\/de\/kontakt\/\" class=\"uagb-infobox-cta-link wp-block-button__link\" target=\"_self\" rel=\"noopener noreferrer\" onclick=\"return true;\" alt=\"\"><span class=\"uagb-inline-editing\">Ein Angebot bekommen<\/span><\/a><\/div><\/div><\/div>\n<\/div><\/div>","protected":false},"excerpt":{"rendered":"<p>Exzellenz in PCB Unsere Geschichte Unsere Grundwerte Leitprinzipien, die Try Varys Engagement f\u00fcr Qualit\u00e4t und hervorragenden Service definieren [\u2026]<\/p>","protected":false},"author":9,"featured_media":0,"parent":0,"menu_order":0,"comment_status":"closed","ping_status":"closed","template":"","meta":{"_uag_custom_page_level_css":"","site-sidebar-layout":"default","site-content-layout":"","ast-site-content-layout":"default","site-content-style":"default","site-sidebar-style":"default","ast-global-header-display":"","ast-banner-title-visibility":"","ast-main-header-display":"","ast-hfb-above-header-display":"","ast-hfb-below-header-display":"","ast-hfb-mobile-header-display":"","site-post-title":"disabled","ast-breadcrumbs-content":"","ast-featured-img":"","footer-sml-layout":"","ast-disable-related-posts":"","theme-transparent-header-meta":"enabled","adv-header-id-meta":"","stick-header-meta":"","header-above-stick-meta":"","header-main-stick-meta":"","header-below-stick-meta":"","astra-migrate-meta-layouts":"set","ast-page-background-enabled":"default","ast-page-background-meta":{"desktop":{"background-color":"var(--ast-global-color-4)","background-image":"","background-repeat":"repeat","background-position":"center center","background-size":"auto","background-attachment":"scroll","background-type":"","background-media":"","overlay-type":"","overlay-color":"","overlay-opacity":"","overlay-gradient":""},"tablet":{"background-color":"","background-image":"","background-repeat":"repeat","background-position":"center center","background-size":"auto","background-attachment":"scroll","background-type":"","background-media":"","overlay-type":"","overlay-color":"","overlay-opacity":"","overlay-gradient":""},"mobile":{"background-color":"","background-image":"","background-repeat":"repeat","background-position":"center center","background-size":"auto","background-attachment":"scroll","background-type":"","background-media":"","overlay-type":"","overlay-color":"","overlay-opacity":"","overlay-gradient":""}},"ast-content-background-meta":{"desktop":{"background-color":"var(--ast-global-color-5)","background-image":"","background-repeat":"repeat","background-position":"center center","background-size":"auto","background-attachment":"scroll","background-type":"","background-media":"","overlay-type":"","overlay-color":"","overlay-opacity":"","overlay-gradient":""},"tablet":{"background-color":"var(--ast-global-color-5)","background-image":"","background-repeat":"repeat","background-position":"center center","background-size":"auto","background-attachment":"scroll","background-type":"","background-media":"","overlay-type":"","overlay-color":"","overlay-opacity":"","overlay-gradient":""},"mobile":{"background-color":"var(--ast-global-color-5)","background-image":"","background-repeat":"repeat","background-position":"center center","background-size":"auto","background-attachment":"scroll","background-type":"","background-media":"","overlay-type":"","overlay-color":"","overlay-opacity":"","overlay-gradient":""}},"footnotes":""},"class_list":["post-118","page","type-page","status-publish","hentry"],"uagb_featured_image_src":{"full":false,"thumbnail":false,"medium":false,"medium_large":false,"large":false,"1536x1536":false,"2048x2048":false,"trp-custom-language-flag":false},"uagb_author_info":{"display_name":"Ben Lau","author_link":"https:\/\/tryvary.com\/de\/author\/wsbpmbzuog4q\/"},"uagb_comment_info":0,"uagb_excerpt":"Excellence in PCB Our Story Our Core Values Guiding principles that define Try Vary\u2019s commitment to quality and service excellence [&hellip;]","_links":{"self":[{"href":"https:\/\/tryvary.com\/de\/wp-json\/wp\/v2\/pages\/118","targetHints":{"allow":["GET"]}}],"collection":[{"href":"https:\/\/tryvary.com\/de\/wp-json\/wp\/v2\/pages"}],"about":[{"href":"https:\/\/tryvary.com\/de\/wp-json\/wp\/v2\/types\/page"}],"author":[{"embeddable":true,"href":"https:\/\/tryvary.com\/de\/wp-json\/wp\/v2\/users\/9"}],"replies":[{"embeddable":true,"href":"https:\/\/tryvary.com\/de\/wp-json\/wp\/v2\/comments?post=118"}],"version-history":[{"count":3,"href":"https:\/\/tryvary.com\/de\/wp-json\/wp\/v2\/pages\/118\/revisions"}],"predecessor-version":[{"id":2369,"href":"https:\/\/tryvary.com\/de\/wp-json\/wp\/v2\/pages\/118\/revisions\/2369"}],"wp:attachment":[{"href":"https:\/\/tryvary.com\/de\/wp-json\/wp\/v2\/media?parent=118"}],"curies":[{"name":"wp","href":"https:\/\/api.w.org\/{rel}","templated":true}]}}