{"id":118,"date":"2023-06-27T09:35:35","date_gmt":"2023-06-27T09:35:35","guid":{"rendered":"https:\/\/straight-soules-cx.zipwp.link\/?page_id=118"},"modified":"2024-05-25T10:37:32","modified_gmt":"2024-05-25T10:37:32","slug":"about","status":"publish","type":"page","link":"https:\/\/tryvary.com\/da\/om\/","title":{"rendered":"Om"},"content":{"rendered":"<div class=\"wp-block-uagb-container uagb-block-7fa683e6 alignfull uagb-is-root-container\"><div class=\"uagb-container-inner-blocks-wrap\">\n<div class=\"wp-block-uagb-advanced-heading uagb-block-74b342eb\"><h1 class=\"uagb-heading-text\">Excellence inden for PCB<\/h1><\/div>\n<\/div><\/div>\n\n\n\n<div class=\"wp-block-uagb-container uagb-block-94ded581 alignfull uagb-is-root-container\"><div class=\"uagb-container-inner-blocks-wrap\">\n<div class=\"wp-block-uagb-advanced-heading uagb-block-671f3570\"><h2 class=\"uagb-heading-text\">Vores historie<\/h2><\/div>\n\n\n\n<div class=\"wp-block-uagb-container uagb-block-21891d52\">\n<div class=\"wp-block-uagb-container uagb-block-8a4a99e4\">\n<div class=\"wp-block-uagb-image alignleft uagb-block-e71a6b83 wp-block-uagb-image--layout-default wp-block-uagb-image--effect-static wp-block-uagb-image--align-left\"><figure class=\"wp-block-uagb-image__figure\"><img decoding=\"async\" srcset=\"https:\/\/tryvary.com\/wp-content\/uploads\/2024\/05\/zipwp-image-16647936.jpeg ,https:\/\/tryvary.com\/wp-content\/uploads\/2024\/05\/zipwp-image-16647936.jpeg 780w\" sizes=\"auto, (max-width: 480px) 150px\" src=\"https:\/\/tryvary.com\/wp-content\/uploads\/2024\/05\/zipwp-image-16647936.jpeg\" alt=\"\" class=\"uag-image-1502\" width=\"526\" height=\"536\" title=\"\" loading=\"lazy\" role=\"img\"\/><\/figure><\/div>\n<\/div>\n\n\n\n<div class=\"wp-block-uagb-container uagb-block-7e959f87\">\n<div class=\"wp-block-uagb-info-box uagb-block-4960c374 uagb-infobox__content-wrap  uagb-infobox-icon-above-title uagb-infobox-image-valign-top\"><div class=\"uagb-ifb-content\"><div class=\"uagb-ifb-title-wrap\"><h3 class=\"uagb-ifb-title\">TryVary er stolt af at levere p\u00e5lidelige og effektive elektroniske l\u00f8sninger til kunder over hele verden. Virksomheden er kendt for sin hurtige service og konkurrencedygtige priser.<\/h3><\/div><p class=\"uagb-ifb-desc\">Grundlagt med en vision om at levere f\u00f8rsteklasses PCB-produktionstjenester, startede TryVary sin rejse med en forpligtelse til ekspertise. Hos TryVary er vi stolte af at skabe <br><br>innovative digitale l\u00f8sninger, der forbedrer brugeroplevelsen og forenkler hverdagens opgaver. Vores team af dedikerede fagfolk har udviklet apps og platforme af h\u00f8j kvalitet, inklusive den ber\u00f8mte Proudly-platform, der bruges af virksomheder som Xiaomi.<br><br>Nu, efter at v\u00e6re blevet opk\u00f8bt af Foundy Company, er TryVary officielt g\u00e5et over til at fokusere p\u00e5 PCB-fremstilling. Vi er ansvarlige for at udvikle og styre state-of-the-art processer involveret i at skabe h\u00f8jkvalitets PCB&#039;er, forts\u00e6tte vores arv af innovation og kvalitet.<br><br>TryVary har tjent en bred vifte af kunder over hele verden, der henvender sig til industrier som telekommunikation, bilindustrien, rumfart og mere.<\/p><\/div><\/div>\n<\/div>\n<\/div>\n<\/div><\/div>\n\n\n\n<div class=\"wp-block-uagb-container uagb-block-cc344175 alignfull uagb-is-root-container\"><div class=\"uagb-container-inner-blocks-wrap\">\n<div class=\"wp-block-uagb-advanced-heading uagb-block-7b2294a3\"><h2 class=\"uagb-heading-text\">Vores kernev\u00e6rdier<\/h2><p class=\"uagb-desc-text\">Vejledende principper, der definerer Try Varys forpligtelse til kvalitet og fremragende service<\/p><\/div>\n\n\n\n<div class=\"wp-block-uagb-container uagb-block-ecb8dade\">\n<div class=\"wp-block-uagb-advanced-heading uagb-block-bef7d43a\"><h3 class=\"uagb-heading-text\">Kvalitet<\/h3><p class=\"uagb-desc-text\">Vi prioriterer kvalitet i hvert trin af vores fremstillingsproces, og sikrer, at hvert PCB-produkt lever op til de h\u00f8jeste standarder for ekspertise.<\/p><\/div>\n\n\n\n<div class=\"wp-block-uagb-advanced-heading uagb-block-b863782d\"><h3 class=\"uagb-heading-text\">P\u00e5lidelighed<\/h3><p class=\"uagb-desc-text\">Vores forpligtelse til p\u00e5lidelighed er urokkelig. Kunder stoler p\u00e5 Try Vary for ensartede, p\u00e5lidelige elektroniske l\u00f8sninger, der opfylder deres behov.<\/p><\/div>\n\n\n\n<div class=\"wp-block-uagb-advanced-heading uagb-block-9f890ad2\"><h3 class=\"uagb-heading-text\">Innovation<\/h3><p class=\"uagb-desc-text\">Hos Try Vary driver innovation alt, hvad vi g\u00f8r. Vi flytter konstant gr\u00e6nser for at forbedre vores PCB-fremstillingsprocesser og -l\u00f8sninger.<\/p><\/div>\n<\/div>\n<\/div><\/div>\n\n\n\n<div class=\"wp-block-uagb-container uagb-block-c84325e4 alignfull uagb-is-root-container\"><div class=\"uagb-container-inner-blocks-wrap\">\n<div class=\"wp-block-uagb-info-box uagb-block-d8a09d88 uagb-infobox__content-wrap  uagb-infobox-icon-above-title uagb-infobox-image-valign-top\"><div class=\"uagb-ifb-content\"><div class=\"uagb-ifb-title-wrap\"><h2 class=\"uagb-ifb-title\">Klar til at samarbejde med os?<\/h2><\/div><p class=\"uagb-ifb-desc\">Kontakt os i dag for at diskutere dine PCB-krav og opleve fortr\u00e6ffeligheden af TryVarys produktionstjenester.<\/p><div class=\"uagb-ifb-button-wrapper wp-block-button\"><a href=\"https:\/\/tryvary.com\/da\/kontakt\/\" class=\"uagb-infobox-cta-link wp-block-button__link\" target=\"_self\" rel=\"noopener noreferrer\" onclick=\"return true;\" alt=\"\"><span class=\"uagb-inline-editing\">F\u00e5 et citat<\/span><\/a><\/div><\/div><\/div>\n<\/div><\/div>","protected":false},"excerpt":{"rendered":"<p>Fremragende PCB Vores historie Vores kernev\u00e6rdier Vejledende principper, der definerer Try Varys forpligtelse til kvalitet og fremragende service [\u2026]<\/p>","protected":false},"author":9,"featured_media":0,"parent":0,"menu_order":0,"comment_status":"closed","ping_status":"closed","template":"","meta":{"_uag_custom_page_level_css":"","site-sidebar-layout":"default","site-content-layout":"","ast-site-content-layout":"default","site-content-style":"default","site-sidebar-style":"default","ast-global-header-display":"","ast-banner-title-visibility":"","ast-main-header-display":"","ast-hfb-above-header-display":"","ast-hfb-below-header-display":"","ast-hfb-mobile-header-display":"","site-post-title":"disabled","ast-breadcrumbs-content":"","ast-featured-img":"","footer-sml-layout":"","ast-disable-related-posts":"","theme-transparent-header-meta":"enabled","adv-header-id-meta":"","stick-header-meta":"","header-above-stick-meta":"","header-main-stick-meta":"","header-below-stick-meta":"","astra-migrate-meta-layouts":"set","ast-page-background-enabled":"default","ast-page-background-meta":{"desktop":{"background-color":"var(--ast-global-color-4)","background-image":"","background-repeat":"repeat","background-position":"center center","background-size":"auto","background-attachment":"scroll","background-type":"","background-media":"","overlay-type":"","overlay-color":"","overlay-opacity":"","overlay-gradient":""},"tablet":{"background-color":"","background-image":"","background-repeat":"repeat","background-position":"center center","background-size":"auto","background-attachment":"scroll","background-type":"","background-media":"","overlay-type":"","overlay-color":"","overlay-opacity":"","overlay-gradient":""},"mobile":{"background-color":"","background-image":"","background-repeat":"repeat","background-position":"center center","background-size":"auto","background-attachment":"scroll","background-type":"","background-media":"","overlay-type":"","overlay-color":"","overlay-opacity":"","overlay-gradient":""}},"ast-content-background-meta":{"desktop":{"background-color":"var(--ast-global-color-5)","background-image":"","background-repeat":"repeat","background-position":"center center","background-size":"auto","background-attachment":"scroll","background-type":"","background-media":"","overlay-type":"","overlay-color":"","overlay-opacity":"","overlay-gradient":""},"tablet":{"background-color":"var(--ast-global-color-5)","background-image":"","background-repeat":"repeat","background-position":"center center","background-size":"auto","background-attachment":"scroll","background-type":"","background-media":"","overlay-type":"","overlay-color":"","overlay-opacity":"","overlay-gradient":""},"mobile":{"background-color":"var(--ast-global-color-5)","background-image":"","background-repeat":"repeat","background-position":"center center","background-size":"auto","background-attachment":"scroll","background-type":"","background-media":"","overlay-type":"","overlay-color":"","overlay-opacity":"","overlay-gradient":""}},"footnotes":""},"class_list":["post-118","page","type-page","status-publish","hentry"],"uagb_featured_image_src":{"full":false,"thumbnail":false,"medium":false,"medium_large":false,"large":false,"1536x1536":false,"2048x2048":false,"trp-custom-language-flag":false},"uagb_author_info":{"display_name":"Ben Lau","author_link":"https:\/\/tryvary.com\/da\/author\/wsbpmbzuog4q\/"},"uagb_comment_info":0,"uagb_excerpt":"Excellence in PCB Our Story Our Core Values Guiding principles that define Try Vary\u2019s commitment to quality and service excellence [&hellip;]","_links":{"self":[{"href":"https:\/\/tryvary.com\/da\/wp-json\/wp\/v2\/pages\/118","targetHints":{"allow":["GET"]}}],"collection":[{"href":"https:\/\/tryvary.com\/da\/wp-json\/wp\/v2\/pages"}],"about":[{"href":"https:\/\/tryvary.com\/da\/wp-json\/wp\/v2\/types\/page"}],"author":[{"embeddable":true,"href":"https:\/\/tryvary.com\/da\/wp-json\/wp\/v2\/users\/9"}],"replies":[{"embeddable":true,"href":"https:\/\/tryvary.com\/da\/wp-json\/wp\/v2\/comments?post=118"}],"version-history":[{"count":3,"href":"https:\/\/tryvary.com\/da\/wp-json\/wp\/v2\/pages\/118\/revisions"}],"predecessor-version":[{"id":2369,"href":"https:\/\/tryvary.com\/da\/wp-json\/wp\/v2\/pages\/118\/revisions\/2369"}],"wp:attachment":[{"href":"https:\/\/tryvary.com\/da\/wp-json\/wp\/v2\/media?parent=118"}],"curies":[{"name":"wp","href":"https:\/\/api.w.org\/{rel}","templated":true}]}}