{"id":167,"date":"2023-06-27T12:27:09","date_gmt":"2023-06-27T12:27:09","guid":{"rendered":"https:\/\/straight-soules-cx.zipwp.link\/?page_id=167"},"modified":"2024-05-14T04:46:07","modified_gmt":"2024-05-14T04:46:07","slug":"offerings","status":"publish","type":"page","link":"https:\/\/tryvary.com\/cs\/nabidky\/","title":{"rendered":"Na\u0161e slu\u017eba"},"content":{"rendered":"<div class=\"wp-block-uagb-container uagb-block-6803eae3 alignfull uagb-is-root-container\"><div class=\"uagb-container-inner-blocks-wrap\">\n<div class=\"wp-block-uagb-advanced-heading uagb-block-a2f9964e\"><h1 class=\"uagb-heading-text\">Kvalitn\u00ed \u0159e\u0161en\u00ed PCB<\/h1><\/div>\n<\/div><\/div>\n\n\n\n<div class=\"wp-block-uagb-container uagb-block-623363c6 alignfull uagb-is-root-container\"><div class=\"uagb-container-inner-blocks-wrap\">\n<div class=\"wp-block-uagb-info-box uagb-block-3801b6ed uagb-infobox__content-wrap  uagb-infobox-icon-above-title uagb-infobox-image-valign-top\"><div class=\"uagb-ifb-content\"><div class=\"uagb-ifb-title-wrap\"><h2 class=\"uagb-ifb-title\">Hlavn\u00ed nab\u00eddky, kter\u00e9 nab\u00edz\u00edme<\/h2><\/div><p class=\"uagb-ifb-desc\">Prozkoumejte na\u0161e prim\u00e1rn\u00ed \u0159e\u0161en\u00ed pro v\u00fdrobu elektroniky navr\u017een\u00e1 pro spolehlivost a efektivitu.<\/p><\/div><\/div>\n\n\n\n<div class=\"wp-block-uagb-container uagb-block-e91230d3\">\n<div class=\"wp-block-uagb-container uagb-block-b46395ef\">\n<div class=\"wp-block-uagb-image alignleft uagb-block-4ff9da3f wp-block-uagb-image--layout-default wp-block-uagb-image--effect-static wp-block-uagb-image--align-left\"><figure class=\"wp-block-uagb-image__figure\"><img decoding=\"async\" srcset=\"https:\/\/tryvary.com\/wp-content\/uploads\/2024\/05\/zipwp-image-6755059.jpeg ,https:\/\/tryvary.com\/wp-content\/uploads\/2024\/05\/zipwp-image-6755059.jpeg 780w, https:\/\/tryvary.com\/wp-content\/uploads\/2024\/05\/zipwp-image-6755059.jpeg 360w\" sizes=\"auto, (max-width: 480px) 150px\" src=\"https:\/\/tryvary.com\/wp-content\/uploads\/2024\/05\/zipwp-image-6755059.jpeg\" alt=\"\" class=\"uag-image-1503\" width=\"560\" height=\"500\" title=\"\" loading=\"lazy\" role=\"img\"\/><\/figure><\/div>\n<\/div>\n\n\n\n<div class=\"wp-block-uagb-container uagb-block-7621abb2\">\n<div class=\"wp-block-uagb-info-box uagb-block-f3d2d6b2 uagb-infobox__content-wrap  uagb-infobox-icon-above-title uagb-infobox-image-valign-top\"><div class=\"uagb-ifb-content\"><div class=\"uagb-ifb-title-wrap\"><span class=\"uagb-ifb-title-prefix\">01<\/span><h3 class=\"uagb-ifb-title\">V\u00fdroba PCB<\/h3><\/div><p class=\"uagb-ifb-desc\">Na\u0161e vysoce kvalitn\u00ed desky s plo\u0161n\u00fdmi spoji jsou pe\u010dliv\u011b vyrobeny tak, aby spl\u0148ovaly p\u0159esn\u00e9 specifikace ka\u017ed\u00e9ho klienta a zajistily vynikaj\u00edc\u00ed v\u00fdkon a odolnost.<\/p><div class=\"uagb-ifb-button-wrapper wp-block-button\"><a href=\"https:\/\/tryvary.com\/cs\/kontakt\/\" class=\"uagb-infobox-cta-link wp-block-button__link\" target=\"_self\" rel=\"noopener noreferrer\" onclick=\"return true;\" alt=\"\"><span class=\"uagb-inline-editing\">Za\u010d\u00edt<\/span><\/a><\/div><\/div><\/div>\n<\/div>\n<\/div>\n\n\n\n<div class=\"wp-block-uagb-container uagb-block-3893b8aa\">\n<div class=\"wp-block-uagb-container uagb-block-b02b419f\">\n<div class=\"wp-block-uagb-image alignright uagb-block-2622f629 wp-block-uagb-image--layout-default wp-block-uagb-image--effect-static wp-block-uagb-image--align-right\"><figure class=\"wp-block-uagb-image__figure\"><img decoding=\"async\" srcset=\"https:\/\/tryvary.com\/wp-content\/uploads\/2024\/05\/zipwp-image-16647936.jpeg ,https:\/\/tryvary.com\/wp-content\/uploads\/2024\/05\/zipwp-image-16647936.jpeg 780w, https:\/\/tryvary.com\/wp-content\/uploads\/2024\/05\/zipwp-image-16647936.jpeg 360w\" sizes=\"auto, (max-width: 480px) 150px\" src=\"https:\/\/tryvary.com\/wp-content\/uploads\/2024\/05\/zipwp-image-16647936.jpeg\" alt=\"\" class=\"uag-image-1502\" width=\"560\" height=\"500\" title=\"\" loading=\"lazy\" role=\"img\"\/><\/figure><\/div>\n<\/div>\n\n\n\n<div class=\"wp-block-uagb-container uagb-block-862a6668\">\n<div class=\"wp-block-uagb-info-box uagb-block-411c16f4 uagb-infobox__content-wrap  uagb-infobox-icon-above-title uagb-infobox-image-valign-top\"><div class=\"uagb-ifb-content\"><div class=\"uagb-ifb-title-wrap\"><span class=\"uagb-ifb-title-prefix\">02<\/span><h3 class=\"uagb-ifb-title\">Mont\u00e1\u017e PCB<\/h3><\/div><p class=\"uagb-ifb-desc\">Pro komplexn\u00ed elektronick\u00e1 \u0159e\u0161en\u00ed na\u0161e PCB sestavy hladce integruj\u00ed komponenty a poskytuj\u00ed funk\u010dn\u00ed a spolehliv\u00fd kone\u010dn\u00fd produkt.<\/p><div class=\"uagb-ifb-button-wrapper wp-block-button\"><a href=\"https:\/\/tryvary.com\/cs\/kontakt\/\" class=\"uagb-infobox-cta-link wp-block-button__link\" target=\"_self\" rel=\"noopener noreferrer\" onclick=\"return true;\" alt=\"\"><span class=\"uagb-inline-editing\">Za\u010d\u00edt<\/span><\/a><\/div><\/div><\/div>\n<\/div>\n<\/div>\n\n\n\n<div class=\"wp-block-uagb-container uagb-block-64c2a67e\">\n<div class=\"wp-block-uagb-container uagb-block-3fbfeeed\">\n<div class=\"wp-block-uagb-image alignleft uagb-block-5517d747 wp-block-uagb-image--layout-default wp-block-uagb-image--effect-static wp-block-uagb-image--align-left\"><figure class=\"wp-block-uagb-image__figure\"><img decoding=\"async\" srcset=\"https:\/\/tryvary.com\/wp-content\/uploads\/2024\/05\/zipwp-image-18734769.jpeg ,https:\/\/tryvary.com\/wp-content\/uploads\/2024\/05\/zipwp-image-18734769.jpeg 780w, https:\/\/tryvary.com\/wp-content\/uploads\/2024\/05\/zipwp-image-18734769.jpeg 360w\" sizes=\"auto, (max-width: 480px) 150px\" src=\"https:\/\/tryvary.com\/wp-content\/uploads\/2024\/05\/zipwp-image-18734769.jpeg\" alt=\"\" class=\"uag-image-1506\" width=\"560\" height=\"500\" title=\"\" loading=\"lazy\" role=\"img\"\/><\/figure><\/div>\n<\/div>\n\n\n\n<div class=\"wp-block-uagb-container uagb-block-4906a1e2\">\n<div class=\"wp-block-uagb-info-box uagb-block-b2c48bb3 uagb-infobox__content-wrap  uagb-infobox-icon-above-title uagb-infobox-image-valign-top\"><div class=\"uagb-ifb-content\"><div class=\"uagb-ifb-title-wrap\"><span class=\"uagb-ifb-title-prefix\">03<\/span><h3 class=\"uagb-ifb-title\">Design na zak\u00e1zku<\/h3><\/div><p class=\"uagb-ifb-desc\">Vyzkou\u0161ejte na\u0161e specializovan\u00e9 slu\u017eby v\u00fdroby desek plo\u0161n\u00fdch spoj\u016f, kter\u00e9 uspokoj\u00ed \u0161irokou \u0161k\u00e1lu pr\u016fmyslov\u00fdch odv\u011btv\u00ed a poskytuj\u00ed \u0159e\u0161en\u00ed na m\u00edru pro r\u016fzn\u00e9 elektronick\u00e9 pot\u0159eby.<\/p><div class=\"uagb-ifb-button-wrapper wp-block-button\"><a href=\"https:\/\/tryvary.com\/cs\/kontakt\/\" class=\"uagb-infobox-cta-link wp-block-button__link\" target=\"_self\" rel=\"noopener noreferrer\" onclick=\"return true;\" alt=\"\"><span class=\"uagb-inline-editing\">Za\u010d\u00edt<\/span><\/a><\/div><\/div><\/div>\n<\/div>\n<\/div>\n<\/div><\/div>\n\n\n\n<div class=\"wp-block-uagb-container uagb-block-407e9912 alignfull uagb-is-root-container\"><div class=\"uagb-container-inner-blocks-wrap\">\n<div class=\"wp-block-uagb-testimonial uagb-slick-carousel uagb-tm__arrow-outside uagb-block-63d6bdbb uagb-post__carousel_notset uagb-post__carousel_notset-tablet uagb-post__carousel_notset-mobile\"><div class=\"is-carousel uagb-tm__columns-1 uagb-tm__items\"><div class=\"uagb-testimonial__wrap  uagb-tm__imgicon-style-circle uagb-tm__image-position-top uagb-tm__bg-type-none\"><div class=\"uagb-tm__content\"><div class=\"uagb-tm__overlay\"><\/div><div class=\"uagb-tm__image-content\"><div class=\"uagb-tm__image\"><img decoding=\"async\" class=\"uagb-tm-img-src\" src=\"https:\/\/tryvary.com\/wp-content\/uploads\/2023\/08\/testimonial-skip-02.jpeg\" alt=\"\" width=\"60\" height=\"60\" loading=\"lazy\"\/><\/div><\/div><div class=\"uagb-tm__text-wrap\"><div class=\"uagb-tm__desc\">TryVary p\u0159ed\u010dily na\u0161e o\u010dek\u00e1v\u00e1n\u00ed sv\u00fdm rychl\u00fdm servisem a v\u00fdjime\u010dnou kvalitou. Jsme pot\u011b\u0161eni v\u00fdsledky.<\/div><div class=\"uagb-tm__meta-inner\"><div class=\"uagb-testimonial-details\"><span class=\"uagb-tm__author-name\">Sophia Lee<\/span><span class=\"uagb-tm__company\"><\/span><\/div><\/div><\/div><\/div><\/div><\/div><\/div>\n<\/div><\/div>\n\n\n\n<div class=\"wp-block-uagb-container uagb-block-c6476a98 alignfull uagb-is-root-container\"><div class=\"uagb-container-inner-blocks-wrap\">\n<div class=\"wp-block-uagb-container uagb-block-499f3e2a\">\n<div class=\"wp-block-uagb-advanced-heading uagb-block-6fe09642\"><h2 class=\"uagb-heading-text\">Na\u0161e nab\u00eddka jedine\u010dn\u00e9 hodnoty<\/h2><\/div>\n\n\n\n<div class=\"wp-block-uagb-advanced-heading uagb-block-72279faa\"><p class=\"uagb-heading-text\">Ve spole\u010dnosti TryVary zaru\u010dujeme rychl\u00fd servis, konkurenceschopn\u00e9 ceny a dokonalost ve v\u00fdrob\u011b desek plo\u0161n\u00fdch spoj\u016f, abychom splnili va\u0161e elektronick\u00e9 pot\u0159eby.<\/p><\/div>\n<\/div>\n\n\n\n<div class=\"wp-block-uagb-container uagb-block-8c7963ad\">\n<div class=\"wp-block-uagb-container uagb-block-918d0378\">\n<div class=\"wp-block-uagb-image uagb-block-0a080123 wp-block-uagb-image--layout-default wp-block-uagb-image--effect-static wp-block-uagb-image--align-none\"><figure class=\"wp-block-uagb-image__figure\"><img decoding=\"async\" srcset=\"https:\/\/tryvary.com\/wp-content\/uploads\/2024\/05\/zipwp-image-20031379.jpeg ,https:\/\/tryvary.com\/wp-content\/uploads\/2024\/05\/zipwp-image-20031379.jpeg 780w, https:\/\/tryvary.com\/wp-content\/uploads\/2024\/05\/zipwp-image-20031379.jpeg 360w\" sizes=\"auto, (max-width: 480px) 150px\" src=\"https:\/\/tryvary.com\/wp-content\/uploads\/2024\/05\/zipwp-image-20031379.jpeg\" alt=\"\" class=\"uag-image-1504\" width=\"560\" height=\"450\" title=\"\" loading=\"lazy\" role=\"img\"\/><\/figure><\/div>\n\n\n\n<div class=\"wp-block-uagb-advanced-heading uagb-block-53687665\"><h3 class=\"uagb-heading-text\">Spolehliv\u00e9 slu\u017eby<\/h3><p class=\"uagb-desc-text\">Zaru\u010dujeme rychl\u00fd servis a spolehliv\u00e1 elektronick\u00e1 \u0159e\u0161en\u00ed, kter\u00e1 zajist\u00ed, \u017ee va\u0161e projekty budou dod\u00e1ny v\u010das a v r\u00e1mci rozpo\u010dtu.<\/p><\/div>\n<\/div>\n\n\n\n<div class=\"wp-block-uagb-container uagb-block-a2b4d0ac\">\n<div class=\"wp-block-uagb-image alignleft uagb-block-7a16e14f wp-block-uagb-image--layout-default wp-block-uagb-image--effect-static wp-block-uagb-image--align-left\"><figure class=\"wp-block-uagb-image__figure\"><img decoding=\"async\" srcset=\"https:\/\/tryvary.com\/wp-content\/uploads\/2024\/05\/zipwp-image-159220.jpeg ,https:\/\/tryvary.com\/wp-content\/uploads\/2024\/05\/zipwp-image-159220.jpeg 780w, https:\/\/tryvary.com\/wp-content\/uploads\/2024\/05\/zipwp-image-159220.jpeg 360w\" sizes=\"auto, (max-width: 480px) 150px\" src=\"https:\/\/tryvary.com\/wp-content\/uploads\/2024\/05\/zipwp-image-159220.jpeg\" alt=\"\" class=\"uag-image-1505\" width=\"560\" height=\"450\" title=\"\" loading=\"lazy\" role=\"img\"\/><\/figure><\/div>\n\n\n\n<div class=\"wp-block-uagb-advanced-heading uagb-block-c5a580ac\"><h3 class=\"uagb-heading-text\">Celosv\u011btov\u00fd dosah<\/h3><p class=\"uagb-desc-text\">S klienty po cel\u00e9m sv\u011bt\u011b nab\u00edz\u00edme konkurenceschopn\u00e9 ceny a vst\u0159\u00edcn\u00fd z\u00e1kaznick\u00fd servis na podporu va\u0161ich pot\u0159eb v\u00fdroby elektroniky.<\/p><\/div>\n<\/div>\n<\/div>\n<\/div><\/div>\n\n\n\n<div class=\"wp-block-uagb-container uagb-block-c84325e4 alignfull uagb-is-root-container\"><div class=\"uagb-container-inner-blocks-wrap\">\n<div class=\"wp-block-uagb-info-box uagb-block-d8a09d88 uagb-infobox__content-wrap  uagb-infobox-icon-above-title uagb-infobox-image-valign-top\"><div class=\"uagb-ifb-content\"><div class=\"uagb-ifb-title-wrap\"><h2 class=\"uagb-ifb-title\">Jste p\u0159ipraveni s n\u00e1mi spolupracovat?<\/h2><\/div><p class=\"uagb-ifb-desc\">Kontaktujte n\u00e1s je\u0161t\u011b dnes a prodiskutujte sv\u00e9 po\u017eadavky na PCB a za\u017eijte dokonalost v\u00fdrobn\u00edch slu\u017eeb TryVary.<\/p><div class=\"uagb-ifb-button-wrapper wp-block-button\"><a href=\"https:\/\/tryvary.com\/cs\/kontakt\/\" class=\"uagb-infobox-cta-link wp-block-button__link\" target=\"_self\" rel=\"noopener noreferrer\" onclick=\"return true;\" alt=\"\"><span class=\"uagb-inline-editing\">Z\u00edskejte cenovou nab\u00eddku<\/span><\/a><\/div><\/div><\/div>\n<\/div><\/div>","protected":false},"excerpt":{"rendered":"<p>Kvalitn\u00ed \u0159e\u0161en\u00ed PCB Na\u0161e jedine\u010dn\u00e1 nab\u00eddka v oblasti hodnoty V TryVary zaru\u010dujeme rychl\u00fd servis, konkurenceschopn\u00e9 ceny a dokonalost ve v\u00fdrob\u011b desek plo\u0161n\u00fdch spoj\u016f [\u2026]<\/p>","protected":false},"author":9,"featured_media":0,"parent":0,"menu_order":0,"comment_status":"closed","ping_status":"closed","template":"","meta":{"_uag_custom_page_level_css":"","site-sidebar-layout":"default","site-content-layout":"","ast-site-content-layout":"default","site-content-style":"default","site-sidebar-style":"default","ast-global-header-display":"","ast-banner-title-visibility":"","ast-main-header-display":"","ast-hfb-above-header-display":"","ast-hfb-below-header-display":"","ast-hfb-mobile-header-display":"","site-post-title":"disabled","ast-breadcrumbs-content":"","ast-featured-img":"","footer-sml-layout":"","ast-disable-related-posts":"","theme-transparent-header-meta":"enabled","adv-header-id-meta":"","stick-header-meta":"","header-above-stick-meta":"","header-main-stick-meta":"","header-below-stick-meta":"","astra-migrate-meta-layouts":"set","ast-page-background-enabled":"default","ast-page-background-meta":{"desktop":{"background-color":"var(--ast-global-color-4)","background-image":"","background-repeat":"repeat","background-position":"center center","background-size":"auto","background-attachment":"scroll","background-type":"","background-media":"","overlay-type":"","overlay-color":"","overlay-opacity":"","overlay-gradient":""},"tablet":{"background-color":"","background-image":"","background-repeat":"repeat","background-position":"center center","background-size":"auto","background-attachment":"scroll","background-type":"","background-media":"","overlay-type":"","overlay-color":"","overlay-opacity":"","overlay-gradient":""},"mobile":{"background-color":"","background-image":"","background-repeat":"repeat","background-position":"center center","background-size":"auto","background-attachment":"scroll","background-type":"","background-media":"","overlay-type":"","overlay-color":"","overlay-opacity":"","overlay-gradient":""}},"ast-content-background-meta":{"desktop":{"background-color":"var(--ast-global-color-5)","background-image":"","background-repeat":"repeat","background-position":"center center","background-size":"auto","background-attachment":"scroll","background-type":"","background-media":"","overlay-type":"","overlay-color":"","overlay-opacity":"","overlay-gradient":""},"tablet":{"background-color":"var(--ast-global-color-5)","background-image":"","background-repeat":"repeat","background-position":"center center","background-size":"auto","background-attachment":"scroll","background-type":"","background-media":"","overlay-type":"","overlay-color":"","overlay-opacity":"","overlay-gradient":""},"mobile":{"background-color":"var(--ast-global-color-5)","background-image":"","background-repeat":"repeat","background-position":"center center","background-size":"auto","background-attachment":"scroll","background-type":"","background-media":"","overlay-type":"","overlay-color":"","overlay-opacity":"","overlay-gradient":""}},"footnotes":""},"class_list":["post-167","page","type-page","status-publish","hentry"],"uagb_featured_image_src":{"full":false,"thumbnail":false,"medium":false,"medium_large":false,"large":false,"1536x1536":false,"2048x2048":false,"trp-custom-language-flag":false},"uagb_author_info":{"display_name":"Ben Lau","author_link":"https:\/\/tryvary.com\/cs\/author\/wsbpmbzuog4q\/"},"uagb_comment_info":0,"uagb_excerpt":"Quality PCB Solutions Our Unique Value Proposition At TryVary, we guarantee swift service, competitive pricing, and excellence in PCB manufacturing [&hellip;]","_links":{"self":[{"href":"https:\/\/tryvary.com\/cs\/wp-json\/wp\/v2\/pages\/167","targetHints":{"allow":["GET"]}}],"collection":[{"href":"https:\/\/tryvary.com\/cs\/wp-json\/wp\/v2\/pages"}],"about":[{"href":"https:\/\/tryvary.com\/cs\/wp-json\/wp\/v2\/types\/page"}],"author":[{"embeddable":true,"href":"https:\/\/tryvary.com\/cs\/wp-json\/wp\/v2\/users\/9"}],"replies":[{"embeddable":true,"href":"https:\/\/tryvary.com\/cs\/wp-json\/wp\/v2\/comments?post=167"}],"version-history":[{"count":3,"href":"https:\/\/tryvary.com\/cs\/wp-json\/wp\/v2\/pages\/167\/revisions"}],"predecessor-version":[{"id":1522,"href":"https:\/\/tryvary.com\/cs\/wp-json\/wp\/v2\/pages\/167\/revisions\/1522"}],"wp:attachment":[{"href":"https:\/\/tryvary.com\/cs\/wp-json\/wp\/v2\/media?parent=167"}],"curies":[{"name":"wp","href":"https:\/\/api.w.org\/{rel}","templated":true}]}}