{"id":118,"date":"2023-06-27T09:35:35","date_gmt":"2023-06-27T09:35:35","guid":{"rendered":"https:\/\/straight-soules-cx.zipwp.link\/?page_id=118"},"modified":"2024-05-25T10:37:32","modified_gmt":"2024-05-25T10:37:32","slug":"about","status":"publish","type":"page","link":"https:\/\/tryvary.com\/cs\/o\/","title":{"rendered":"O"},"content":{"rendered":"<div class=\"wp-block-uagb-container uagb-block-7fa683e6 alignfull uagb-is-root-container\"><div class=\"uagb-container-inner-blocks-wrap\">\n<div class=\"wp-block-uagb-advanced-heading uagb-block-74b342eb\"><h1 class=\"uagb-heading-text\">Excelence v PCB<\/h1><\/div>\n<\/div><\/div>\n\n\n\n<div class=\"wp-block-uagb-container uagb-block-94ded581 alignfull uagb-is-root-container\"><div class=\"uagb-container-inner-blocks-wrap\">\n<div class=\"wp-block-uagb-advanced-heading uagb-block-671f3570\"><h2 class=\"uagb-heading-text\">N\u00e1\u0161 p\u0159\u00edb\u011bh<\/h2><\/div>\n\n\n\n<div class=\"wp-block-uagb-container uagb-block-21891d52\">\n<div class=\"wp-block-uagb-container uagb-block-8a4a99e4\">\n<div class=\"wp-block-uagb-image alignleft uagb-block-e71a6b83 wp-block-uagb-image--layout-default wp-block-uagb-image--effect-static wp-block-uagb-image--align-left\"><figure class=\"wp-block-uagb-image__figure\"><img decoding=\"async\" srcset=\"https:\/\/tryvary.com\/wp-content\/uploads\/2024\/05\/zipwp-image-16647936.jpeg ,https:\/\/tryvary.com\/wp-content\/uploads\/2024\/05\/zipwp-image-16647936.jpeg 780w\" sizes=\"auto, (max-width: 480px) 150px\" src=\"https:\/\/tryvary.com\/wp-content\/uploads\/2024\/05\/zipwp-image-16647936.jpeg\" alt=\"\" class=\"uag-image-1502\" width=\"526\" height=\"536\" title=\"\" loading=\"lazy\" role=\"img\"\/><\/figure><\/div>\n<\/div>\n\n\n\n<div class=\"wp-block-uagb-container uagb-block-7e959f87\">\n<div class=\"wp-block-uagb-info-box uagb-block-4960c374 uagb-infobox__content-wrap  uagb-infobox-icon-above-title uagb-infobox-image-valign-top\"><div class=\"uagb-ifb-content\"><div class=\"uagb-ifb-title-wrap\"><h3 class=\"uagb-ifb-title\">TryVary si zakl\u00e1d\u00e1 na poskytov\u00e1n\u00ed spolehliv\u00fdch a \u00fa\u010dinn\u00fdch elektronick\u00fdch \u0159e\u0161en\u00ed klient\u016fm po cel\u00e9m sv\u011bt\u011b. Spole\u010dnost je zn\u00e1m\u00e1 sv\u00fdm rychl\u00fdm servisem a konkurenceschopn\u00fdmi cenami.<\/h3><\/div><p class=\"uagb-ifb-desc\">Spole\u010dnost TryVary byla zalo\u017eena s viz\u00ed poskytovat \u0161pi\u010dkov\u00e9 slu\u017eby v\u00fdroby desek plo\u0161n\u00fdch spoj\u016f a zah\u00e1jila svou cestu se z\u00e1vazkem k dokonalosti. V TryVary jsme hrd\u00ed na to, \u017ee tvo\u0159\u00edme <br><br>inovativn\u00ed digit\u00e1ln\u00ed \u0159e\u0161en\u00ed, kter\u00e1 vylep\u0161uj\u00ed u\u017eivatelsk\u00e9 zku\u0161enosti a zjednodu\u0161uj\u00ed ka\u017edodenn\u00ed \u00fakoly. N\u00e1\u0161 t\u00fdm specializovan\u00fdch profesion\u00e1l\u016f vyvinul vysoce kvalitn\u00ed aplikace a platformy, v\u010detn\u011b renomovan\u00e9 platformy Proudly, kterou pou\u017e\u00edvaj\u00ed spole\u010dnosti jako Xiaomi.<br><br>Nyn\u00ed, po akvizici spole\u010dnost\u00ed Foundy Company, se TryVary ofici\u00e1ln\u011b p\u0159eorientovala na v\u00fdrobu PCB. Jsme zodpov\u011bdn\u00ed za v\u00fdvoj a \u0159\u00edzen\u00ed nejmodern\u011bj\u0161\u00edch proces\u016f, kter\u00e9 se pod\u00edlej\u00ed na vytv\u00e1\u0159en\u00ed vysoce kvalitn\u00edch PCB, a pokra\u010dujeme v na\u0161em d\u011bdictv\u00ed inovac\u00ed a kvality.<br><br>TryVary slou\u017eila \u0161irok\u00e9 \u0161k\u00e1le klient\u016f po cel\u00e9m sv\u011bt\u011b a poskytovala slu\u017eby v odv\u011btv\u00edch, jako jsou telekomunikace, automobilov\u00fd pr\u016fmysl, leteck\u00fd pr\u016fmysl a dal\u0161\u00ed.<\/p><\/div><\/div>\n<\/div>\n<\/div>\n<\/div><\/div>\n\n\n\n<div class=\"wp-block-uagb-container uagb-block-cc344175 alignfull uagb-is-root-container\"><div class=\"uagb-container-inner-blocks-wrap\">\n<div class=\"wp-block-uagb-advanced-heading uagb-block-7b2294a3\"><h2 class=\"uagb-heading-text\">Na\u0161e z\u00e1kladn\u00ed hodnoty<\/h2><p class=\"uagb-desc-text\">Hlavn\u00ed z\u00e1sady, kter\u00e9 definuj\u00ed z\u00e1vazek spole\u010dnosti Try Vary ke kvalit\u011b a dokonalosti slu\u017eeb<\/p><\/div>\n\n\n\n<div class=\"wp-block-uagb-container uagb-block-ecb8dade\">\n<div class=\"wp-block-uagb-advanced-heading uagb-block-bef7d43a\"><h3 class=\"uagb-heading-text\">Kvalitn\u00ed<\/h3><p class=\"uagb-desc-text\">Up\u0159ednost\u0148ujeme kvalitu v ka\u017ed\u00e9m kroku na\u0161eho v\u00fdrobn\u00edho procesu a zaji\u0161\u0165ujeme, \u017ee ka\u017ed\u00fd produkt PCB spl\u0148uje nejvy\u0161\u0161\u00ed standardy dokonalosti.<\/p><\/div>\n\n\n\n<div class=\"wp-block-uagb-advanced-heading uagb-block-b863782d\"><h3 class=\"uagb-heading-text\">Spolehlivost<\/h3><p class=\"uagb-desc-text\">N\u00e1\u0161 z\u00e1vazek ke spolehlivosti je neochv\u011bjn\u00fd. Klienti d\u016fv\u011b\u0159uj\u00ed Try Vary pro konzistentn\u00ed a spolehliv\u00e1 elektronick\u00e1 \u0159e\u0161en\u00ed, kter\u00e1 spl\u0148uj\u00ed jejich pot\u0159eby.<\/p><\/div>\n\n\n\n<div class=\"wp-block-uagb-advanced-heading uagb-block-9f890ad2\"><h3 class=\"uagb-heading-text\">Inovace<\/h3><p class=\"uagb-desc-text\">Ve spole\u010dnosti Try Vary inovace \u0159\u00edd\u00ed v\u0161e, co d\u011bl\u00e1me. Neust\u00e1le posouv\u00e1me hranice, abychom zdokonalili na\u0161e v\u00fdrobn\u00ed procesy a \u0159e\u0161en\u00ed PCB.<\/p><\/div>\n<\/div>\n<\/div><\/div>\n\n\n\n<div class=\"wp-block-uagb-container uagb-block-c84325e4 alignfull uagb-is-root-container\"><div class=\"uagb-container-inner-blocks-wrap\">\n<div class=\"wp-block-uagb-info-box uagb-block-d8a09d88 uagb-infobox__content-wrap  uagb-infobox-icon-above-title uagb-infobox-image-valign-top\"><div class=\"uagb-ifb-content\"><div class=\"uagb-ifb-title-wrap\"><h2 class=\"uagb-ifb-title\">Jste p\u0159ipraveni s n\u00e1mi spolupracovat?<\/h2><\/div><p class=\"uagb-ifb-desc\">Kontaktujte n\u00e1s je\u0161t\u011b dnes a prodiskutujte sv\u00e9 po\u017eadavky na PCB a za\u017eijte dokonalost v\u00fdrobn\u00edch slu\u017eeb TryVary.<\/p><div class=\"uagb-ifb-button-wrapper wp-block-button\"><a href=\"https:\/\/tryvary.com\/cs\/kontakt\/\" class=\"uagb-infobox-cta-link wp-block-button__link\" target=\"_self\" rel=\"noopener noreferrer\" onclick=\"return true;\" alt=\"\"><span class=\"uagb-inline-editing\">Z\u00edskejte cenovou nab\u00eddku<\/span><\/a><\/div><\/div><\/div>\n<\/div><\/div>","protected":false},"excerpt":{"rendered":"<p>Dokonalost v PCB N\u00e1\u0161 p\u0159\u00edb\u011bh Na\u0161e z\u00e1kladn\u00ed hodnoty Hlavn\u00ed z\u00e1sady, kter\u00e9 definuj\u00ed z\u00e1vazek spole\u010dnosti Try Vary ke kvalit\u011b a vynikaj\u00edc\u00edm slu\u017eb\u00e1m [\u2026]<\/p>","protected":false},"author":9,"featured_media":0,"parent":0,"menu_order":0,"comment_status":"closed","ping_status":"closed","template":"","meta":{"_uag_custom_page_level_css":"","site-sidebar-layout":"default","site-content-layout":"","ast-site-content-layout":"default","site-content-style":"default","site-sidebar-style":"default","ast-global-header-display":"","ast-banner-title-visibility":"","ast-main-header-display":"","ast-hfb-above-header-display":"","ast-hfb-below-header-display":"","ast-hfb-mobile-header-display":"","site-post-title":"disabled","ast-breadcrumbs-content":"","ast-featured-img":"","footer-sml-layout":"","ast-disable-related-posts":"","theme-transparent-header-meta":"enabled","adv-header-id-meta":"","stick-header-meta":"","header-above-stick-meta":"","header-main-stick-meta":"","header-below-stick-meta":"","astra-migrate-meta-layouts":"set","ast-page-background-enabled":"default","ast-page-background-meta":{"desktop":{"background-color":"var(--ast-global-color-4)","background-image":"","background-repeat":"repeat","background-position":"center center","background-size":"auto","background-attachment":"scroll","background-type":"","background-media":"","overlay-type":"","overlay-color":"","overlay-opacity":"","overlay-gradient":""},"tablet":{"background-color":"","background-image":"","background-repeat":"repeat","background-position":"center center","background-size":"auto","background-attachment":"scroll","background-type":"","background-media":"","overlay-type":"","overlay-color":"","overlay-opacity":"","overlay-gradient":""},"mobile":{"background-color":"","background-image":"","background-repeat":"repeat","background-position":"center center","background-size":"auto","background-attachment":"scroll","background-type":"","background-media":"","overlay-type":"","overlay-color":"","overlay-opacity":"","overlay-gradient":""}},"ast-content-background-meta":{"desktop":{"background-color":"var(--ast-global-color-5)","background-image":"","background-repeat":"repeat","background-position":"center center","background-size":"auto","background-attachment":"scroll","background-type":"","background-media":"","overlay-type":"","overlay-color":"","overlay-opacity":"","overlay-gradient":""},"tablet":{"background-color":"var(--ast-global-color-5)","background-image":"","background-repeat":"repeat","background-position":"center center","background-size":"auto","background-attachment":"scroll","background-type":"","background-media":"","overlay-type":"","overlay-color":"","overlay-opacity":"","overlay-gradient":""},"mobile":{"background-color":"var(--ast-global-color-5)","background-image":"","background-repeat":"repeat","background-position":"center center","background-size":"auto","background-attachment":"scroll","background-type":"","background-media":"","overlay-type":"","overlay-color":"","overlay-opacity":"","overlay-gradient":""}},"footnotes":""},"class_list":["post-118","page","type-page","status-publish","hentry"],"uagb_featured_image_src":{"full":false,"thumbnail":false,"medium":false,"medium_large":false,"large":false,"1536x1536":false,"2048x2048":false,"trp-custom-language-flag":false},"uagb_author_info":{"display_name":"Ben Lau","author_link":"https:\/\/tryvary.com\/cs\/author\/wsbpmbzuog4q\/"},"uagb_comment_info":0,"uagb_excerpt":"Excellence in PCB Our Story Our Core Values Guiding principles that define Try Vary\u2019s commitment to quality and service excellence [&hellip;]","_links":{"self":[{"href":"https:\/\/tryvary.com\/cs\/wp-json\/wp\/v2\/pages\/118","targetHints":{"allow":["GET"]}}],"collection":[{"href":"https:\/\/tryvary.com\/cs\/wp-json\/wp\/v2\/pages"}],"about":[{"href":"https:\/\/tryvary.com\/cs\/wp-json\/wp\/v2\/types\/page"}],"author":[{"embeddable":true,"href":"https:\/\/tryvary.com\/cs\/wp-json\/wp\/v2\/users\/9"}],"replies":[{"embeddable":true,"href":"https:\/\/tryvary.com\/cs\/wp-json\/wp\/v2\/comments?post=118"}],"version-history":[{"count":3,"href":"https:\/\/tryvary.com\/cs\/wp-json\/wp\/v2\/pages\/118\/revisions"}],"predecessor-version":[{"id":2369,"href":"https:\/\/tryvary.com\/cs\/wp-json\/wp\/v2\/pages\/118\/revisions\/2369"}],"wp:attachment":[{"href":"https:\/\/tryvary.com\/cs\/wp-json\/wp\/v2\/media?parent=118"}],"curies":[{"name":"wp","href":"https:\/\/api.w.org\/{rel}","templated":true}]}}