{"id":118,"date":"2023-06-27T09:35:35","date_gmt":"2023-06-27T09:35:35","guid":{"rendered":"https:\/\/straight-soules-cx.zipwp.link\/?page_id=118"},"modified":"2024-05-25T10:37:32","modified_gmt":"2024-05-25T10:37:32","slug":"about","status":"publish","type":"page","link":"https:\/\/tryvary.com\/az\/haqqinda\/","title":{"rendered":"Haqq\u0131nda"},"content":{"rendered":"<div class=\"wp-block-uagb-container uagb-block-7fa683e6 alignfull uagb-is-root-container\"><div class=\"uagb-container-inner-blocks-wrap\">\n<div class=\"wp-block-uagb-advanced-heading uagb-block-74b342eb\"><h1 class=\"uagb-heading-text\">PCB-d\u0259 m\u00fck\u0259mm\u0259llik<\/h1><\/div>\n<\/div><\/div>\n\n\n\n<div class=\"wp-block-uagb-container uagb-block-94ded581 alignfull uagb-is-root-container\"><div class=\"uagb-container-inner-blocks-wrap\">\n<div class=\"wp-block-uagb-advanced-heading uagb-block-671f3570\"><h2 class=\"uagb-heading-text\">Bizim Hekay\u0259miz<\/h2><\/div>\n\n\n\n<div class=\"wp-block-uagb-container uagb-block-21891d52\">\n<div class=\"wp-block-uagb-container uagb-block-8a4a99e4\">\n<div class=\"wp-block-uagb-image alignleft uagb-block-e71a6b83 wp-block-uagb-image--layout-default wp-block-uagb-image--effect-static wp-block-uagb-image--align-left\"><figure class=\"wp-block-uagb-image__figure\"><img decoding=\"async\" srcset=\"https:\/\/tryvary.com\/wp-content\/uploads\/2024\/05\/zipwp-image-16647936.jpeg ,https:\/\/tryvary.com\/wp-content\/uploads\/2024\/05\/zipwp-image-16647936.jpeg 780w\" sizes=\"auto, (max-width: 480px) 150px\" src=\"https:\/\/tryvary.com\/wp-content\/uploads\/2024\/05\/zipwp-image-16647936.jpeg\" alt=\"\" class=\"uag-image-1502\" width=\"526\" height=\"536\" title=\"\" loading=\"lazy\" role=\"img\"\/><\/figure><\/div>\n<\/div>\n\n\n\n<div class=\"wp-block-uagb-container uagb-block-7e959f87\">\n<div class=\"wp-block-uagb-info-box uagb-block-4960c374 uagb-infobox__content-wrap  uagb-infobox-icon-above-title uagb-infobox-image-valign-top\"><div class=\"uagb-ifb-content\"><div class=\"uagb-ifb-title-wrap\"><h3 class=\"uagb-ifb-title\">TryVary d\u00fcnya \u00fczr\u0259 m\u00fc\u015ft\u0259ril\u0259r\u0259 etibarl\u0131 v\u0259 s\u0259m\u0259r\u0259li elektron h\u0259ll\u0259r t\u0259qdim etm\u0259kl\u0259 f\u0259xr edir. \u015eirk\u0259t s\u00fcr\u0259tli xidm\u0259ti v\u0259 r\u0259qab\u0259tli qiym\u0259tl\u0259ri il\u0259 tan\u0131n\u0131r.<\/h3><\/div><p class=\"uagb-ifb-desc\">\u018fn y\u00fcks\u0259k s\u0259viyy\u0259li PCB istehsal\u0131 xidm\u0259tl\u0259ri t\u0259qdim etm\u0259k vizyonu il\u0259 qurulan TryVary, s\u0259yah\u0259tin\u0259 m\u00fck\u0259mm\u0259lliy\u0259 sadiqlik il\u0259 ba\u015flad\u0131. TryVary-d\u0259 biz yaratmaqla f\u0259xr edirik <br><br>istifad\u0259\u00e7i t\u0259cr\u00fcb\u0259l\u0259rini t\u0259kmill\u0259\u015fdir\u0259n v\u0259 g\u00fcnd\u0259lik i\u015fl\u0259ri asanla\u015fd\u0131ran innovativ r\u0259q\u0259msal h\u0259ll\u0259r. X\u00fcsusi pe\u015f\u0259karlardan ibar\u0259t komandam\u0131z Xiaomi kimi \u015firk\u0259tl\u0259r t\u0259r\u0259find\u0259n istifad\u0259 edil\u0259n m\u0259\u015fhur Proudly platformas\u0131 da daxil olmaqla y\u00fcks\u0259k keyfiyy\u0259tli proqramlar v\u0259 platformalar haz\u0131rlay\u0131b.<br><br>\u0130ndi, Foundy Company t\u0259r\u0259find\u0259n sat\u0131n al\u0131nd\u0131qdan sonra, TryVary r\u0259smi olaraq PCB istehsal\u0131na diqq\u0259t yetirm\u0259y\u0259 ke\u00e7di. Biz y\u00fcks\u0259k keyfiyy\u0259tli PCB-l\u0259rin yarad\u0131lmas\u0131nda i\u015ftirak ed\u0259n \u0259n m\u00fcasir prosesl\u0259rin i\u015fl\u0259nib haz\u0131rlanmas\u0131 v\u0259 idar\u0259 edilm\u0259si, innovasiya v\u0259 keyfiyy\u0259t irsimizi davam etdirm\u0259k \u00fc\u00e7\u00fcn m\u0259suliyy\u0259t da\u015f\u0131y\u0131r\u0131q.<br><br>TryVary, telekommunikasiya, avtomobil, aerokosmik v\u0259 s. kimi s\u0259naye sah\u0259l\u0259rin\u0259 xidm\u0259t g\u00f6st\u0259r\u0259n b\u00fct\u00fcn d\u00fcnyada m\u00fcxt\u0259lif m\u00fc\u015ft\u0259ril\u0259r\u0259 xidm\u0259t g\u00f6st\u0259rmi\u015fdir.<\/p><\/div><\/div>\n<\/div>\n<\/div>\n<\/div><\/div>\n\n\n\n<div class=\"wp-block-uagb-container uagb-block-cc344175 alignfull uagb-is-root-container\"><div class=\"uagb-container-inner-blocks-wrap\">\n<div class=\"wp-block-uagb-advanced-heading uagb-block-7b2294a3\"><h2 class=\"uagb-heading-text\">\u018fsas D\u0259y\u0259rl\u0259rimiz<\/h2><p class=\"uagb-desc-text\">Try Vary-nin keyfiyy\u0259t v\u0259 xidm\u0259t m\u00fck\u0259mm\u0259lliyin\u0259 sadiqliyini m\u00fc\u0259yy\u0259n ed\u0259n r\u0259hb\u0259r prinsipl\u0259r<\/p><\/div>\n\n\n\n<div class=\"wp-block-uagb-container uagb-block-ecb8dade\">\n<div class=\"wp-block-uagb-advanced-heading uagb-block-bef7d43a\"><h3 class=\"uagb-heading-text\">Keyfiyy\u0259t<\/h3><p class=\"uagb-desc-text\">Biz istehsal prosesimizin h\u0259r bir add\u0131m\u0131nda keyfiyy\u0259t\u0259 \u00fcst\u00fcnl\u00fck veririk, h\u0259r bir PCB m\u0259hsulunun \u0259n y\u00fcks\u0259k m\u00fck\u0259mm\u0259llik standartlar\u0131na cavab verm\u0259sini t\u0259min edirik.<\/p><\/div>\n\n\n\n<div class=\"wp-block-uagb-advanced-heading uagb-block-b863782d\"><h3 class=\"uagb-heading-text\">Etibarl\u0131l\u0131q<\/h3><p class=\"uagb-desc-text\">Etibarl\u0131l\u0131\u011fa olan \u00f6hd\u0259liyimiz sars\u0131lmazd\u0131r. M\u00fc\u015ft\u0259ril\u0259r ehtiyaclar\u0131na cavab ver\u0259n ard\u0131c\u0131l, etibarl\u0131 elektron h\u0259ll\u0259r \u00fc\u00e7\u00fcn Try Vary-\u0259 etibar edirl\u0259r.<\/p><\/div>\n\n\n\n<div class=\"wp-block-uagb-advanced-heading uagb-block-9f890ad2\"><h3 class=\"uagb-heading-text\">Yenilik<\/h3><p class=\"uagb-desc-text\">Try Vary-d\u0259 innovasiyalar etdiyimiz h\u0259r \u015feyi idar\u0259 edir. Biz PCB istehsal prosesl\u0259rimizi v\u0259 h\u0259ll\u0259rimizi t\u0259kmill\u0259\u015fdirm\u0259k \u00fc\u00e7\u00fcn davaml\u0131 olaraq s\u0259rh\u0259dl\u0259ri it\u0259l\u0259yirik.<\/p><\/div>\n<\/div>\n<\/div><\/div>\n\n\n\n<div class=\"wp-block-uagb-container uagb-block-c84325e4 alignfull uagb-is-root-container\"><div class=\"uagb-container-inner-blocks-wrap\">\n<div class=\"wp-block-uagb-info-box uagb-block-d8a09d88 uagb-infobox__content-wrap  uagb-infobox-icon-above-title uagb-infobox-image-valign-top\"><div class=\"uagb-ifb-content\"><div class=\"uagb-ifb-title-wrap\"><h2 class=\"uagb-ifb-title\">Biziml\u0259 T\u0259r\u0259fda\u015fl\u0131\u011fa Haz\u0131rs\u0131n\u0131z?<\/h2><\/div><p class=\"uagb-ifb-desc\">PCB t\u0259l\u0259bl\u0259rinizi m\u00fczakir\u0259 etm\u0259k v\u0259 TryVary-nin istehsal xidm\u0259tl\u0259rinin m\u00fck\u0259mm\u0259lliyini ya\u015famaq \u00fc\u00e7\u00fcn bu g\u00fcn biziml\u0259 \u0259laq\u0259 saxlay\u0131n.<\/p><div class=\"uagb-ifb-button-wrapper wp-block-button\"><a href=\"https:\/\/tryvary.com\/az\/\u0259laq\u0259-saxlayin\/\" class=\"uagb-infobox-cta-link wp-block-button__link\" target=\"_self\" rel=\"noopener noreferrer\" onclick=\"return true;\" alt=\"\"><span class=\"uagb-inline-editing\">Sitat \u0259ld\u0259 edin<\/span><\/a><\/div><\/div><\/div>\n<\/div><\/div>","protected":false},"excerpt":{"rendered":"<p>PCB-d\u0259 m\u00fck\u0259mm\u0259llik Hekay\u0259miz \u018fsas d\u0259y\u0259rl\u0259rimiz Try Vary-nin keyfiyy\u0259t v\u0259 xidm\u0259t m\u00fck\u0259mm\u0259lliyin\u0259 sadiqliyini m\u00fc\u0259yy\u0259n ed\u0259n r\u0259hb\u0259r prinsipl\u0259r [\u2026]<\/p>","protected":false},"author":9,"featured_media":0,"parent":0,"menu_order":0,"comment_status":"closed","ping_status":"closed","template":"","meta":{"_uag_custom_page_level_css":"","site-sidebar-layout":"default","site-content-layout":"","ast-site-content-layout":"default","site-content-style":"default","site-sidebar-style":"default","ast-global-header-display":"","ast-banner-title-visibility":"","ast-main-header-display":"","ast-hfb-above-header-display":"","ast-hfb-below-header-display":"","ast-hfb-mobile-header-display":"","site-post-title":"disabled","ast-breadcrumbs-content":"","ast-featured-img":"","footer-sml-layout":"","ast-disable-related-posts":"","theme-transparent-header-meta":"enabled","adv-header-id-meta":"","stick-header-meta":"","header-above-stick-meta":"","header-main-stick-meta":"","header-below-stick-meta":"","astra-migrate-meta-layouts":"set","ast-page-background-enabled":"default","ast-page-background-meta":{"desktop":{"background-color":"var(--ast-global-color-4)","background-image":"","background-repeat":"repeat","background-position":"center center","background-size":"auto","background-attachment":"scroll","background-type":"","background-media":"","overlay-type":"","overlay-color":"","overlay-opacity":"","overlay-gradient":""},"tablet":{"background-color":"","background-image":"","background-repeat":"repeat","background-position":"center center","background-size":"auto","background-attachment":"scroll","background-type":"","background-media":"","overlay-type":"","overlay-color":"","overlay-opacity":"","overlay-gradient":""},"mobile":{"background-color":"","background-image":"","background-repeat":"repeat","background-position":"center center","background-size":"auto","background-attachment":"scroll","background-type":"","background-media":"","overlay-type":"","overlay-color":"","overlay-opacity":"","overlay-gradient":""}},"ast-content-background-meta":{"desktop":{"background-color":"var(--ast-global-color-5)","background-image":"","background-repeat":"repeat","background-position":"center center","background-size":"auto","background-attachment":"scroll","background-type":"","background-media":"","overlay-type":"","overlay-color":"","overlay-opacity":"","overlay-gradient":""},"tablet":{"background-color":"var(--ast-global-color-5)","background-image":"","background-repeat":"repeat","background-position":"center center","background-size":"auto","background-attachment":"scroll","background-type":"","background-media":"","overlay-type":"","overlay-color":"","overlay-opacity":"","overlay-gradient":""},"mobile":{"background-color":"var(--ast-global-color-5)","background-image":"","background-repeat":"repeat","background-position":"center center","background-size":"auto","background-attachment":"scroll","background-type":"","background-media":"","overlay-type":"","overlay-color":"","overlay-opacity":"","overlay-gradient":""}},"footnotes":""},"class_list":["post-118","page","type-page","status-publish","hentry"],"uagb_featured_image_src":{"full":false,"thumbnail":false,"medium":false,"medium_large":false,"large":false,"1536x1536":false,"2048x2048":false,"trp-custom-language-flag":false},"uagb_author_info":{"display_name":"Ben Lau","author_link":"https:\/\/tryvary.com\/az\/author\/wsbpmbzuog4q\/"},"uagb_comment_info":0,"uagb_excerpt":"Excellence in PCB Our Story Our Core Values Guiding principles that define Try Vary\u2019s commitment to quality and service excellence [&hellip;]","_links":{"self":[{"href":"https:\/\/tryvary.com\/az\/wp-json\/wp\/v2\/pages\/118","targetHints":{"allow":["GET"]}}],"collection":[{"href":"https:\/\/tryvary.com\/az\/wp-json\/wp\/v2\/pages"}],"about":[{"href":"https:\/\/tryvary.com\/az\/wp-json\/wp\/v2\/types\/page"}],"author":[{"embeddable":true,"href":"https:\/\/tryvary.com\/az\/wp-json\/wp\/v2\/users\/9"}],"replies":[{"embeddable":true,"href":"https:\/\/tryvary.com\/az\/wp-json\/wp\/v2\/comments?post=118"}],"version-history":[{"count":3,"href":"https:\/\/tryvary.com\/az\/wp-json\/wp\/v2\/pages\/118\/revisions"}],"predecessor-version":[{"id":2369,"href":"https:\/\/tryvary.com\/az\/wp-json\/wp\/v2\/pages\/118\/revisions\/2369"}],"wp:attachment":[{"href":"https:\/\/tryvary.com\/az\/wp-json\/wp\/v2\/media?parent=118"}],"curies":[{"name":"wp","href":"https:\/\/api.w.org\/{rel}","templated":true}]}}